{"id":12,"date":"2021-05-26T11:10:10","date_gmt":"2021-05-26T09:10:10","guid":{"rendered":"https:\/\/wp-vorlage-elementor.um-server.de\/?page_id=12"},"modified":"2024-10-10T16:49:19","modified_gmt":"2024-10-10T14:49:19","slug":"impressum","status":"publish","type":"page","link":"https:\/\/varify.io\/en\/imprint\/","title":{"rendered":"Imprint"},"content":{"rendered":"<div data-elementor-type=\"wp-page\" data-elementor-id=\"12\" class=\"elementor elementor-12\" data-elementor-post-type=\"page\">\n\t\t\t\t\t\t<section data-particle_enable=\"false\" data-particle-mobile-disabled=\"false\" class=\"elementor-section elementor-top-section elementor-element elementor-element-4a13d94 elementor-section-boxed elementor-section-height-default elementor-section-height-default\" data-id=\"4a13d94\" data-element_type=\"section\" data-e-type=\"section\">\n\t\t\t\t\t\t<div class=\"elementor-container elementor-column-gap-default\">\n\t\t\t\t\t<div class=\"elementor-column elementor-col-100 elementor-top-column elementor-element elementor-element-845e63f\" data-id=\"845e63f\" data-element_type=\"column\" data-e-type=\"column\">\n\t\t\t<div class=\"elementor-widget-wrap elementor-element-populated\">\n\t\t\t\t\t\t<div class=\"elementor-element elementor-element-4a3e290 elementor-widget elementor-widget-heading\" data-id=\"4a3e290\" data-element_type=\"widget\" data-e-type=\"widget\" data-widget_type=\"heading.default\">\n\t\t\t\t<div class=\"elementor-widget-container\">\n\t\t\t\t\t<h1 class=\"elementor-heading-title elementor-size-default\">Imprint<\/h1>\t\t\t\t<\/div>\n\t\t\t\t<\/div>\n\t\t\t\t<div class=\"elementor-element elementor-element-d4c38c3 elementor-widget elementor-widget-text-editor\" data-id=\"d4c38c3\" data-element_type=\"widget\" data-e-type=\"widget\" data-widget_type=\"text-editor.default\">\n\t\t\t\t<div class=\"elementor-widget-container\">\n\t\t\t\t\t\t\t\t\t<h3>Information according to \u00a7 5 TMG<\/h3><p>Varify Software GmbH<br \/>S\u00fcdliche M\u00fcnchner Stra\u00dfe 55<br \/>82031 Gr\u00fcnwald<\/p><p>Munich Local Court HRB 289569<br \/>Sales tax identification number: DE366335230<\/p><p><strong>Represented by the shareholders:<\/strong><br \/>Thomas B. Kraus, Daniel Schalow, Steffen Schulz<\/p><h3>Contact<\/h3><p>Phone: +49 89 21909123 0<br \/>E-mail: info@varify.io<\/p><h3>Dispute resolution<\/h3><p>The European Commission provides a platform for online dispute resolution (OS): <a href=\"https:\/\/ec.europa.eu\/consumers\/odr\" target=\"_blank\" rel=\"noopener noreferrer\">https:\/\/ec.europa.eu\/consumers\/odr<\/a>.<br \/>You can find our e-mail address in the imprint above.<\/p><p>We are not willing or obliged to participate in dispute resolution proceedings before a consumer arbitration board.<\/p><h3>Liability for contents<\/h3><p>As a service provider, we are responsible for our own content on these pages in accordance with general legislation pursuant to Section 7 (1) of the German Telemedia Act (TMG). According to \u00a7\u00a7 8 to 10 TMG, however, we are not obligated as a service provider to monitor transmitted or stored third-party information or to investigate circumstances that indicate illegal activity.<\/p><p>Obligations to remove or block the use of information according to general laws remain unaffected. However, liability in this regard is only possible from the time of knowledge of a concrete infringement. If we become aware of such infringements, we will remove this content immediately.<\/p><h3>Liability for links<\/h3><p>Our offer contains links to external websites of third parties, on whose contents we have no influence. Therefore, we cannot assume any liability for these external contents. The respective provider or operator of the pages is always responsible for the content of the linked pages. The linked pages were checked for possible legal violations at the time of linking. Illegal contents were not recognizable at the time of linking.<\/p><p>However, a permanent control of the contents of the linked pages is not reasonable without concrete evidence of a violation of the law. If we become aware of any infringements, we will remove such links immediately.<\/p><h3><strong>Insurance<\/strong><\/h3><p>Varify GmbH has insurance for IT companies with the specialist insurer Hiscox.<\/p><p><a href=\"https:\/\/varify.io\/wp-content\/uploads\/2023\/03\/hiscox-versichert-siegel_2023.pdf\"><img decoding=\"async\" src=\"https:\/\/varify.io\/wp-content\/uploads\/2023\/03\/hiscox-versichert-siegel_2023-pdf-150x150.jpg\" alt=\"\" width=\"150\" height=\"150\" \/><\/a><\/p><h3>Copyright<\/h3><p>The content and works created by the site operators on these pages are subject to German copyright law. The reproduction, editing, distribution and any kind of exploitation outside the limits of copyright require the written consent of the respective author or creator. Downloads and copies of this site are only permitted for private, non-commercial use.<\/p><p>Insofar as the content on this page was not created by the operator, the copyrights of third parties are respected. In particular, third-party content is identified as such. Should you nevertheless become aware of a copyright infringement, we request that you notify us accordingly. If we become aware of any infringements, we will remove such content immediately.<\/p><p>Source: <a href=\"https:\/\/www.e-recht24.de\/impressum-generator.html\" target=\"_blank\" rel=\"noopener\">https:\/\/www.e-recht24.de\/impressum-generator.html<\/a><\/p>\t\t\t\t\t\t\t\t<\/div>\n\t\t\t\t<\/div>\n\t\t\t\t\t<\/div>\n\t\t<\/div>\n\t\t\t\t\t<\/div>\n\t\t<\/section>\n\t\t\t\t<\/div>","protected":false},"excerpt":{"rendered":"<p>Impressum Angaben gem\u00e4\u00df \u00a7 5 TMG Varify Software GmbHS\u00fcdliche M\u00fcnchner Stra\u00dfe 5582031 Gr\u00fcnwald Amtsgericht M\u00fcnchen HRB 289569Umsatzsteuer-Identifikationsnummer: DE366335230 Vertreten durch die Gesellschafter:Thomas B. Kraus, Daniel Schalow, Steffen Schulz Kontakt Telefon: +49 89 21909123 0E-Mail: info@varify.io Streitschlichtung Die Europ\u00e4ische Kommission stellt eine Plattform zur Online-Streitbeilegung (OS) bereit: https:\/\/ec.europa.eu\/consumers\/odr.Unsere E-Mail-Adresse finden Sie oben im Impressum. Wir sind [&hellip;]<\/p>\n","protected":false},"author":1,"featured_media":0,"parent":0,"menu_order":0,"comment_status":"closed","ping_status":"closed","template":"","meta":{"inline_featured_image":false,"footnotes":""},"class_list":["post-12","page","type-page","status-publish","hentry"],"_links":{"self":[{"href":"https:\/\/varify.io\/en\/wp-json\/wp\/v2\/pages\/12","targetHints":{"allow":["GET"]}}],"collection":[{"href":"https:\/\/varify.io\/en\/wp-json\/wp\/v2\/pages"}],"about":[{"href":"https:\/\/varify.io\/en\/wp-json\/wp\/v2\/types\/page"}],"author":[{"embeddable":true,"href":"https:\/\/varify.io\/en\/wp-json\/wp\/v2\/users\/1"}],"replies":[{"embeddable":true,"href":"https:\/\/varify.io\/en\/wp-json\/wp\/v2\/comments?post=12"}],"version-history":[{"count":66,"href":"https:\/\/varify.io\/en\/wp-json\/wp\/v2\/pages\/12\/revisions"}],"predecessor-version":[{"id":33075,"href":"https:\/\/varify.io\/en\/wp-json\/wp\/v2\/pages\/12\/revisions\/33075"}],"wp:attachment":[{"href":"https:\/\/varify.io\/en\/wp-json\/wp\/v2\/media?parent=12"}],"curies":[{"name":"wp","href":"https:\/\/api.w.org\/{rel}","templated":true}]}}