{"id":19668,"date":"2023-04-19T23:12:05","date_gmt":"2023-04-19T21:12:05","guid":{"rendered":"https:\/\/varify.io\/?page_id=19668"},"modified":"2025-07-02T09:44:51","modified_gmt":"2025-07-02T07:44:51","slug":"gewinnspiel-bedingungen","status":"publish","type":"page","link":"https:\/\/varify.io\/en\/sweepstakes-terms-and-conditions\/","title":{"rendered":"Conditions for sweepstakes"},"content":{"rendered":"<div data-elementor-type=\"wp-page\" data-elementor-id=\"19668\" class=\"elementor elementor-19668\" data-elementor-post-type=\"page\">\n\t\t\t\t\t\t<section data-particle_enable=\"false\" data-particle-mobile-disabled=\"false\" class=\"elementor-section elementor-top-section elementor-element elementor-element-3486c9c elementor-section-boxed elementor-section-height-default elementor-section-height-default\" data-id=\"3486c9c\" data-element_type=\"section\" data-e-type=\"section\">\n\t\t\t\t\t\t<div class=\"elementor-container elementor-column-gap-default\">\n\t\t\t\t\t<div class=\"elementor-column elementor-col-100 elementor-top-column elementor-element elementor-element-69399e4\" data-id=\"69399e4\" data-element_type=\"column\" data-e-type=\"column\">\n\t\t\t<div class=\"elementor-widget-wrap elementor-element-populated\">\n\t\t\t\t\t\t<div class=\"elementor-element elementor-element-b064dd6 elementor-widget elementor-widget-text-editor\" data-id=\"b064dd6\" data-element_type=\"widget\" data-e-type=\"widget\" data-widget_type=\"text-editor.default\">\n\t\t\t\t<div class=\"elementor-widget-container\">\n\t\t\t\t\t\t\t\t\t<p data-start=\"57\" data-end=\"185\"><\/p>\n<p data-start=\"248\" data-end=\"480\"><strong data-start=\"248\" data-end=\"263\">General<\/strong><br data-start=\"263\" data-end=\"266\">The competition is organized by Varify Software GmbH, S\u00fcdliche M\u00fcnchner Str. 55, 82031 Gr\u00fcnwald.<br data-start=\"363\" data-end=\"366\">The competition is not affiliated with LinkedIn and is not sponsored or promoted by LinkedIn.<\/p>\n<hr data-start=\"482\" data-end=\"485\">\n<p data-start=\"487\" data-end=\"709\"><strong data-start=\"487\" data-end=\"511\">Conditions of participation<\/strong><br data-start=\"511\" data-end=\"514\">All persons 18 years of age and older are eligible to participate.<br data-start=\"566\" data-end=\"569\">Employees and persons involved in the organization and implementation of the competition are excluded from participation.<\/p>\n<p data-start=\"711\" data-end=\"936\">We reserve the right to exclude from participation any person who manipulates or attempts to manipulate the participation process, the system and\/or the draw or violates the conditions of participation.<\/p>\n<p data-start=\"938\" data-end=\"1065\">In the case of an excluded winner, the prize may be subsequently withdrawn and a substitute winner determined.<\/p>\n<hr data-start=\"1067\" data-end=\"1070\">\n<p data-start=\"1072\" data-end=\"1156\"><strong data-start=\"1072\" data-end=\"1101\">Duration of the competition<\/strong><br data-start=\"1101\" data-end=\"1104\">The competition runs from 02.07.2025 to 17.07.2025.<\/p>\n<hr data-start=\"1158\" data-end=\"1161\">\n<p data-start=\"1163\" data-end=\"1440\"><strong data-start=\"1163\" data-end=\"1176\">Participation<\/strong><br data-start=\"1176\" data-end=\"1179\">Participation is free of charge. To take part, comment on the LinkedIn post and leave a \"Like\".<br data-start=\"1292\" data-end=\"1295\">Each person may only enter this competition once. The use of multiple LinkedIn accounts or automated comments is prohibited.<\/p>\n<hr data-start=\"1442\" data-end=\"1445\">\n<p data-start=\"1447\" data-end=\"1524\"><strong data-start=\"1447\" data-end=\"1467\">Closing date<\/strong><br data-start=\"1467\" data-end=\"1470\">The closing date for entries is 17.07.2025, at 23:59.<\/p>\n<hr data-start=\"1526\" data-end=\"1529\">\n<p data-start=\"1531\" data-end=\"1707\"><strong data-start=\"1531\" data-end=\"1562\">Sweepstakes procedure and prize<\/strong><br data-start=\"1562\" data-end=\"1565\">The book \"Conversion Optimization - Successful Websites and Digital Campaigns\" by Tobias Loosschelders and the \"Psychological Trigger\" card set from Varify will be raffled off among all participants.<\/p>\n<hr data-start=\"1709\" data-end=\"1712\">\n<p data-start=\"1714\" data-end=\"2108\"><strong data-start=\"1714\" data-end=\"1785\">Notification of winners and acceptance of the prize by the deadline<\/strong><br data-start=\"1785\" data-end=\"1788\">After the draw, the winner will be mentioned in the comments of the post. Notification is without guarantee.<br data-start=\"1902\" data-end=\"1905\">The winner will be selected on 16.07.2025 and notified in the comments. The winners must send their address by 11:00 a.m. on 21.07.2025 at the latest by private message. Otherwise the prize will be forfeited.<\/p>\n<hr data-start=\"2110\" data-end=\"2113\">\n<p data-start=\"2115\" data-end=\"2310\"><strong data-start=\"2115\" data-end=\"2147\">Profit processing and costs<\/strong><br data-start=\"2147\" data-end=\"2150\">The prize cannot be paid out in cash or exchanged. The transfer of the prize claim to third parties is excluded as the prize is personal.<\/p>\n<hr data-start=\"2312\" data-end=\"2315\">\n<p data-start=\"2317\" data-end=\"2608\"><strong data-start=\"2317\" data-end=\"2332\">Privacy<\/strong><br data-start=\"2332\" data-end=\"2335\">The data collected as part of participation in the competition will be stored for the purpose of running and processing the competition and then deleted. We guarantee the highest standard of data protection and comply with all relevant legal provisions.<\/p>\n<hr data-start=\"2610\" data-end=\"2613\">\n<p data-start=\"2615\" data-end=\"2969\"><strong data-start=\"2615\" data-end=\"2626\">Liability<\/strong><br data-start=\"2626\" data-end=\"2629\">In the event of damage caused by slight negligence, we shall only be liable in the event of a breach of a material contractual obligation, and only to the extent of typical and foreseeable damage. This limitation of liability shall not apply in the event of damage to life, limb or health or in the event of mandatory statutory liability.<\/p>\n<hr data-start=\"2971\" data-end=\"2974\">\n<p data-start=\"2976\" data-end=\"3269\"><strong data-start=\"2976\" data-end=\"3001\">Early termination<\/strong><br data-start=\"3001\" data-end=\"3004\">We reserve the right to cancel or change the competition in whole or in part at any time if technical, legal or force majeure reasons prevent it from being carried out properly. In such cases, participants have no claims against us.<\/p>\n<hr data-start=\"3271\" data-end=\"3274\">\n<p data-start=\"3276\" data-end=\"3430\"><strong data-start=\"3276\" data-end=\"3317\">Notes and conditions of LinkedIn<\/strong><br data-start=\"3317\" data-end=\"3320\">The competition is not affiliated with LinkedIn. It is not sponsored, supported or organized by LinkedIn. All questions and comments regarding the competition should be directed to Varify GmbH and not to LinkedIn.<\/p>\n<hr data-start=\"3879\" data-end=\"3882\">\n<p data-start=\"3884\" data-end=\"4178\"><strong data-start=\"3884\" data-end=\"3897\">Other<\/strong><br data-start=\"3897\" data-end=\"3900\">Should individual provisions of these conditions of participation be or become invalid, this shall not affect the validity of the remaining provisions. We may change the conditions of participation at any time. Legal recourse is excluded and German law applies exclusively.<\/p>\t\t\t\t\t\t\t\t<\/div>\n\t\t\t\t<\/div>\n\t\t\t\t\t<\/div>\n\t\t<\/div>\n\t\t\t\t\t<\/div>\n\t\t<\/section>\n\t\t\t\t<\/div>","protected":false},"excerpt":{"rendered":"<p>AllgemeinesDas Gewinnspiel wird von der Varify Software GmbH, S\u00fcdliche M\u00fcnchner Str. 55, 82031 Gr\u00fcnwald durchgef\u00fchrt.Das Gewinnspiel steht in keiner Verbindung zu LinkedIn und wird auch nicht von LinkedIn gesponsert oder gef\u00f6rdert. TeilnahmebedingungenTeilnahmeberechtigt sind alle Personen ab 18 Jahren.Mitarbeiter und Personen, die an der Organisation und Durchf\u00fchrung des Gewinnspiels beteiligt sind, sind von der Teilnahme ausgeschlossen. [&hellip;]<\/p>\n","protected":false},"author":3,"featured_media":0,"parent":0,"menu_order":0,"comment_status":"closed","ping_status":"closed","template":"","meta":{"inline_featured_image":false,"footnotes":""},"class_list":["post-19668","page","type-page","status-publish","hentry"],"_links":{"self":[{"href":"https:\/\/varify.io\/en\/wp-json\/wp\/v2\/pages\/19668","targetHints":{"allow":["GET"]}}],"collection":[{"href":"https:\/\/varify.io\/en\/wp-json\/wp\/v2\/pages"}],"about":[{"href":"https:\/\/varify.io\/en\/wp-json\/wp\/v2\/types\/page"}],"author":[{"embeddable":true,"href":"https:\/\/varify.io\/en\/wp-json\/wp\/v2\/users\/3"}],"replies":[{"embeddable":true,"href":"https:\/\/varify.io\/en\/wp-json\/wp\/v2\/comments?post=19668"}],"version-history":[{"count":30,"href":"https:\/\/varify.io\/en\/wp-json\/wp\/v2\/pages\/19668\/revisions"}],"predecessor-version":[{"id":40616,"href":"https:\/\/varify.io\/en\/wp-json\/wp\/v2\/pages\/19668\/revisions\/40616"}],"wp:attachment":[{"href":"https:\/\/varify.io\/en\/wp-json\/wp\/v2\/media?parent=19668"}],"curies":[{"name":"wp","href":"https:\/\/api.w.org\/{rel}","templated":true}]}}