{"id":31981,"date":"2024-08-20T17:53:23","date_gmt":"2024-08-20T15:53:23","guid":{"rendered":"https:\/\/varify.io\/?page_id=31981"},"modified":"2025-05-15T09:37:58","modified_gmt":"2025-05-15T07:37:58","slug":"a-b-test-laufzeitrechner","status":"publish","type":"page","link":"https:\/\/varify.io\/en\/a-b-test-runtime-calculator\/","title":{"rendered":"A\/B test runtime calculator"},"content":{"rendered":"<div data-elementor-type=\"wp-page\" data-elementor-id=\"31981\" class=\"elementor elementor-31981\" data-elementor-post-type=\"page\">\n\t\t\t\t\t\t<section data-particle_enable=\"false\" data-particle-mobile-disabled=\"false\" class=\"elementor-section elementor-top-section elementor-element elementor-element-d50a0e4 elementor-section-boxed elementor-section-height-default elementor-section-height-default\" data-id=\"d50a0e4\" data-element_type=\"section\" data-e-type=\"section\">\n\t\t\t\t\t\t<div class=\"elementor-container elementor-column-gap-default\">\n\t\t\t\t\t<div class=\"elementor-column elementor-col-100 elementor-top-column elementor-element elementor-element-88d4f9c\" data-id=\"88d4f9c\" data-element_type=\"column\" data-e-type=\"column\">\n\t\t\t<div class=\"elementor-widget-wrap elementor-element-populated\">\n\t\t\t\t\t\t<div class=\"elementor-element elementor-element-5269610 elementor-widget elementor-widget-heading\" data-id=\"5269610\" data-element_type=\"widget\" data-e-type=\"widget\" data-widget_type=\"heading.default\">\n\t\t\t\t<div class=\"elementor-widget-container\">\n\t\t\t\t\t<h2 class=\"elementor-heading-title elementor-size-default\">A\/B test - Runtime calculator V 1.0 <\/h2>\t\t\t\t<\/div>\n\t\t\t\t<\/div>\n\t\t\t\t\t<\/div>\n\t\t<\/div>\n\t\t\t\t\t<\/div>\n\t\t<\/section>\n\t\t\t\t<section data-particle_enable=\"false\" data-particle-mobile-disabled=\"false\" class=\"elementor-section elementor-top-section elementor-element elementor-element-4bdda56 elementor-section-boxed elementor-section-height-default elementor-section-height-default\" data-id=\"4bdda56\" data-element_type=\"section\" data-e-type=\"section\">\n\t\t\t\t\t\t<div class=\"elementor-container elementor-column-gap-default\">\n\t\t\t\t\t<div class=\"elementor-column elementor-col-100 elementor-top-column elementor-element elementor-element-b466e56\" data-id=\"b466e56\" data-element_type=\"column\" data-e-type=\"column\">\n\t\t\t<div class=\"elementor-widget-wrap elementor-element-populated\">\n\t\t\t\t\t\t<div class=\"elementor-element elementor-element-71d80a7 elementor-widget__width-initial elementor-hidden-mobile elementor-widget elementor-widget-text-editor\" data-id=\"71d80a7\" data-element_type=\"widget\" data-e-type=\"widget\" data-widget_type=\"text-editor.default\">\n\t\t\t\t<div class=\"elementor-widget-container\">\n\t\t\t\t\t\t\t\t\t<p><a href=\"#info-calc\">More information<\/a><\/p>\t\t\t\t\t\t\t\t<\/div>\n\t\t\t\t<\/div>\n\t\t\t\t<div class=\"elementor-element elementor-element-7a8ebe2 elementor-widget elementor-widget-html\" data-id=\"7a8ebe2\" data-element_type=\"widget\" data-e-type=\"widget\" data-widget_type=\"html.default\">\n\t\t\t\t<div class=\"elementor-widget-container\">\n\t\t\t\t\t<link rel=\"stylesheet\" type=\"text\/css\" href=\"\/wp-content\/uploads\/laufzeitrechner\/stylesKopie2.css\">\n<script src=\"\/wp-content\/uploads\/laufzeitrechner\/d3.v5.min.js\"><\/script>\n<script src=\"\/wp-content\/uploads\/laufzeitrechner\/scriptsKopie6.js\"><\/script>\n<div class=\"container\">\n   <div id=\"inputs\" class=\"left-div\">\n      <div>\n         <label for=\"sizeA\">Number of visitors per month <\/label>\n         <input type=\"number\" id=\"visitorsPerDay\" placeholder=\"e.g. 30000\" value=\"30000\" \/>\n      <\/div>\n      <div>\n         <label for=\"successA\">Expected effect in % <\/label>\n         <input type=\"number\" id=\"uplift\" placeholder=\"e.g. 10\" value=\"10\" \/>\n      <\/div>\n      <div>\n         <label for=\"sizeB\">Number of variants (including control): <\/label>\n         <input type=\"number\" id=\"numVariants\" placeholder=\"e.g. 2\" value=\"2\" \/>\n      <\/div>\n      <div>\n         <label for=\"successB\">Conversion rate % of the Control: <\/label>\n         <input type=\"number\" id=\"currentCR\" placeholder=\"e.g. 3\" value=\"3\" \/>\n      <\/div>\n      <p id=\"srmWarnung\"><\/p>\n   <\/div>\n   <div id=\"inputs1\" class=\"left-div\">\n      \n      <div>\n         <label for=\"successA\">Confidence Level: <\/label>\n         <select id=\"confidenceLevel\">\n            <option value=\"0.1\">90%<\/option>\n            <option selected=\"selected\" value=\"0.05\">95%<\/option>\n            <option value=\"0.01\">99%<\/option>\n         <\/select>\n      <\/div>\n      <div id=\"cta\">\n         <button style=\"background-color:#15897B; \"onclick=\"berechneLaufzeit()\">Calculate<\/button>\n      <\/div>\n   <\/div>\n   \n   <p id=\"ergebnisLaufzeit\"><\/p>\n   \n\n   <br>\n   <div id=\"ergebnisTabelle\"><\/div>\n   <p id=\"pWert\"><\/p>\n   <div id=\"kurven\"><\/div>\n<\/div>\n\n\t\t\t\t<\/div>\n\t\t\t\t<\/div>\n\t\t\t\t<div class=\"elementor-element elementor-element-9768b88 elementor-widget__width-initial elementor-hidden-mobile elementor-view-default elementor-widget elementor-widget-icon\" data-id=\"9768b88\" data-element_type=\"widget\" data-e-type=\"widget\" data-widget_type=\"icon.default\">\n\t\t\t\t<div class=\"elementor-widget-container\">\n\t\t\t\t\t\t\t<div class=\"elementor-icon-wrapper\">\n\t\t\t<div class=\"elementor-icon\">\n\t\t\t<i aria-hidden=\"true\" class=\"fas fa-arrow-up\"><\/i>\t\t\t<\/div>\n\t\t<\/div>\n\t\t\t\t\t\t<\/div>\n\t\t\t\t<\/div>\n\t\t\t\t<div class=\"elementor-element elementor-element-17814cf elementor-widget__width-initial elementor-hidden-mobile elementor-widget elementor-widget-text-editor\" data-id=\"17814cf\" data-element_type=\"widget\" data-e-type=\"widget\" id=\"info-calc\" data-widget_type=\"text-editor.default\">\n\t\t\t\t<div class=\"elementor-widget-container\">\n\t\t\t\t\t\t\t\t\t<p>Would you like to carry out an A\/B test? Very good!<\/p><p>Now it is important to understand and plan the required time frame.<\/p><p>With our runtime calculator, you can precisely determine how long it will take until you have collected enough data to obtain reliable results. No matter how many variants you are testing or how high the expected uplift is - our tool will help you to optimally calculate the time required.<\/p>\t\t\t\t\t\t\t\t<\/div>\n\t\t\t\t<\/div>\n\t\t\t\t<div class=\"elementor-element elementor-element-6e2eb9d elementor-widget__width-initial elementor-hidden-desktop elementor-hidden-tablet elementor-view-default elementor-widget elementor-widget-icon\" data-id=\"6e2eb9d\" data-element_type=\"widget\" data-e-type=\"widget\" data-widget_type=\"icon.default\">\n\t\t\t\t<div class=\"elementor-widget-container\">\n\t\t\t\t\t\t\t<div class=\"elementor-icon-wrapper\">\n\t\t\t<div class=\"elementor-icon\">\n\t\t\t<i aria-hidden=\"true\" class=\"fas fa-arrow-circle-up\"><\/i>\t\t\t<\/div>\n\t\t<\/div>\n\t\t\t\t\t\t<\/div>\n\t\t\t\t<\/div>\n\t\t\t\t<div class=\"elementor-element elementor-element-45eb4b5 elementor-widget__width-initial elementor-hidden-desktop elementor-hidden-tablet elementor-widget elementor-widget-text-editor\" data-id=\"45eb4b5\" data-element_type=\"widget\" data-e-type=\"widget\" data-widget_type=\"text-editor.default\">\n\t\t\t\t<div class=\"elementor-widget-container\">\n\t\t\t\t\t\t\t\t\t<p>Would you like to carry out an A\/B test? Very good!<\/p><p>Now it is important to understand and plan the required time frame.<\/p><p>With our runtime calculator, you can precisely determine how long it will take until you have collected enough data to obtain reliable results. No matter how many variants you are testing or how high the expected uplift is - our tool will help you to optimally calculate the time required.<\/p>\t\t\t\t\t\t\t\t<\/div>\n\t\t\t\t<\/div>\n\t\t\t\t\t<\/div>\n\t\t<\/div>\n\t\t\t\t\t<\/div>\n\t\t<\/section>\n\t\t\t\t<section data-particle_enable=\"false\" data-particle-mobile-disabled=\"false\" class=\"elementor-section elementor-top-section elementor-element elementor-element-10cdc9d elementor-section-boxed elementor-section-height-default elementor-section-height-default\" data-id=\"10cdc9d\" data-element_type=\"section\" data-e-type=\"section\">\n\t\t\t\t\t\t<div class=\"elementor-container elementor-column-gap-default\">\n\t\t\t\t\t<div class=\"elementor-column elementor-col-100 elementor-top-column elementor-element elementor-element-7de0428\" data-id=\"7de0428\" data-element_type=\"column\" data-e-type=\"column\">\n\t\t\t<div class=\"elementor-widget-wrap elementor-element-populated\">\n\t\t\t\t\t\t<div class=\"elementor-element elementor-element-05de6ac elementor-widget elementor-widget-heading\" data-id=\"05de6ac\" data-element_type=\"widget\" data-e-type=\"widget\" data-widget_type=\"heading.default\">\n\t\t\t\t<div class=\"elementor-widget-container\">\n\t\t\t\t\t<h2 class=\"elementor-heading-title elementor-size-default\">How long does it take for your A\/B test to deliver significant results?<\/h2>\t\t\t\t<\/div>\n\t\t\t\t<\/div>\n\t\t\t\t<div class=\"elementor-element elementor-element-28283d6 elementor-widget elementor-widget-text-editor\" data-id=\"28283d6\" data-element_type=\"widget\" data-e-type=\"widget\" data-widget_type=\"text-editor.default\">\n\t\t\t\t<div class=\"elementor-widget-container\">\n\t\t\t\t\t\t\t\t\t<p>When you run A\/B tests on your website, you want to make sure that the customized version actually performs better than the original. To check this and rule out chance, it is crucial to calculate the necessary test runtime required to achieve statistically significant results.<\/p><p>In our runtime calculator, you enter the number of visitors per month, the number of test variants, the current conversion rate and the desired confidence level. The confidence level reflects how certain you can be that the results are not random.<\/p><p>For example, a confidence level of 95% means that you can say with 95%iger certainty that the results are significant if the calculated confidence level is reached.<\/p><p>Use our tool to calculate the runtime required for significant results and plan your tests more efficiently.<\/p><p>\u00a0<\/p>\t\t\t\t\t\t\t\t<\/div>\n\t\t\t\t<\/div>\n\t\t\t\t\t<\/div>\n\t\t<\/div>\n\t\t\t\t\t<\/div>\n\t\t<\/section>\n\t\t\t\t<section data-particle_enable=\"false\" data-particle-mobile-disabled=\"false\" class=\"elementor-section elementor-top-section elementor-element elementor-element-8b1f5a3 elementor-section-boxed elementor-section-height-default elementor-section-height-default\" data-id=\"8b1f5a3\" data-element_type=\"section\" data-e-type=\"section\">\n\t\t\t\t\t\t\t<div class=\"elementor-background-overlay\"><\/div>\n\t\t\t\t\t\t\t<div class=\"elementor-container elementor-column-gap-default\">\n\t\t\t\t\t<div class=\"elementor-column elementor-col-100 elementor-top-column elementor-element elementor-element-3cd7ecf\" data-id=\"3cd7ecf\" data-element_type=\"column\" data-e-type=\"column\">\n\t\t\t<div class=\"elementor-widget-wrap elementor-element-populated\">\n\t\t\t\t\t\t<div class=\"elementor-element elementor-element-b8a7366 elementor-widget elementor-widget-heading\" data-id=\"b8a7366\" data-element_type=\"widget\" data-e-type=\"widget\" data-widget_type=\"heading.default\">\n\t\t\t\t<div class=\"elementor-widget-container\">\n\t\t\t\t\t<h1 class=\"elementor-heading-title elementor-size-default\">One price - unlimited A\/B testing at Varify.io<\/h1>\t\t\t\t<\/div>\n\t\t\t\t<\/div>\n\t\t\t\t<div class=\"elementor-element elementor-element-d12780a elementor-widget elementor-widget-text-editor\" data-id=\"d12780a\" data-element_type=\"widget\" data-e-type=\"widget\" data-widget_type=\"text-editor.default\">\n\t\t\t\t<div class=\"elementor-widget-container\">\n\t\t\t\t\t\t\t\t\t<p>Your perfect alternative to all A\/B testing tools<\/p>\t\t\t\t\t\t\t\t<\/div>\n\t\t\t\t<\/div>\n\t\t\t\t<div class=\"elementor-element elementor-element-5694f0c elementor-hidden-desktop elementor-hidden-tablet elementor-icon-list--layout-traditional elementor-list-item-link-full_width elementor-widget elementor-widget-icon-list\" data-id=\"5694f0c\" data-element_type=\"widget\" data-e-type=\"widget\" data-widget_type=\"icon-list.default\">\n\t\t\t\t<div class=\"elementor-widget-container\">\n\t\t\t\t\t\t\t<ul class=\"elementor-icon-list-items\">\n\t\t\t\t\t\t\t<li class=\"elementor-icon-list-item\">\n\t\t\t\t\t\t\t\t\t\t\t<span class=\"elementor-icon-list-icon\">\n\t\t\t\t\t\t\t<i aria-hidden=\"true\" class=\"fas fa-check\"><\/i>\t\t\t\t\t\t<\/span>\n\t\t\t\t\t\t\t\t\t\t<span class=\"elementor-icon-list-text\"><b>Fixed price:<\/b> 119 \u20ac per month - no matter how much traffic or experiments<\/span>\n\t\t\t\t\t\t\t\t\t<\/li>\n\t\t\t\t\t\t\t\t<li class=\"elementor-icon-list-item\">\n\t\t\t\t\t\t\t\t\t\t\t<span class=\"elementor-icon-list-icon\">\n\t\t\t\t\t\t\t<i aria-hidden=\"true\" class=\"fas fa-check\"><\/i>\t\t\t\t\t\t<\/span>\n\t\t\t\t\t\t\t\t\t\t<span class=\"elementor-icon-list-text\"><b>Can be used anywhere:<\/b> Works on all websites &amp; store systems<\/span>\n\t\t\t\t\t\t\t\t\t<\/li>\n\t\t\t\t\t\t\t\t<li class=\"elementor-icon-list-item\">\n\t\t\t\t\t\t\t\t\t\t\t<span class=\"elementor-icon-list-icon\">\n\t\t\t\t\t\t\t<i aria-hidden=\"true\" class=\"fas fa-check\"><\/i>\t\t\t\t\t\t<\/span>\n\t\t\t\t\t\t\t\t\t\t<span class=\"elementor-icon-list-text\"><b>Beginner Friendly:<\/b> Even easier to use than Google Optimize<\/span>\n\t\t\t\t\t\t\t\t\t<\/li>\n\t\t\t\t\t\t<\/ul>\n\t\t\t\t\t\t<\/div>\n\t\t\t\t<\/div>\n\t\t\t\t<div class=\"elementor-element elementor-element-2893046 elementor-widget__width-initial elementor-hidden-desktop elementor-hidden-tablet elementor-widget elementor-widget-image\" data-id=\"2893046\" data-element_type=\"widget\" data-e-type=\"widget\" data-widget_type=\"image.default\">\n\t\t\t\t<div class=\"elementor-widget-container\">\n\t\t\t\t\t\t\t\t\t\t\t\t\t\t\t<img fetchpriority=\"high\" decoding=\"async\" width=\"330\" height=\"330\" src=\"https:\/\/varify.io\/wp-content\/uploads\/2023\/04\/3step-image.png\" class=\"attachment-large size-large wp-image-20002\" alt=\"\" srcset=\"https:\/\/varify.io\/wp-content\/uploads\/2023\/04\/3step-image.png 330w, https:\/\/varify.io\/wp-content\/uploads\/2023\/04\/3step-image-300x300.png 300w, https:\/\/varify.io\/wp-content\/uploads\/2023\/04\/3step-image-150x150.png 150w, https:\/\/varify.io\/wp-content\/uploads\/2023\/04\/3step-image-12x12.png 12w\" sizes=\"(max-width: 330px) 100vw, 330px\" \/>\t\t\t\t\t\t\t\t\t\t\t\t\t\t\t<\/div>\n\t\t\t\t<\/div>\n\t\t\t\t\t<\/div>\n\t\t<\/div>\n\t\t\t\t\t<\/div>\n\t\t<\/section>\n\t\t\t\t<section data-particle_enable=\"false\" data-particle-mobile-disabled=\"false\" class=\"elementor-section elementor-top-section elementor-element elementor-element-e3dcb08 elementor-section-boxed elementor-section-height-default elementor-section-height-default\" data-id=\"e3dcb08\" data-element_type=\"section\" data-e-type=\"section\">\n\t\t\t\t\t\t\t<div class=\"elementor-background-overlay\"><\/div>\n\t\t\t\t\t\t\t<div class=\"elementor-container elementor-column-gap-default\">\n\t\t\t\t\t<div class=\"elementor-column elementor-col-50 elementor-top-column elementor-element elementor-element-f1451a3\" data-id=\"f1451a3\" data-element_type=\"column\" data-e-type=\"column\">\n\t\t\t<div class=\"elementor-widget-wrap elementor-element-populated\">\n\t\t\t\t\t\t<div class=\"elementor-element elementor-element-c457173 elementor-icon-list--layout-traditional elementor-list-item-link-full_width elementor-widget elementor-widget-icon-list\" data-id=\"c457173\" data-element_type=\"widget\" data-e-type=\"widget\" data-widget_type=\"icon-list.default\">\n\t\t\t\t<div class=\"elementor-widget-container\">\n\t\t\t\t\t\t\t<ul class=\"elementor-icon-list-items\">\n\t\t\t\t\t\t\t<li class=\"elementor-icon-list-item\">\n\t\t\t\t\t\t\t\t\t\t\t<span class=\"elementor-icon-list-icon\">\n\t\t\t\t\t\t\t<i aria-hidden=\"true\" class=\"fas fa-check\"><\/i>\t\t\t\t\t\t<\/span>\n\t\t\t\t\t\t\t\t\t\t<span class=\"elementor-icon-list-text\"><b>Fixed price:<\/b> 119 \u20ac per month - no matter how much traffic or experiments<\/span>\n\t\t\t\t\t\t\t\t\t<\/li>\n\t\t\t\t\t\t\t\t<li class=\"elementor-icon-list-item\">\n\t\t\t\t\t\t\t\t\t\t\t<span class=\"elementor-icon-list-icon\">\n\t\t\t\t\t\t\t<i aria-hidden=\"true\" class=\"fas fa-check\"><\/i>\t\t\t\t\t\t<\/span>\n\t\t\t\t\t\t\t\t\t\t<span class=\"elementor-icon-list-text\"><b>Can be used anywhere:<\/b> Works on all websites &amp; store systems<\/span>\n\t\t\t\t\t\t\t\t\t<\/li>\n\t\t\t\t\t\t\t\t<li class=\"elementor-icon-list-item\">\n\t\t\t\t\t\t\t\t\t\t\t<span class=\"elementor-icon-list-icon\">\n\t\t\t\t\t\t\t<i aria-hidden=\"true\" class=\"fas fa-check\"><\/i>\t\t\t\t\t\t<\/span>\n\t\t\t\t\t\t\t\t\t\t<span class=\"elementor-icon-list-text\"><b>Beginner Friendly:<\/b> Even easier to use than Google Optimize<\/span>\n\t\t\t\t\t\t\t\t\t<\/li>\n\t\t\t\t\t\t<\/ul>\n\t\t\t\t\t\t<\/div>\n\t\t\t\t<\/div>\n\t\t\t\t<div class=\"elementor-element elementor-element-b5c7c59 elementor-widget elementor-widget-eael-creative-button\" data-id=\"b5c7c59\" data-element_type=\"widget\" data-e-type=\"widget\" data-widget_type=\"eael-creative-button.default\">\n\t\t\t\t<div class=\"elementor-widget-container\">\n\t\t\t\t\t        <div class=\"eael-creative-button-wrapper\">\n\n            <a class=\"eael-creative-button eael-creative-button--default\" href=\"https:\/\/varify.io\/en\/registration\/\" data-text=\"Go!\">\n            \t    \n                <div class=\"creative-button-inner\">\n\n                    \n                    <span class=\"cretive-button-text\">Test now 30 days free of charge<\/span>\n\n                                    <\/div>\n\t                        <\/a>\n        <\/div>\n        \t\t\t\t<\/div>\n\t\t\t\t<\/div>\n\t\t\t\t<div class=\"elementor-element elementor-element-4ea22a4 elementor-widget elementor-widget-text-editor\" data-id=\"4ea22a4\" data-element_type=\"widget\" data-e-type=\"widget\" data-widget_type=\"text-editor.default\">\n\t\t\t\t<div class=\"elementor-widget-container\">\n\t\t\t\t\t\t\t\t\t<p>No credit card required<\/p>\t\t\t\t\t\t\t\t<\/div>\n\t\t\t\t<\/div>\n\t\t\t\t<div class=\"elementor-element elementor-element-0b33f7e elementor-widget elementor-widget-image\" data-id=\"0b33f7e\" data-element_type=\"widget\" data-e-type=\"widget\" data-widget_type=\"image.default\">\n\t\t\t\t<div class=\"elementor-widget-container\">\n\t\t\t\t\t\t\t\t\t\t\t\t\t\t\t<img decoding=\"async\" width=\"170\" height=\"64\" src=\"https:\/\/varify.io\/wp-content\/uploads\/2025\/09\/OMR-top-rated-Q4_2024.png\" class=\"attachment-full size-full wp-image-20553\" alt=\"\" \/>\t\t\t\t\t\t\t\t\t\t\t\t\t\t\t<\/div>\n\t\t\t\t<\/div>\n\t\t\t\t\t<\/div>\n\t\t<\/div>\n\t\t\t\t<div class=\"elementor-column elementor-col-50 elementor-top-column elementor-element elementor-element-6a43b86\" data-id=\"6a43b86\" data-element_type=\"column\" data-e-type=\"column\">\n\t\t\t<div class=\"elementor-widget-wrap elementor-element-populated\">\n\t\t\t\t\t\t<div class=\"elementor-element elementor-element-e458ffc elementor-widget__width-initial elementor-widget elementor-widget-image\" data-id=\"e458ffc\" data-element_type=\"widget\" data-e-type=\"widget\" data-widget_type=\"image.default\">\n\t\t\t\t<div class=\"elementor-widget-container\">\n\t\t\t\t\t\t\t\t\t\t\t\t\t\t\t<img fetchpriority=\"high\" decoding=\"async\" width=\"330\" height=\"330\" src=\"https:\/\/varify.io\/wp-content\/uploads\/2023\/04\/3step-image.png\" class=\"attachment-large size-large wp-image-20002\" alt=\"\" srcset=\"https:\/\/varify.io\/wp-content\/uploads\/2023\/04\/3step-image.png 330w, https:\/\/varify.io\/wp-content\/uploads\/2023\/04\/3step-image-300x300.png 300w, https:\/\/varify.io\/wp-content\/uploads\/2023\/04\/3step-image-150x150.png 150w, https:\/\/varify.io\/wp-content\/uploads\/2023\/04\/3step-image-12x12.png 12w\" sizes=\"(max-width: 330px) 100vw, 330px\" \/>\t\t\t\t\t\t\t\t\t\t\t\t\t\t\t<\/div>\n\t\t\t\t<\/div>\n\t\t\t\t\t<\/div>\n\t\t<\/div>\n\t\t\t\t\t<\/div>\n\t\t<\/section>\n\t\t\t\t<\/div>","protected":false},"excerpt":{"rendered":"<p>A\/B-Test &#8211; Laufzeitrechner V 1.0 Zu den Informationen Anzahl der Besucher im Monat Erwarteter Effekt in % Anzahl der Varianten (inklusive Control): Conversion Rate % der Control: Confidence Level: 90%95%99% Calculate Du m\u00f6chtest einen A\/B-Test durchf\u00fchren? Sehr gut! Jetzt gilt es, den ben\u00f6tigten Zeitraum zu verstehen und zu planen. Mit unserem Laufzeitrechner kannst du pr\u00e4zise [&hellip;]<\/p>\n","protected":false},"author":3,"featured_media":0,"parent":0,"menu_order":0,"comment_status":"closed","ping_status":"closed","template":"","meta":{"inline_featured_image":false,"footnotes":""},"class_list":["post-31981","page","type-page","status-publish","hentry"],"_links":{"self":[{"href":"https:\/\/varify.io\/en\/wp-json\/wp\/v2\/pages\/31981","targetHints":{"allow":["GET"]}}],"collection":[{"href":"https:\/\/varify.io\/en\/wp-json\/wp\/v2\/pages"}],"about":[{"href":"https:\/\/varify.io\/en\/wp-json\/wp\/v2\/types\/page"}],"author":[{"embeddable":true,"href":"https:\/\/varify.io\/en\/wp-json\/wp\/v2\/users\/3"}],"replies":[{"embeddable":true,"href":"https:\/\/varify.io\/en\/wp-json\/wp\/v2\/comments?post=31981"}],"version-history":[{"count":63,"href":"https:\/\/varify.io\/en\/wp-json\/wp\/v2\/pages\/31981\/revisions"}],"predecessor-version":[{"id":39226,"href":"https:\/\/varify.io\/en\/wp-json\/wp\/v2\/pages\/31981\/revisions\/39226"}],"wp:attachment":[{"href":"https:\/\/varify.io\/en\/wp-json\/wp\/v2\/media?parent=31981"}],"curies":[{"name":"wp","href":"https:\/\/api.w.org\/{rel}","templated":true}]}}