{"id":5346,"date":"2019-09-09T18:25:10","date_gmt":"2019-09-09T18:25:10","guid":{"rendered":"https:\/\/varify.io\/?page_id=5346"},"modified":"2019-09-09T18:25:10","modified_gmt":"2019-09-09T18:25:10","slug":"upload-image","status":"publish","type":"page","link":"https:\/\/varify.io\/en\/dokumentation\/varianten-erstellen\/upload-image\/","title":{"rendered":"Upload image"},"content":{"rendered":"<p>You have the possibility to exchange an image on the page or add a new image. \"Upload Image\" is meant to upload an image that is not yet available online. The image is hosted at Varify.io and will be loaded when you call the variant. <\/p>\n\n\n\n<div class=\"wp-block-image\"><figure class=\"aligncenter is-resized\"><img decoding=\"async\" src=\"https:\/\/varify.io\/wp-content\/uploads\/2019\/09\/Bildschirmfoto-2019-09-09-um-20.42.57.png\" alt=\"\" class=\"wp-image-5357\" width=\"600\"\/><\/figure><\/div>\n\n\n\n<p>Do you want to use an image that you have already uploaded to your CMS? No problem. Use \"Edit HTML\" and simply replace the link of the image in your variant.<\/p>\n\n\n\n<form action=\"\">\n  <input type=\"button\" value=\"Back\" onclick=\"history.go(-1);return true;\">\n<input type=\"hidden\" name=\"trp-form-language\" value=\"en\"\/><\/form>","protected":false},"excerpt":{"rendered":"<p>Du hast die M\u00f6glichkeit ein Bild auf der Seite zu tauschen oder ein neues Bild hinzuzuf\u00fcgen. &#8220;Upload Image&#8221; ist daf\u00fcr gedacht ein Bild, dass noch nicht online verf\u00fcgbar ist, hochladen zu k\u00f6nnen. Das Bild wird bei Varify.io gehostet und wird beim Aufruf der Variante geladen. M\u00f6chtest du ein Bild verwenden, dass du schon in deinem [&hellip;]<\/p>\n","protected":false},"author":2,"featured_media":0,"parent":4341,"menu_order":0,"comment_status":"closed","ping_status":"closed","template":"","meta":{"inline_featured_image":false,"footnotes":""},"class_list":["post-5346","page","type-page","status-publish","hentry"],"_links":{"self":[{"href":"https:\/\/varify.io\/en\/wp-json\/wp\/v2\/pages\/5346","targetHints":{"allow":["GET"]}}],"collection":[{"href":"https:\/\/varify.io\/en\/wp-json\/wp\/v2\/pages"}],"about":[{"href":"https:\/\/varify.io\/en\/wp-json\/wp\/v2\/types\/page"}],"author":[{"embeddable":true,"href":"https:\/\/varify.io\/en\/wp-json\/wp\/v2\/users\/2"}],"replies":[{"embeddable":true,"href":"https:\/\/varify.io\/en\/wp-json\/wp\/v2\/comments?post=5346"}],"version-history":[{"count":0,"href":"https:\/\/varify.io\/en\/wp-json\/wp\/v2\/pages\/5346\/revisions"}],"up":[{"embeddable":true,"href":"https:\/\/varify.io\/en\/wp-json\/wp\/v2\/pages\/4341"}],"wp:attachment":[{"href":"https:\/\/varify.io\/en\/wp-json\/wp\/v2\/media?parent=5346"}],"curies":[{"name":"wp","href":"https:\/\/api.w.org\/{rel}","templated":true}]}}