{"id":12,"date":"2021-05-26T11:10:10","date_gmt":"2021-05-26T09:10:10","guid":{"rendered":"https:\/\/wp-vorlage-elementor.um-server.de\/?page_id=12"},"modified":"2024-10-10T16:49:19","modified_gmt":"2024-10-10T14:49:19","slug":"impressum","status":"publish","type":"page","link":"https:\/\/varify.io\/es\/imprimir\/","title":{"rendered":"Pie de imprenta"},"content":{"rendered":"<div data-elementor-type=\"wp-page\" data-elementor-id=\"12\" class=\"elementor elementor-12\" data-elementor-post-type=\"page\">\n\t\t\t\t\t\t<section data-particle_enable=\"false\" data-particle-mobile-disabled=\"false\" class=\"elementor-section elementor-top-section elementor-element elementor-element-4a13d94 elementor-section-boxed elementor-section-height-default elementor-section-height-default\" data-id=\"4a13d94\" data-element_type=\"section\" data-e-type=\"section\">\n\t\t\t\t\t\t<div class=\"elementor-container elementor-column-gap-default\">\n\t\t\t\t\t<div class=\"elementor-column elementor-col-100 elementor-top-column elementor-element elementor-element-845e63f\" data-id=\"845e63f\" data-element_type=\"column\" data-e-type=\"column\">\n\t\t\t<div class=\"elementor-widget-wrap elementor-element-populated\">\n\t\t\t\t\t\t<div class=\"elementor-element elementor-element-4a3e290 elementor-widget elementor-widget-heading\" data-id=\"4a3e290\" data-element_type=\"widget\" data-e-type=\"widget\" data-widget_type=\"heading.default\">\n\t\t\t\t<div class=\"elementor-widget-container\">\n\t\t\t\t\t<h1 class=\"elementor-heading-title elementor-size-default\">Pie de imprenta<\/h1>\t\t\t\t<\/div>\n\t\t\t\t<\/div>\n\t\t\t\t<div class=\"elementor-element elementor-element-d4c38c3 elementor-widget elementor-widget-text-editor\" data-id=\"d4c38c3\" data-element_type=\"widget\" data-e-type=\"widget\" data-widget_type=\"text-editor.default\">\n\t\t\t\t<div class=\"elementor-widget-container\">\n\t\t\t\t\t\t\t\t\t<h3>Informaci\u00f3n seg\u00fan \u00a7 5 TMG<\/h3><p>Varify Software GmbH<br \/>S\u00fcdliche M\u00fcnchner Stra\u00dfe 55<br \/>82031 Gr\u00fcnwald<\/p><p>Juzgado de Primera Instancia de M\u00fanich HRB 289569<br \/>N\u00famero de identificaci\u00f3n fiscal: DE366335230<\/p><p><strong>Representado por los accionistas:<\/strong><br \/>Thomas B. Kraus, Daniel Schalow, Steffen Schulz<\/p><h3>P\u00f3ngase en contacto con nosotros<\/h3><p>Tel\u00e9fono: +49 89 21909123 0<br \/>Correo electr\u00f3nico: info@varify.io<\/p><h3>Resoluci\u00f3n de litigios<\/h3><p>La Comisi\u00f3n Europea ofrece una plataforma para la resoluci\u00f3n de litigios en l\u00ednea (OS): <a href=\"https:\/\/ec.europa.eu\/consumers\/odr\" target=\"_blank\" rel=\"noopener noreferrer\">https:\/\/ec.europa.eu\/consumers\/odr<\/a>.<br \/>Encontrar\u00e1 nuestra direcci\u00f3n de correo electr\u00f3nico en el aviso legal anterior.<\/p><p>No estamos dispuestos ni obligados a participar en procedimientos de resoluci\u00f3n de litigios ante una junta arbitral de consumo.<\/p><h3>Responsabilidad por los contenidos<\/h3><p>Como proveedor de servicios, somos responsables de los contenidos propios de estas p\u00e1ginas de acuerdo con el art\u00edculo 7 (1) de la TMG (Ley alemana de medios de telecomunicaci\u00f3n) y la legislaci\u00f3n general. Sin embargo, seg\u00fan los art\u00edculos 8 a 10 de la TMG, como proveedores de servicios no estamos obligados a controlar la informaci\u00f3n de terceros transmitida o almacenada ni a investigar circunstancias que indiquen una actividad ilegal.<\/p><p>Esto no afecta a las obligaciones de eliminar o bloquear el uso de informaci\u00f3n de conformidad con la legislaci\u00f3n general. Sin embargo, la responsabilidad a este respecto s\u00f3lo ser\u00e1 posible a partir del momento en que tengamos conocimiento de una infracci\u00f3n concreta. En cuanto tengamos conocimiento de tales infracciones, eliminaremos inmediatamente estos contenidos.<\/p><h3>Responsabilidad de los enlaces<\/h3><p>Nuestro sitio web contiene enlaces a sitios web externos de terceros sobre cuyo contenido no tenemos ninguna influencia. Por lo tanto, no podemos aceptar ninguna responsabilidad por este contenido de terceros. El respectivo proveedor u operador de las p\u00e1ginas es siempre responsable del contenido de las p\u00e1ginas enlazadas. Las p\u00e1ginas enlazadas fueron revisadas en el momento de la vinculaci\u00f3n para detectar posibles infracciones legales. En el momento de establecer el enlace no se detectaron contenidos ilegales.<\/p><p>Sin embargo, no es razonable un control permanente del contenido de las p\u00e1ginas enlazadas sin pruebas concretas de una infracci\u00f3n. Si tenemos conocimiento de alguna infracci\u00f3n legal, eliminaremos dichos enlaces inmediatamente.<\/p><h3><strong>Seguros<\/strong><\/h3><p>Varify GmbH tiene un seguro para empresas de TI con la aseguradora especializada Hiscox.<\/p><p><a href=\"https:\/\/varify.io\/wp-content\/uploads\/2023\/03\/hiscox-versichert-siegel_2023.pdf\"><img decoding=\"async\" src=\"https:\/\/varify.io\/wp-content\/uploads\/2023\/03\/hiscox-versichert-siegel_2023-pdf-150x150.jpg\" alt=\"\" width=\"150\" height=\"150\" \/><\/a><\/p><h3>Copyright<\/h3><p>Los contenidos y obras creados por los operadores del sitio en estas p\u00e1ginas est\u00e1n sujetos a la legislaci\u00f3n alemana sobre derechos de autor. La reproducci\u00f3n, el procesamiento, la distribuci\u00f3n y cualquier tipo de utilizaci\u00f3n fuera de los l\u00edmites de la ley de derechos de autor requieren el consentimiento por escrito del respectivo autor o creador. Las descargas y copias de este sitio s\u00f3lo est\u00e1n permitidas para uso privado y no comercial.<\/p><p>En la medida en que el contenido de este sitio no haya sido creado por el operador, se respetan los derechos de autor de terceros. En particular, los contenidos de terceros est\u00e1n etiquetados como tales. No obstante, si tiene conocimiento de una infracci\u00f3n de los derechos de autor, le rogamos que nos lo comunique. Si tenemos conocimiento de alguna infracci\u00f3n, eliminaremos inmediatamente dicho contenido.<\/p><p>Fuente: <a href=\"https:\/\/www.e-recht24.de\/impressum-generator.html\" target=\"_blank\" rel=\"noopener\">https:\/\/www.e-recht24.de\/impressum-generator.html<\/a><\/p>\t\t\t\t\t\t\t\t<\/div>\n\t\t\t\t<\/div>\n\t\t\t\t\t<\/div>\n\t\t<\/div>\n\t\t\t\t\t<\/div>\n\t\t<\/section>\n\t\t\t\t<\/div>","protected":false},"excerpt":{"rendered":"<p>Impressum Angaben gem\u00e4\u00df \u00a7 5 TMG Varify Software GmbHS\u00fcdliche M\u00fcnchner Stra\u00dfe 5582031 Gr\u00fcnwald Amtsgericht M\u00fcnchen HRB 289569Umsatzsteuer-Identifikationsnummer: DE366335230 Vertreten durch die Gesellschafter:Thomas B. Kraus, Daniel Schalow, Steffen Schulz Kontakt Telefon: +49 89 21909123 0E-Mail: info@varify.io Streitschlichtung Die Europ\u00e4ische Kommission stellt eine Plattform zur Online-Streitbeilegung (OS) bereit: https:\/\/ec.europa.eu\/consumers\/odr.Unsere E-Mail-Adresse finden Sie oben im Impressum. Wir sind [&hellip;]<\/p>\n","protected":false},"author":1,"featured_media":0,"parent":0,"menu_order":0,"comment_status":"closed","ping_status":"closed","template":"","meta":{"inline_featured_image":false,"footnotes":""},"class_list":["post-12","page","type-page","status-publish","hentry"],"_links":{"self":[{"href":"https:\/\/varify.io\/es\/wp-json\/wp\/v2\/pages\/12","targetHints":{"allow":["GET"]}}],"collection":[{"href":"https:\/\/varify.io\/es\/wp-json\/wp\/v2\/pages"}],"about":[{"href":"https:\/\/varify.io\/es\/wp-json\/wp\/v2\/types\/page"}],"author":[{"embeddable":true,"href":"https:\/\/varify.io\/es\/wp-json\/wp\/v2\/users\/1"}],"replies":[{"embeddable":true,"href":"https:\/\/varify.io\/es\/wp-json\/wp\/v2\/comments?post=12"}],"version-history":[{"count":66,"href":"https:\/\/varify.io\/es\/wp-json\/wp\/v2\/pages\/12\/revisions"}],"predecessor-version":[{"id":33075,"href":"https:\/\/varify.io\/es\/wp-json\/wp\/v2\/pages\/12\/revisions\/33075"}],"wp:attachment":[{"href":"https:\/\/varify.io\/es\/wp-json\/wp\/v2\/media?parent=12"}],"curies":[{"name":"wp","href":"https:\/\/api.w.org\/{rel}","templated":true}]}}