{"id":19668,"date":"2023-04-19T23:12:05","date_gmt":"2023-04-19T21:12:05","guid":{"rendered":"https:\/\/varify.io\/?page_id=19668"},"modified":"2025-07-02T09:44:51","modified_gmt":"2025-07-02T07:44:51","slug":"gewinnspiel-bedingungen","status":"publish","type":"page","link":"https:\/\/varify.io\/es\/condiciones-del-concurso\/","title":{"rendered":"Condiciones del concurso"},"content":{"rendered":"<div data-elementor-type=\"wp-page\" data-elementor-id=\"19668\" class=\"elementor elementor-19668\" data-elementor-post-type=\"page\">\n\t\t\t\t\t\t<section data-particle_enable=\"false\" data-particle-mobile-disabled=\"false\" class=\"elementor-section elementor-top-section elementor-element elementor-element-3486c9c elementor-section-boxed elementor-section-height-default elementor-section-height-default\" data-id=\"3486c9c\" data-element_type=\"section\" data-e-type=\"section\">\n\t\t\t\t\t\t<div class=\"elementor-container elementor-column-gap-default\">\n\t\t\t\t\t<div class=\"elementor-column elementor-col-100 elementor-top-column elementor-element elementor-element-69399e4\" data-id=\"69399e4\" data-element_type=\"column\" data-e-type=\"column\">\n\t\t\t<div class=\"elementor-widget-wrap elementor-element-populated\">\n\t\t\t\t\t\t<div class=\"elementor-element elementor-element-b064dd6 elementor-widget elementor-widget-text-editor\" data-id=\"b064dd6\" data-element_type=\"widget\" data-e-type=\"widget\" data-widget_type=\"text-editor.default\">\n\t\t\t\t<div class=\"elementor-widget-container\">\n\t\t\t\t\t\t\t\t\t<p data-start=\"57\" data-end=\"185\"><\/p>\n<p data-start=\"248\" data-end=\"480\"><strong data-start=\"248\" data-end=\"263\">Informaci\u00f3n general<\/strong><br data-start=\"263\" data-end=\"266\">El concurso est\u00e1 organizado por Varify Software GmbH, S\u00fcdliche M\u00fcnchner Str. 55, 82031 Gr\u00fcnwald.<br data-start=\"363\" data-end=\"366\">El concurso no est\u00e1 afiliado a LinkedIn y no est\u00e1 patrocinado ni promocionado por LinkedIn.<\/p>\n<hr data-start=\"482\" data-end=\"485\">\n<p data-start=\"487\" data-end=\"709\"><strong data-start=\"487\" data-end=\"511\">Condiciones de participaci\u00f3n<\/strong><br data-start=\"511\" data-end=\"514\">Pueden participar todas las personas mayores de 18 a\u00f1os.<br data-start=\"566\" data-end=\"569\">Quedan excluidos de la participaci\u00f3n los empleados y las personas implicadas en la organizaci\u00f3n y realizaci\u00f3n del concurso.<\/p>\n<p data-start=\"711\" data-end=\"936\">Nos reservamos el derecho a excluir de la participaci\u00f3n a cualquier persona que manipule o intente manipular el proceso de participaci\u00f3n, el sistema y\/o el sorteo o infrinja las condiciones de participaci\u00f3n.<\/p>\n<p data-start=\"938\" data-end=\"1065\">En el caso de un ganador excluido, el premio podr\u00e1 ser retirado posteriormente y se determinar\u00e1 un ganador sustituto.<\/p>\n<hr data-start=\"1067\" data-end=\"1070\">\n<p data-start=\"1072\" data-end=\"1156\"><strong data-start=\"1072\" data-end=\"1101\">Duraci\u00f3n del concurso<\/strong><br data-start=\"1101\" data-end=\"1104\">El concurso se celebra del 02.07.2025 al 17.07.2025.<\/p>\n<hr data-start=\"1158\" data-end=\"1161\">\n<p data-start=\"1163\" data-end=\"1440\"><strong data-start=\"1163\" data-end=\"1176\">Participaci\u00f3n<\/strong><br data-start=\"1176\" data-end=\"1179\">La participaci\u00f3n es gratuita. Para participar, comenta la publicaci\u00f3n de LinkedIn y deja un \"Me gusta\".<br data-start=\"1292\" data-end=\"1295\">Cada persona podr\u00e1 participar en este concurso una sola vez. Queda prohibido el uso de varias cuentas de LinkedIn o comentarios automatizados.<\/p>\n<hr data-start=\"1442\" data-end=\"1445\">\n<p data-start=\"1447\" data-end=\"1524\"><strong data-start=\"1447\" data-end=\"1467\">Fecha l\u00edmite<\/strong><br data-start=\"1467\" data-end=\"1470\">La fecha l\u00edmite de inscripci\u00f3n es el 17\/07\/2025 a las 23:59.<\/p>\n<hr data-start=\"1526\" data-end=\"1529\">\n<p data-start=\"1531\" data-end=\"1707\"><strong data-start=\"1531\" data-end=\"1562\">Procedimiento del concurso y premio<\/strong><br data-start=\"1562\" data-end=\"1565\">Entre todos los participantes se sortear\u00e1 el libro \"Conversion Optimisation - Successful Websites and Digital Campaigns\" de Tobias Loosschelders y el juego de cartas \"Psychological Trigger\" de Varify.<\/p>\n<hr data-start=\"1709\" data-end=\"1712\">\n<p data-start=\"1714\" data-end=\"2108\"><strong data-start=\"1714\" data-end=\"1785\">Notificaci\u00f3n de los ganadores y aceptaci\u00f3n del premio en el plazo establecido<\/strong><br data-start=\"1785\" data-end=\"1788\">Tras el sorteo, se mencionar\u00e1 al ganador en los comentarios del post. La notificaci\u00f3n es sin garant\u00eda.<br data-start=\"1902\" data-end=\"1905\">El ganador ser\u00e1 seleccionado el 16\/07\/2025 y notificado en los comentarios. Los ganadores deber\u00e1n enviar su direcci\u00f3n antes de las 11.00 horas del 21 de julio de 2025 a m\u00e1s tardar por mensaje privado. De lo contrario, perder\u00e1n el derecho al premio.<\/p>\n<hr data-start=\"2110\" data-end=\"2113\">\n<p data-start=\"2115\" data-end=\"2310\"><strong data-start=\"2115\" data-end=\"2147\">Tratamiento de beneficios y costes<\/strong><br data-start=\"2147\" data-end=\"2150\">El premio no puede pagarse en met\u00e1lico ni canjearse. Queda excluida la cesi\u00f3n del derecho al premio a terceros, ya que el premio es personal.<\/p>\n<hr data-start=\"2312\" data-end=\"2315\">\n<p data-start=\"2317\" data-end=\"2608\"><strong data-start=\"2317\" data-end=\"2332\">Protecci\u00f3n de datos<\/strong><br data-start=\"2332\" data-end=\"2335\">Los datos recogidos en el marco de la participaci\u00f3n en el concurso se almacenar\u00e1n con el fin de organizar y llevar a cabo el concurso y, a continuaci\u00f3n, se eliminar\u00e1n. Garantizamos el m\u00e1ximo nivel de protecci\u00f3n de datos y cumplimos todas las disposiciones legales pertinentes.<\/p>\n<hr data-start=\"2610\" data-end=\"2613\">\n<p data-start=\"2615\" data-end=\"2969\"><strong data-start=\"2615\" data-end=\"2626\">Responsabilidad<\/strong><br data-start=\"2626\" data-end=\"2629\">En caso de da\u00f1os causados por negligencia leve, s\u00f3lo seremos responsables en caso de incumplimiento de una obligaci\u00f3n contractual esencial, y \u00fanicamente en la medida de los da\u00f1os t\u00edpicos y previsibles. Esta limitaci\u00f3n de responsabilidad no se aplicar\u00e1 en caso de da\u00f1os a la vida, la integridad f\u00edsica o la salud, ni en caso de responsabilidad legal obligatoria.<\/p>\n<hr data-start=\"2971\" data-end=\"2974\">\n<p data-start=\"2976\" data-end=\"3269\"><strong data-start=\"2976\" data-end=\"3001\">Rescisi\u00f3n anticipada<\/strong><br data-start=\"3001\" data-end=\"3004\">Nos reservamos el derecho a cancelar o modificar total o parcialmente el concurso en cualquier momento si razones t\u00e9cnicas, legales o de fuerza mayor impiden su correcto desarrollo. En tales casos, los participantes no tendr\u00e1n derecho a reclamarnos nada.<\/p>\n<hr data-start=\"3271\" data-end=\"3274\">\n<p data-start=\"3276\" data-end=\"3430\"><strong data-start=\"3276\" data-end=\"3317\">Notas y condiciones de LinkedIn<\/strong><br data-start=\"3317\" data-end=\"3320\">El concurso no est\u00e1 afiliado a LinkedIn. No est\u00e1 patrocinado, apoyado ni organizado por LinkedIn. Todas las preguntas y comentarios relacionados con el concurso deben dirigirse a Varify Software GmbH y no a LinkedIn.<\/p>\n<hr data-start=\"3879\" data-end=\"3882\">\n<p data-start=\"3884\" data-end=\"4178\"><strong data-start=\"3884\" data-end=\"3897\">Varios<\/strong><br data-start=\"3897\" data-end=\"3900\">Si alguna de las disposiciones de estas condiciones de participaci\u00f3n fuera o llegara a ser inv\u00e1lida, ello no afectar\u00e1 a la validez del resto de las disposiciones. Podemos modificar las condiciones de participaci\u00f3n en cualquier momento. Queda excluido cualquier recurso legal y se aplicar\u00e1 exclusivamente la legislaci\u00f3n alemana.<\/p>\t\t\t\t\t\t\t\t<\/div>\n\t\t\t\t<\/div>\n\t\t\t\t\t<\/div>\n\t\t<\/div>\n\t\t\t\t\t<\/div>\n\t\t<\/section>\n\t\t\t\t<\/div>","protected":false},"excerpt":{"rendered":"<p>AllgemeinesDas Gewinnspiel wird von der Varify Software GmbH, S\u00fcdliche M\u00fcnchner Str. 55, 82031 Gr\u00fcnwald durchgef\u00fchrt.Das Gewinnspiel steht in keiner Verbindung zu LinkedIn und wird auch nicht von LinkedIn gesponsert oder gef\u00f6rdert. TeilnahmebedingungenTeilnahmeberechtigt sind alle Personen ab 18 Jahren.Mitarbeiter und Personen, die an der Organisation und Durchf\u00fchrung des Gewinnspiels beteiligt sind, sind von der Teilnahme ausgeschlossen. [&hellip;]<\/p>\n","protected":false},"author":3,"featured_media":0,"parent":0,"menu_order":0,"comment_status":"closed","ping_status":"closed","template":"","meta":{"inline_featured_image":false,"footnotes":""},"class_list":["post-19668","page","type-page","status-publish","hentry"],"_links":{"self":[{"href":"https:\/\/varify.io\/es\/wp-json\/wp\/v2\/pages\/19668","targetHints":{"allow":["GET"]}}],"collection":[{"href":"https:\/\/varify.io\/es\/wp-json\/wp\/v2\/pages"}],"about":[{"href":"https:\/\/varify.io\/es\/wp-json\/wp\/v2\/types\/page"}],"author":[{"embeddable":true,"href":"https:\/\/varify.io\/es\/wp-json\/wp\/v2\/users\/3"}],"replies":[{"embeddable":true,"href":"https:\/\/varify.io\/es\/wp-json\/wp\/v2\/comments?post=19668"}],"version-history":[{"count":30,"href":"https:\/\/varify.io\/es\/wp-json\/wp\/v2\/pages\/19668\/revisions"}],"predecessor-version":[{"id":40616,"href":"https:\/\/varify.io\/es\/wp-json\/wp\/v2\/pages\/19668\/revisions\/40616"}],"wp:attachment":[{"href":"https:\/\/varify.io\/es\/wp-json\/wp\/v2\/media?parent=19668"}],"curies":[{"name":"wp","href":"https:\/\/api.w.org\/{rel}","templated":true}]}}