{"id":5226,"date":"2019-07-12T20:03:10","date_gmt":"2019-07-12T20:03:10","guid":{"rendered":"https:\/\/varify.io\/?page_id=5226"},"modified":"2019-07-12T20:03:10","modified_gmt":"2019-07-12T20:03:10","slug":"auswertung-deiner-a-b-tests","status":"publish","type":"page","link":"https:\/\/varify.io\/es\/dokumentation\/evaluacion-de-sus-pruebas-a-b\/","title":{"rendered":"Evaluaci\u00f3n de sus variantes"},"content":{"rendered":"<p>Varify.io no rastrea ning\u00fan dato y, por lo tanto, cumple con la GDPR. Puede analizar sus variantes creadas de forma f\u00e1cil y totalmente autom\u00e1tica utilizando sus herramientas de an\u00e1lisis existentes. Tambi\u00e9n puede utilizar las funciones de an\u00e1lisis de sus herramientas de marketing de resultados, como Google Ads o Facebook Marketing.<\/p>\n\n\n\n<h2 class=\"wp-block-heading\">Evaluaci\u00f3n con su herramienta de an\u00e1lisis <\/h2>\n\n\n\n<p>No necesita realizar ninguna configuraci\u00f3n adicional para analizar sus variantes con Google Analytics. El seguimiento es casi totalmente autom\u00e1tico. La variante creada se analiza exactamente igual que la p\u00e1gina principal. Encontrar\u00e1 la variante bajo el nombre de la p\u00e1gina principal con el ap\u00e9ndice ?varify={nombre de la variante}.<\/p>\n\n\n\n<figure class=\"wp-block-image\"><img decoding=\"async\" src=\"https:\/\/varify.io\/wp-content\/uploads\/2019\/07\/Bildschirmfoto-2019-07-09-um-23.03.28.png\" alt=\"\" class=\"wp-image-5214\"\/><\/figure>\n\n\n\n<h2 class=\"wp-block-heading\">Evaluaci\u00f3n con su herramienta de marketing de resultados (por ejemplo, Google Ads)<\/h2>\n\n\n\n<p>Para evaluar el rendimiento de su variante, le recomendamos que realice una prueba de anuncios 50\/50 con segmentaci\u00f3n uniforme, en la que ambos anuncios tengan el mismo contenido. La \u00fanica diferencia es que introduce la URL de destino de su p\u00e1gina principal (por ejemplo, www.testpage.de\/bekleidung) en un anuncio y la URL de destino de su variante (por ejemplo, www.testpage.de\/bekleidung?varify={nombre de la variante}) en el otro.<\/p>\n\n\n\n<p>Si ahora compara ambas variantes entre s\u00ed, puede compararlas directamente en funci\u00f3n de las conversiones definidas y otras m\u00e9tricas. Esto le permite ver la mejora de la variante de forma muy transparente.<\/p>","protected":false},"excerpt":{"rendered":"<p>Varify.io trackt keine Daten und ist deshalb DSGVO konform. Die Auswertung deiner erstellten Varianten kannst du zum einen ganz einfach und v\u00f6llig automatisch \u00fcber deine bestehenden Analyse Tools vornehmen. Zum anderen kannst du zur Auswertung ebenfalls die Auswertungsfunktionen deiner Performance Marketing Tools wie Google Ads oder Facebook Marketing nutzen. Auswertung mit deinem Analyse Tool Um [&hellip;]<\/p>\n","protected":false},"author":2,"featured_media":0,"parent":4317,"menu_order":0,"comment_status":"closed","ping_status":"closed","template":"","meta":{"inline_featured_image":false,"footnotes":""},"class_list":["post-5226","page","type-page","status-publish","hentry"],"_links":{"self":[{"href":"https:\/\/varify.io\/es\/wp-json\/wp\/v2\/pages\/5226","targetHints":{"allow":["GET"]}}],"collection":[{"href":"https:\/\/varify.io\/es\/wp-json\/wp\/v2\/pages"}],"about":[{"href":"https:\/\/varify.io\/es\/wp-json\/wp\/v2\/types\/page"}],"author":[{"embeddable":true,"href":"https:\/\/varify.io\/es\/wp-json\/wp\/v2\/users\/2"}],"replies":[{"embeddable":true,"href":"https:\/\/varify.io\/es\/wp-json\/wp\/v2\/comments?post=5226"}],"version-history":[{"count":0,"href":"https:\/\/varify.io\/es\/wp-json\/wp\/v2\/pages\/5226\/revisions"}],"up":[{"embeddable":true,"href":"https:\/\/varify.io\/es\/wp-json\/wp\/v2\/pages\/4317"}],"wp:attachment":[{"href":"https:\/\/varify.io\/es\/wp-json\/wp\/v2\/media?parent=5226"}],"curies":[{"name":"wp","href":"https:\/\/api.w.org\/{rel}","templated":true}]}}