{"id":5346,"date":"2019-09-09T18:25:10","date_gmt":"2019-09-09T18:25:10","guid":{"rendered":"https:\/\/varify.io\/?page_id=5346"},"modified":"2019-09-09T18:25:10","modified_gmt":"2019-09-09T18:25:10","slug":"upload-image","status":"publish","type":"page","link":"https:\/\/varify.io\/es\/dokumentation\/varianten-erstellen\/subir-imagen\/","title":{"rendered":"Cargar imagen"},"content":{"rendered":"<p>Tiene la opci\u00f3n de intercambiar una imagen en la p\u00e1gina o a\u00f1adir una nueva. \"Cargar imagen\" sirve para cargar una imagen que a\u00fan no est\u00e1 disponible en l\u00ednea. La imagen se aloja en Varify.io y se carga cuando se llama a la variante. <\/p>\n\n\n\n<div class=\"wp-block-image\"><figure class=\"aligncenter is-resized\"><img decoding=\"async\" src=\"https:\/\/varify.io\/wp-content\/uploads\/2019\/09\/Bildschirmfoto-2019-09-09-um-20.42.57.png\" alt=\"\" class=\"wp-image-5357\" width=\"600\"\/><\/figure><\/div>\n\n\n\n<p>\u00bfDesea utilizar una imagen que ya ha cargado en su CMS? No hay problema. Utilice \"Editar HTML\" y sustituya simplemente el enlace de la imagen en su variante.<\/p>\n\n\n\n<form action=\"\">\n  <input type=\"button\" value=\"Volver\" onclick=\"history.go(-1);return true;\">\n<input type=\"hidden\" name=\"trp-form-language\" value=\"es\"\/><\/form>","protected":false},"excerpt":{"rendered":"<p>Du hast die M\u00f6glichkeit ein Bild auf der Seite zu tauschen oder ein neues Bild hinzuzuf\u00fcgen. &#8220;Upload Image&#8221; ist daf\u00fcr gedacht ein Bild, dass noch nicht online verf\u00fcgbar ist, hochladen zu k\u00f6nnen. Das Bild wird bei Varify.io gehostet und wird beim Aufruf der Variante geladen. M\u00f6chtest du ein Bild verwenden, dass du schon in deinem [&hellip;]<\/p>\n","protected":false},"author":2,"featured_media":0,"parent":4341,"menu_order":0,"comment_status":"closed","ping_status":"closed","template":"","meta":{"inline_featured_image":false,"footnotes":""},"class_list":["post-5346","page","type-page","status-publish","hentry"],"_links":{"self":[{"href":"https:\/\/varify.io\/es\/wp-json\/wp\/v2\/pages\/5346","targetHints":{"allow":["GET"]}}],"collection":[{"href":"https:\/\/varify.io\/es\/wp-json\/wp\/v2\/pages"}],"about":[{"href":"https:\/\/varify.io\/es\/wp-json\/wp\/v2\/types\/page"}],"author":[{"embeddable":true,"href":"https:\/\/varify.io\/es\/wp-json\/wp\/v2\/users\/2"}],"replies":[{"embeddable":true,"href":"https:\/\/varify.io\/es\/wp-json\/wp\/v2\/comments?post=5346"}],"version-history":[{"count":0,"href":"https:\/\/varify.io\/es\/wp-json\/wp\/v2\/pages\/5346\/revisions"}],"up":[{"embeddable":true,"href":"https:\/\/varify.io\/es\/wp-json\/wp\/v2\/pages\/4341"}],"wp:attachment":[{"href":"https:\/\/varify.io\/es\/wp-json\/wp\/v2\/media?parent=5346"}],"curies":[{"name":"wp","href":"https:\/\/api.w.org\/{rel}","templated":true}]}}