{"id":12,"date":"2021-05-26T11:10:10","date_gmt":"2021-05-26T09:10:10","guid":{"rendered":"https:\/\/wp-vorlage-elementor.um-server.de\/?page_id=12"},"modified":"2024-10-10T16:49:19","modified_gmt":"2024-10-10T14:49:19","slug":"impressum","status":"publish","type":"page","link":"https:\/\/varify.io\/fr\/mentions-legales\/","title":{"rendered":"Mentions l\u00e9gales"},"content":{"rendered":"<div data-elementor-type=\"wp-page\" data-elementor-id=\"12\" class=\"elementor elementor-12\" data-elementor-post-type=\"page\">\n\t\t\t\t\t\t<section data-particle_enable=\"false\" data-particle-mobile-disabled=\"false\" class=\"elementor-section elementor-top-section elementor-element elementor-element-4a13d94 elementor-section-boxed elementor-section-height-default elementor-section-height-default\" data-id=\"4a13d94\" data-element_type=\"section\" data-e-type=\"section\">\n\t\t\t\t\t\t<div class=\"elementor-container elementor-column-gap-default\">\n\t\t\t\t\t<div class=\"elementor-column elementor-col-100 elementor-top-column elementor-element elementor-element-845e63f\" data-id=\"845e63f\" data-element_type=\"column\" data-e-type=\"column\">\n\t\t\t<div class=\"elementor-widget-wrap elementor-element-populated\">\n\t\t\t\t\t\t<div class=\"elementor-element elementor-element-4a3e290 elementor-widget elementor-widget-heading\" data-id=\"4a3e290\" data-element_type=\"widget\" data-e-type=\"widget\" data-widget_type=\"heading.default\">\n\t\t\t\t<div class=\"elementor-widget-container\">\n\t\t\t\t\t<h1 class=\"elementor-heading-title elementor-size-default\">Mentions l\u00e9gales<\/h1>\t\t\t\t<\/div>\n\t\t\t\t<\/div>\n\t\t\t\t<div class=\"elementor-element elementor-element-d4c38c3 elementor-widget elementor-widget-text-editor\" data-id=\"d4c38c3\" data-element_type=\"widget\" data-e-type=\"widget\" data-widget_type=\"text-editor.default\">\n\t\t\t\t<div class=\"elementor-widget-container\">\n\t\t\t\t\t\t\t\t\t<h3>Informations selon \u00a7 5 TMG<\/h3><p>Varify Software GmbH<br \/>S\u00fcdliche M\u00fcnchner Stra\u00dfe 55<br \/>82031 Gr\u00fcnwald<\/p><p>Tribunal d'instance de Munich HRB 289569<br \/>Num\u00e9ro d'identification de la taxe sur le chiffre d'affaires : DE366335230<\/p><p><strong>Repr\u00e9sent\u00e9e par les associ\u00e9s :<\/strong><br \/>Thomas B. Kraus, Daniel Schalow, Steffen Schulz<\/p><h3>Contactez-nous<\/h3><p>T\u00e9l\u00e9phone : +49 89 21909123 0<br \/>Courrier \u00e9lectronique : info@varify.io<\/p><h3>R\u00e8glement des litiges<\/h3><p>La Commission europ\u00e9enne met \u00e0 disposition une plateforme de r\u00e8glement en ligne des litiges (RLL) : <a href=\"https:\/\/ec.europa.eu\/consumers\/odr\" target=\"_blank\" rel=\"noopener noreferrer\">https:\/\/ec.europa.eu\/consumers\/odr<\/a>.<br \/>Vous trouverez notre adresse e-mail en haut dans les mentions l\u00e9gales.<\/p><p>Nous ne sommes pas pr\u00eats ou oblig\u00e9s de participer \u00e0 des proc\u00e9dures de r\u00e8glement des litiges devant un organisme de conciliation des consommateurs.<\/p><h3>Responsabilit\u00e9 du contenu<\/h3><p>En tant que prestataire de services, nous sommes responsables, conform\u00e9ment au \u00a7 7 alin\u00e9a 1 de la loi allemande sur les t\u00e9l\u00e9m\u00e9dias (TMG), de nos propres contenus sur ces pages selon les lois g\u00e9n\u00e9rales. Selon les \u00a7\u00a7 8 \u00e0 10 de la TMG, nous ne sommes toutefois pas tenus, en tant que prestataire de services, de surveiller les informations externes transmises ou enregistr\u00e9es ou de rechercher les circonstances qui indiquent une activit\u00e9 ill\u00e9gale.<\/p><p>Les obligations de supprimer ou de bloquer l'utilisation d'informations conform\u00e9ment aux lois g\u00e9n\u00e9rales restent inchang\u00e9es. Une responsabilit\u00e9 \u00e0 cet \u00e9gard n'est toutefois possible qu'\u00e0 partir du moment o\u00f9 une violation concr\u00e8te de la loi est connue. D\u00e8s la prise de connaissance d'une telle violation de la loi, nous supprimerons imm\u00e9diatement ces contenus.<\/p><h3>Responsabilit\u00e9 pour les liens<\/h3><p>Notre offre contient des liens vers des sites web externes de tiers, sur le contenu desquels nous n'avons aucune influence. C'est pourquoi nous ne pouvons pas non plus nous porter garants de ces contenus externes. Le fournisseur ou l'exploitant des pages li\u00e9es est toujours responsable des contenus de ces pages. Les pages li\u00e9es ont \u00e9t\u00e9 contr\u00f4l\u00e9es au moment de la cr\u00e9ation du lien afin de v\u00e9rifier qu'elles ne pr\u00e9sentaient pas d'infraction \u00e0 la loi. Aucun contenu ill\u00e9gal n'a \u00e9t\u00e9 identifi\u00e9 au moment de la cr\u00e9ation des liens.<\/p><p>Un contr\u00f4le permanent du contenu des pages li\u00e9es n'est cependant pas exigible sans indices concrets d'une violation de la loi. D\u00e8s que nous aurons connaissance d'une violation de la loi, nous supprimerons imm\u00e9diatement les liens concern\u00e9s.<\/p><h3><strong>Assurance<\/strong><\/h3><p>Varify GmbH dispose d'une assurance pour les entreprises informatiques aupr\u00e8s de l'assureur sp\u00e9cialis\u00e9 Hiscox.<\/p><p><a href=\"https:\/\/varify.io\/wp-content\/uploads\/2023\/03\/hiscox-versichert-siegel_2023.pdf\"><img decoding=\"async\" src=\"https:\/\/varify.io\/wp-content\/uploads\/2023\/03\/hiscox-versichert-siegel_2023-pdf-150x150.jpg\" alt=\"\" width=\"150\" height=\"150\" \/><\/a><\/p><h3>Droit d'auteur<\/h3><p>Les contenus et les \u0153uvres cr\u00e9\u00e9s par les exploitants de ces pages sont soumis au droit d'auteur allemand. La reproduction, le traitement, la diffusion et toute forme d'exploitation en dehors des limites du droit d'auteur requi\u00e8rent l'accord \u00e9crit de l'auteur ou du cr\u00e9ateur concern\u00e9. Les t\u00e9l\u00e9chargements et les copies de ce site ne sont autoris\u00e9s que pour un usage priv\u00e9 et non commercial.<\/p><p>Dans la mesure o\u00f9 les contenus de ce site n'ont pas \u00e9t\u00e9 cr\u00e9\u00e9s par l'exploitant, les droits d'auteur de tiers sont respect\u00e9s. Les contenus de tiers sont notamment identifi\u00e9s comme tels. Si vous deviez n\u00e9anmoins constater une violation des droits d'auteur, nous vous prions de nous en informer. D\u00e8s la prise de connaissance d'une violation de la loi, nous supprimerons imm\u00e9diatement les contenus concern\u00e9s.<\/p><p>Source : <a href=\"https:\/\/www.e-recht24.de\/impressum-generator.html\" target=\"_blank\" rel=\"noopener\">https:\/\/www.e-recht24.de\/impressum-generator.html<\/a><\/p>\t\t\t\t\t\t\t\t<\/div>\n\t\t\t\t<\/div>\n\t\t\t\t\t<\/div>\n\t\t<\/div>\n\t\t\t\t\t<\/div>\n\t\t<\/section>\n\t\t\t\t<\/div>","protected":false},"excerpt":{"rendered":"<p>Impressum Angaben gem\u00e4\u00df \u00a7 5 TMG Varify Software GmbHS\u00fcdliche M\u00fcnchner Stra\u00dfe 5582031 Gr\u00fcnwald Amtsgericht M\u00fcnchen HRB 289569Umsatzsteuer-Identifikationsnummer: DE366335230 Vertreten durch die Gesellschafter:Thomas B. Kraus, Daniel Schalow, Steffen Schulz Kontakt Telefon: +49 89 21909123 0E-Mail: info@varify.io Streitschlichtung Die Europ\u00e4ische Kommission stellt eine Plattform zur Online-Streitbeilegung (OS) bereit: https:\/\/ec.europa.eu\/consumers\/odr.Unsere E-Mail-Adresse finden Sie oben im Impressum. Wir sind [&hellip;]<\/p>\n","protected":false},"author":1,"featured_media":0,"parent":0,"menu_order":0,"comment_status":"closed","ping_status":"closed","template":"","meta":{"inline_featured_image":false,"footnotes":""},"class_list":["post-12","page","type-page","status-publish","hentry"],"_links":{"self":[{"href":"https:\/\/varify.io\/fr\/wp-json\/wp\/v2\/pages\/12","targetHints":{"allow":["GET"]}}],"collection":[{"href":"https:\/\/varify.io\/fr\/wp-json\/wp\/v2\/pages"}],"about":[{"href":"https:\/\/varify.io\/fr\/wp-json\/wp\/v2\/types\/page"}],"author":[{"embeddable":true,"href":"https:\/\/varify.io\/fr\/wp-json\/wp\/v2\/users\/1"}],"replies":[{"embeddable":true,"href":"https:\/\/varify.io\/fr\/wp-json\/wp\/v2\/comments?post=12"}],"version-history":[{"count":66,"href":"https:\/\/varify.io\/fr\/wp-json\/wp\/v2\/pages\/12\/revisions"}],"predecessor-version":[{"id":33075,"href":"https:\/\/varify.io\/fr\/wp-json\/wp\/v2\/pages\/12\/revisions\/33075"}],"wp:attachment":[{"href":"https:\/\/varify.io\/fr\/wp-json\/wp\/v2\/media?parent=12"}],"curies":[{"name":"wp","href":"https:\/\/api.w.org\/{rel}","templated":true}]}}