{"id":19668,"date":"2023-04-19T23:12:05","date_gmt":"2023-04-19T21:12:05","guid":{"rendered":"https:\/\/varify.io\/?page_id=19668"},"modified":"2025-07-02T09:44:51","modified_gmt":"2025-07-02T07:44:51","slug":"gewinnspiel-bedingungen","status":"publish","type":"page","link":"https:\/\/varify.io\/fr\/conditions-du-jeu-concours\/","title":{"rendered":"Conditions du jeu-concours"},"content":{"rendered":"<div data-elementor-type=\"wp-page\" data-elementor-id=\"19668\" class=\"elementor elementor-19668\" data-elementor-post-type=\"page\">\n\t\t\t\t\t\t<section data-particle_enable=\"false\" data-particle-mobile-disabled=\"false\" class=\"elementor-section elementor-top-section elementor-element elementor-element-3486c9c elementor-section-boxed elementor-section-height-default elementor-section-height-default\" data-id=\"3486c9c\" data-element_type=\"section\" data-e-type=\"section\">\n\t\t\t\t\t\t<div class=\"elementor-container elementor-column-gap-default\">\n\t\t\t\t\t<div class=\"elementor-column elementor-col-100 elementor-top-column elementor-element elementor-element-69399e4\" data-id=\"69399e4\" data-element_type=\"column\" data-e-type=\"column\">\n\t\t\t<div class=\"elementor-widget-wrap elementor-element-populated\">\n\t\t\t\t\t\t<div class=\"elementor-element elementor-element-b064dd6 elementor-widget elementor-widget-text-editor\" data-id=\"b064dd6\" data-element_type=\"widget\" data-e-type=\"widget\" data-widget_type=\"text-editor.default\">\n\t\t\t\t<div class=\"elementor-widget-container\">\n\t\t\t\t\t\t\t\t\t<p data-start=\"57\" data-end=\"185\"><\/p>\n<p data-start=\"248\" data-end=\"480\"><strong data-start=\"248\" data-end=\"263\">G\u00e9n\u00e9ralit\u00e9s<\/strong><br data-start=\"263\" data-end=\"266\">Le jeu-concours est organis\u00e9 par Varify Software GmbH, S\u00fcdliche M\u00fcnchner Str. 55, 82031 Gr\u00fcnwald.<br data-start=\"363\" data-end=\"366\">Le concours n'est pas li\u00e9 \u00e0 LinkedIn et n'est pas non plus sponsoris\u00e9 ou promu par LinkedIn.<\/p>\n<hr data-start=\"482\" data-end=\"485\">\n<p data-start=\"487\" data-end=\"709\"><strong data-start=\"487\" data-end=\"511\">Conditions de participation<\/strong><br data-start=\"511\" data-end=\"514\">La participation est ouverte \u00e0 toute personne \u00e2g\u00e9e de 18 ans ou plus.<br data-start=\"566\" data-end=\"569\">Les employ\u00e9s et les personnes impliqu\u00e9es dans l'organisation et la r\u00e9alisation du jeu-concours ne sont pas autoris\u00e9s \u00e0 participer.<\/p>\n<p data-start=\"711\" data-end=\"936\">Nous nous r\u00e9servons le droit d'exclure de la participation toute personne qui manipule ou tente de manipuler le processus de participation, le syst\u00e8me et\/ou le tirage au sort, ou qui enfreint les conditions de participation.<\/p>\n<p data-start=\"938\" data-end=\"1065\">Dans le cas d'un gagnant exclu, le prix peut \u00eatre retir\u00e9 ult\u00e9rieurement et un gagnant de remplacement peut \u00eatre d\u00e9sign\u00e9.<\/p>\n<hr data-start=\"1067\" data-end=\"1070\">\n<p data-start=\"1072\" data-end=\"1156\"><strong data-start=\"1072\" data-end=\"1101\">Dur\u00e9e du jeu-concours<\/strong><br data-start=\"1101\" data-end=\"1104\">Le jeu-concours se d\u00e9roule du 02.07.2025 au 17.07.2025.<\/p>\n<hr data-start=\"1158\" data-end=\"1161\">\n<p data-start=\"1163\" data-end=\"1440\"><strong data-start=\"1163\" data-end=\"1176\">Participation<\/strong><br data-start=\"1176\" data-end=\"1179\">La participation est gratuite. Pour participer, commentez le post LinkedIn et laissez un \"J'aime\".<br data-start=\"1292\" data-end=\"1295\">Chaque personne ne peut participer qu'une seule fois \u00e0 ce jeu-concours. L'utilisation de plusieurs comptes LinkedIn ou de commentaires automatis\u00e9s est interdite.<\/p>\n<hr data-start=\"1442\" data-end=\"1445\">\n<p data-start=\"1447\" data-end=\"1524\"><strong data-start=\"1447\" data-end=\"1467\">Date limite de participation<\/strong><br data-start=\"1467\" data-end=\"1470\">La date limite de participation est fix\u00e9e au 17 juillet 2025, \u00e0 23h59.<\/p>\n<hr data-start=\"1526\" data-end=\"1529\">\n<p data-start=\"1531\" data-end=\"1707\"><strong data-start=\"1531\" data-end=\"1562\">D\u00e9roulement du jeu-concours et prix<\/strong><br data-start=\"1562\" data-end=\"1565\">Le livre \"Conversion Optimisation - Successful Webseiten and Digital Campaigns\" de Tobias Loosschelders sera tir\u00e9 au sort parmi tous les participants, ainsi que le set de cartes \"Psychologische Trigger\" de Varify.<\/p>\n<hr data-start=\"1709\" data-end=\"1712\">\n<p data-start=\"1714\" data-end=\"2108\"><strong data-start=\"1714\" data-end=\"1785\">Notification des gagnants et acceptation du gain jusqu'\u00e0 la date limite<\/strong><br data-start=\"1785\" data-end=\"1788\">Apr\u00e8s le tirage au sort, le gagnant sera mentionn\u00e9 dans les commentaires du post. La notification est faite sans garantie.<br data-start=\"1902\" data-end=\"1905\">Le gagnant sera s\u00e9lectionn\u00e9 le 16.07.2025 et sera inform\u00e9 dans les commentaires. Les gagnants devront communiquer leur adresse par message priv\u00e9 au plus tard \u00e0 11h00 le 21.07.2025. Dans le cas contraire, le gain sera perdu.<\/p>\n<hr data-start=\"2110\" data-end=\"2113\">\n<p data-start=\"2115\" data-end=\"2310\"><strong data-start=\"2115\" data-end=\"2147\">Traitement des b\u00e9n\u00e9fices et co\u00fbts<\/strong><br data-start=\"2147\" data-end=\"2150\">Le gain ne peut pas \u00eatre vers\u00e9 en esp\u00e8ces ou \u00e9chang\u00e9. La transmission du droit au gain \u00e0 des tiers est exclue, car le gain est personnel.<\/p>\n<hr data-start=\"2312\" data-end=\"2315\">\n<p data-start=\"2317\" data-end=\"2608\"><strong data-start=\"2317\" data-end=\"2332\">Protection des donn\u00e9es<\/strong><br data-start=\"2332\" data-end=\"2335\">Les donn\u00e9es collect\u00e9es dans le cadre de la participation au jeu-concours sont enregistr\u00e9es dans le but de mettre en \u0153uvre et de g\u00e9rer le jeu-concours, puis supprim\u00e9es. Nous garantissons le plus haut niveau de protection des donn\u00e9es et respectons toutes les dispositions l\u00e9gales pertinentes.<\/p>\n<hr data-start=\"2610\" data-end=\"2613\">\n<p data-start=\"2615\" data-end=\"2969\"><strong data-start=\"2615\" data-end=\"2626\">Responsabilit\u00e9<\/strong><br data-start=\"2626\" data-end=\"2629\">En cas de dommages caus\u00e9s par une n\u00e9gligence l\u00e9g\u00e8re, nous ne sommes responsables qu'en cas de violation d'une obligation contractuelle essentielle, et ce uniquement dans le cadre des dommages typiques et pr\u00e9visibles. Cette limitation de responsabilit\u00e9 ne s'applique pas en cas d'atteinte \u00e0 la vie, \u00e0 l'int\u00e9grit\u00e9 physique ou \u00e0 la sant\u00e9 ou en cas de responsabilit\u00e9 l\u00e9gale obligatoire.<\/p>\n<hr data-start=\"2971\" data-end=\"2974\">\n<p data-start=\"2976\" data-end=\"3269\"><strong data-start=\"2976\" data-end=\"3001\">Fin anticip\u00e9e<\/strong><br data-start=\"3001\" data-end=\"3004\">Nous nous r\u00e9servons le droit d'annuler ou de modifier \u00e0 tout moment tout ou partie du jeu-concours si des raisons techniques, juridiques ou de force majeure emp\u00eachent son bon d\u00e9roulement. Dans de tels cas, les participants ne peuvent faire valoir aucun droit \u00e0 notre encontre.<\/p>\n<hr data-start=\"3271\" data-end=\"3274\">\n<p data-start=\"3276\" data-end=\"3430\"><strong data-start=\"3276\" data-end=\"3317\">Avis et conditions de LinkedIn<\/strong><br data-start=\"3317\" data-end=\"3320\">Le concours n'est pas li\u00e9 \u00e0 LinkedIn. Il n'est pas sponsoris\u00e9, soutenu ou organis\u00e9 par LinkedIn. Toutes les questions et commentaires concernant le jeu-concours doivent \u00eatre adress\u00e9s \u00e0 Varify Software GmbH et non \u00e0 LinkedIn.<\/p>\n<hr data-start=\"3879\" data-end=\"3882\">\n<p data-start=\"3884\" data-end=\"4178\"><strong data-start=\"3884\" data-end=\"3897\">Autres<\/strong><br data-start=\"3897\" data-end=\"3900\">Si certaines dispositions des pr\u00e9sentes conditions de participation sont ou deviennent invalides, la validit\u00e9 des autres conditions n'en est pas affect\u00e9e. Nous pouvons modifier les conditions de participation \u00e0 tout moment. Tout recours juridique est exclu et seul le droit allemand est applicable.<\/p>\t\t\t\t\t\t\t\t<\/div>\n\t\t\t\t<\/div>\n\t\t\t\t\t<\/div>\n\t\t<\/div>\n\t\t\t\t\t<\/div>\n\t\t<\/section>\n\t\t\t\t<\/div>","protected":false},"excerpt":{"rendered":"<p>AllgemeinesDas Gewinnspiel wird von der Varify Software GmbH, S\u00fcdliche M\u00fcnchner Str. 55, 82031 Gr\u00fcnwald durchgef\u00fchrt.Das Gewinnspiel steht in keiner Verbindung zu LinkedIn und wird auch nicht von LinkedIn gesponsert oder gef\u00f6rdert. TeilnahmebedingungenTeilnahmeberechtigt sind alle Personen ab 18 Jahren.Mitarbeiter und Personen, die an der Organisation und Durchf\u00fchrung des Gewinnspiels beteiligt sind, sind von der Teilnahme ausgeschlossen. [&hellip;]<\/p>\n","protected":false},"author":3,"featured_media":0,"parent":0,"menu_order":0,"comment_status":"closed","ping_status":"closed","template":"","meta":{"inline_featured_image":false,"footnotes":""},"class_list":["post-19668","page","type-page","status-publish","hentry"],"_links":{"self":[{"href":"https:\/\/varify.io\/fr\/wp-json\/wp\/v2\/pages\/19668","targetHints":{"allow":["GET"]}}],"collection":[{"href":"https:\/\/varify.io\/fr\/wp-json\/wp\/v2\/pages"}],"about":[{"href":"https:\/\/varify.io\/fr\/wp-json\/wp\/v2\/types\/page"}],"author":[{"embeddable":true,"href":"https:\/\/varify.io\/fr\/wp-json\/wp\/v2\/users\/3"}],"replies":[{"embeddable":true,"href":"https:\/\/varify.io\/fr\/wp-json\/wp\/v2\/comments?post=19668"}],"version-history":[{"count":30,"href":"https:\/\/varify.io\/fr\/wp-json\/wp\/v2\/pages\/19668\/revisions"}],"predecessor-version":[{"id":40616,"href":"https:\/\/varify.io\/fr\/wp-json\/wp\/v2\/pages\/19668\/revisions\/40616"}],"wp:attachment":[{"href":"https:\/\/varify.io\/fr\/wp-json\/wp\/v2\/media?parent=19668"}],"curies":[{"name":"wp","href":"https:\/\/api.w.org\/{rel}","templated":true}]}}