{"id":31981,"date":"2024-08-20T17:53:23","date_gmt":"2024-08-20T15:53:23","guid":{"rendered":"https:\/\/varify.io\/?page_id=31981"},"modified":"2025-05-15T09:37:58","modified_gmt":"2025-05-15T07:37:58","slug":"a-b-test-laufzeitrechner","status":"publish","type":"page","link":"https:\/\/varify.io\/fr\/a-b-test-runtime-calculator\/","title":{"rendered":"Calculateur de dur\u00e9e de test A\/B"},"content":{"rendered":"<div data-elementor-type=\"wp-page\" data-elementor-id=\"31981\" class=\"elementor elementor-31981\" data-elementor-post-type=\"page\">\n\t\t\t\t\t\t<section data-particle_enable=\"false\" data-particle-mobile-disabled=\"false\" class=\"elementor-section elementor-top-section elementor-element elementor-element-d50a0e4 elementor-section-boxed elementor-section-height-default elementor-section-height-default\" data-id=\"d50a0e4\" data-element_type=\"section\" data-e-type=\"section\">\n\t\t\t\t\t\t<div class=\"elementor-container elementor-column-gap-default\">\n\t\t\t\t\t<div class=\"elementor-column elementor-col-100 elementor-top-column elementor-element elementor-element-88d4f9c\" data-id=\"88d4f9c\" data-element_type=\"column\" data-e-type=\"column\">\n\t\t\t<div class=\"elementor-widget-wrap elementor-element-populated\">\n\t\t\t\t\t\t<div class=\"elementor-element elementor-element-5269610 elementor-widget elementor-widget-heading\" data-id=\"5269610\" data-element_type=\"widget\" data-e-type=\"widget\" data-widget_type=\"heading.default\">\n\t\t\t\t<div class=\"elementor-widget-container\">\n\t\t\t\t\t<h2 class=\"elementor-heading-title elementor-size-default\">Test A\/B - Calculateur de temps d'ex\u00e9cution V 1.0 <\/h2>\t\t\t\t<\/div>\n\t\t\t\t<\/div>\n\t\t\t\t\t<\/div>\n\t\t<\/div>\n\t\t\t\t\t<\/div>\n\t\t<\/section>\n\t\t\t\t<section data-particle_enable=\"false\" data-particle-mobile-disabled=\"false\" class=\"elementor-section elementor-top-section elementor-element elementor-element-4bdda56 elementor-section-boxed elementor-section-height-default elementor-section-height-default\" data-id=\"4bdda56\" data-element_type=\"section\" data-e-type=\"section\">\n\t\t\t\t\t\t<div class=\"elementor-container elementor-column-gap-default\">\n\t\t\t\t\t<div class=\"elementor-column elementor-col-100 elementor-top-column elementor-element elementor-element-b466e56\" data-id=\"b466e56\" data-element_type=\"column\" data-e-type=\"column\">\n\t\t\t<div class=\"elementor-widget-wrap elementor-element-populated\">\n\t\t\t\t\t\t<div class=\"elementor-element elementor-element-71d80a7 elementor-widget__width-initial elementor-hidden-mobile elementor-widget elementor-widget-text-editor\" data-id=\"71d80a7\" data-element_type=\"widget\" data-e-type=\"widget\" data-widget_type=\"text-editor.default\">\n\t\t\t\t<div class=\"elementor-widget-container\">\n\t\t\t\t\t\t\t\t\t<p><a href=\"#info-calc\">Vers les informations<\/a><\/p>\t\t\t\t\t\t\t\t<\/div>\n\t\t\t\t<\/div>\n\t\t\t\t<div class=\"elementor-element elementor-element-7a8ebe2 elementor-widget elementor-widget-html\" data-id=\"7a8ebe2\" data-element_type=\"widget\" data-e-type=\"widget\" data-widget_type=\"html.default\">\n\t\t\t\t<div class=\"elementor-widget-container\">\n\t\t\t\t\t<link rel=\"stylesheet\" type=\"text\/css\" href=\"\/wp-content\/uploads\/laufzeitrechner\/stylesKopie2.css\">\n<script src=\"\/wp-content\/uploads\/laufzeitrechner\/d3.v5.min.js\"><\/script>\n<script src=\"\/wp-content\/uploads\/laufzeitrechner\/scriptsKopie6.js\"><\/script>\n<div class=\"container\">\n   <div id=\"inputs\" class=\"left-div\">\n      <div>\n         <label for=\"sizeA\">Nombre de visiteurs par mois <\/label>\n         <input type=\"number\" id=\"visitorsPerDay\" placeholder=\"par ex. 30000\" value=\"30000\" \/>\n      <\/div>\n      <div>\n         <label for=\"successA\">Effet escompt\u00e9 en % <\/label>\n         <input type=\"number\" id=\"uplift\" placeholder=\"par ex. 10\" value=\"10\" \/>\n      <\/div>\n      <div>\n         <label for=\"sizeB\">Nombre de variantes (y compris Control) : <\/label>\n         <input type=\"number\" id=\"numVariants\" placeholder=\"par ex. 2\" value=\"2\" \/>\n      <\/div>\n      <div>\n         <label for=\"successB\">Taux de conversion % du contr\u00f4le : <\/label>\n         <input type=\"number\" id=\"currentCR\" placeholder=\"par ex. 3\" value=\"3\" \/>\n      <\/div>\n      <p id=\"srmWarnung\"><\/p>\n   <\/div>\n   <div id=\"inputs1\" class=\"left-div\">\n      \n      <div>\n         <label for=\"successA\">Niveau de confiance : <\/label>\n         <select id=\"confidenceLevel\">\n            <option value=\"0.1\">90%<\/option>\n            <option selected=\"selected\" value=\"0.05\">95%<\/option>\n            <option value=\"0.01\">99%<\/option>\n         <\/select>\n      <\/div>\n      <div id=\"cta\">\n         <button style=\"background-color:#15897B; \"onclick=\"berechneLaufzeit()\">Calculer<\/button>\n      <\/div>\n   <\/div>\n   \n   <p id=\"ergebnisLaufzeit\"><\/p>\n   \n\n   <br>\n   <div id=\"ergebnisTabelle\"><\/div>\n   <p id=\"pWert\"><\/p>\n   <div id=\"kurven\"><\/div>\n<\/div>\n\n\t\t\t\t<\/div>\n\t\t\t\t<\/div>\n\t\t\t\t<div class=\"elementor-element elementor-element-9768b88 elementor-widget__width-initial elementor-hidden-mobile elementor-view-default elementor-widget elementor-widget-icon\" data-id=\"9768b88\" data-element_type=\"widget\" data-e-type=\"widget\" data-widget_type=\"icon.default\">\n\t\t\t\t<div class=\"elementor-widget-container\">\n\t\t\t\t\t\t\t<div class=\"elementor-icon-wrapper\">\n\t\t\t<div class=\"elementor-icon\">\n\t\t\t<i aria-hidden=\"true\" class=\"fas fa-arrow-up\"><\/i>\t\t\t<\/div>\n\t\t<\/div>\n\t\t\t\t\t\t<\/div>\n\t\t\t\t<\/div>\n\t\t\t\t<div class=\"elementor-element elementor-element-17814cf elementor-widget__width-initial elementor-hidden-mobile elementor-widget elementor-widget-text-editor\" data-id=\"17814cf\" data-element_type=\"widget\" data-e-type=\"widget\" id=\"info-calc\" data-widget_type=\"text-editor.default\">\n\t\t\t\t<div class=\"elementor-widget-container\">\n\t\t\t\t\t\t\t\t\t<p>Tu veux faire un test A\/B ? Tr\u00e8s bien !<\/p><p>Il s'agit maintenant de comprendre et de planifier la p\u00e9riode n\u00e9cessaire.<\/p><p>Gr\u00e2ce \u00e0 notre calculateur de dur\u00e9e, tu peux d\u00e9terminer avec pr\u00e9cision combien de temps il te faudra pour collecter suffisamment de donn\u00e9es pour obtenir des r\u00e9sultats fiables. Peu importe le nombre de variantes que tu testes ou la mont\u00e9e en puissance attendue, notre outil t'aide \u00e0 calculer au mieux le temps n\u00e9cessaire.<\/p>\t\t\t\t\t\t\t\t<\/div>\n\t\t\t\t<\/div>\n\t\t\t\t<div class=\"elementor-element elementor-element-6e2eb9d elementor-widget__width-initial elementor-hidden-desktop elementor-hidden-tablet elementor-view-default elementor-widget elementor-widget-icon\" data-id=\"6e2eb9d\" data-element_type=\"widget\" data-e-type=\"widget\" data-widget_type=\"icon.default\">\n\t\t\t\t<div class=\"elementor-widget-container\">\n\t\t\t\t\t\t\t<div class=\"elementor-icon-wrapper\">\n\t\t\t<div class=\"elementor-icon\">\n\t\t\t<i aria-hidden=\"true\" class=\"fas fa-arrow-circle-up\"><\/i>\t\t\t<\/div>\n\t\t<\/div>\n\t\t\t\t\t\t<\/div>\n\t\t\t\t<\/div>\n\t\t\t\t<div class=\"elementor-element elementor-element-45eb4b5 elementor-widget__width-initial elementor-hidden-desktop elementor-hidden-tablet elementor-widget elementor-widget-text-editor\" data-id=\"45eb4b5\" data-element_type=\"widget\" data-e-type=\"widget\" data-widget_type=\"text-editor.default\">\n\t\t\t\t<div class=\"elementor-widget-container\">\n\t\t\t\t\t\t\t\t\t<p>Tu veux faire un test A\/B ? Tr\u00e8s bien !<\/p><p>Il s'agit maintenant de comprendre et de planifier la p\u00e9riode n\u00e9cessaire.<\/p><p>Gr\u00e2ce \u00e0 notre calculateur de dur\u00e9e, tu peux d\u00e9terminer avec pr\u00e9cision combien de temps il te faudra pour collecter suffisamment de donn\u00e9es pour obtenir des r\u00e9sultats fiables. Peu importe le nombre de variantes que tu testes ou la mont\u00e9e en puissance attendue, notre outil t'aide \u00e0 calculer au mieux le temps n\u00e9cessaire.<\/p>\t\t\t\t\t\t\t\t<\/div>\n\t\t\t\t<\/div>\n\t\t\t\t\t<\/div>\n\t\t<\/div>\n\t\t\t\t\t<\/div>\n\t\t<\/section>\n\t\t\t\t<section data-particle_enable=\"false\" data-particle-mobile-disabled=\"false\" class=\"elementor-section elementor-top-section elementor-element elementor-element-10cdc9d elementor-section-boxed elementor-section-height-default elementor-section-height-default\" data-id=\"10cdc9d\" data-element_type=\"section\" data-e-type=\"section\">\n\t\t\t\t\t\t<div class=\"elementor-container elementor-column-gap-default\">\n\t\t\t\t\t<div class=\"elementor-column elementor-col-100 elementor-top-column elementor-element elementor-element-7de0428\" data-id=\"7de0428\" data-element_type=\"column\" data-e-type=\"column\">\n\t\t\t<div class=\"elementor-widget-wrap elementor-element-populated\">\n\t\t\t\t\t\t<div class=\"elementor-element elementor-element-05de6ac elementor-widget elementor-widget-heading\" data-id=\"05de6ac\" data-element_type=\"widget\" data-e-type=\"widget\" data-widget_type=\"heading.default\">\n\t\t\t\t<div class=\"elementor-widget-container\">\n\t\t\t\t\t<h2 class=\"elementor-heading-title elementor-size-default\">Combien de temps faut-il pour que votre test A\/B donne des r\u00e9sultats significatifs ?<\/h2>\t\t\t\t<\/div>\n\t\t\t\t<\/div>\n\t\t\t\t<div class=\"elementor-element elementor-element-28283d6 elementor-widget elementor-widget-text-editor\" data-id=\"28283d6\" data-element_type=\"widget\" data-e-type=\"widget\" data-widget_type=\"text-editor.default\">\n\t\t\t\t<div class=\"elementor-widget-container\">\n\t\t\t\t\t\t\t\t\t<p>Lorsque tu effectues des tests A\/B sur ton site web, tu veux t'assurer que la version adapt\u00e9e obtient effectivement de meilleurs r\u00e9sultats que l'original. Pour v\u00e9rifier cela et exclure le hasard, il est crucial de calculer le temps de test n\u00e9cessaire pour obtenir des r\u00e9sultats statistiquement significatifs.<\/p><p>Dans notre calculateur de dur\u00e9e, tu saisis le nombre de visiteurs par mois, le nombre de variantes de test ainsi que le taux de conversion actuel et le niveau de confiance (Confidence Level) souhait\u00e9. Le niveau de confiance refl\u00e8te le degr\u00e9 de certitude que tu as que les r\u00e9sultats ne sont pas dus au hasard.<\/p><p>Par exemple, un niveau de confiance de 95% signifie que tu peux affirmer avec 95%iger que les r\u00e9sultats sont significatifs si le niveau de confiance calcul\u00e9 est atteint.<\/p><p>Calcule avec notre outil le temps d'ex\u00e9cution n\u00e9cessaire pour obtenir des r\u00e9sultats significatifs et planifie tes tests plus efficacement.<\/p><p>\u00a0<\/p>\t\t\t\t\t\t\t\t<\/div>\n\t\t\t\t<\/div>\n\t\t\t\t\t<\/div>\n\t\t<\/div>\n\t\t\t\t\t<\/div>\n\t\t<\/section>\n\t\t\t\t<section data-particle_enable=\"false\" data-particle-mobile-disabled=\"false\" class=\"elementor-section elementor-top-section elementor-element elementor-element-8b1f5a3 elementor-section-boxed elementor-section-height-default elementor-section-height-default\" data-id=\"8b1f5a3\" data-element_type=\"section\" data-e-type=\"section\">\n\t\t\t\t\t\t\t<div class=\"elementor-background-overlay\"><\/div>\n\t\t\t\t\t\t\t<div class=\"elementor-container elementor-column-gap-default\">\n\t\t\t\t\t<div class=\"elementor-column elementor-col-100 elementor-top-column elementor-element elementor-element-3cd7ecf\" data-id=\"3cd7ecf\" data-element_type=\"column\" data-e-type=\"column\">\n\t\t\t<div class=\"elementor-widget-wrap elementor-element-populated\">\n\t\t\t\t\t\t<div class=\"elementor-element elementor-element-b8a7366 elementor-widget elementor-widget-heading\" data-id=\"b8a7366\" data-element_type=\"widget\" data-e-type=\"widget\" data-widget_type=\"heading.default\">\n\t\t\t\t<div class=\"elementor-widget-container\">\n\t\t\t\t\t<h1 class=\"elementor-heading-title elementor-size-default\">Un prix - un test A\/B illimit\u00e9 chez Varify.io<\/h1>\t\t\t\t<\/div>\n\t\t\t\t<\/div>\n\t\t\t\t<div class=\"elementor-element elementor-element-d12780a elementor-widget elementor-widget-text-editor\" data-id=\"d12780a\" data-element_type=\"widget\" data-e-type=\"widget\" data-widget_type=\"text-editor.default\">\n\t\t\t\t<div class=\"elementor-widget-container\">\n\t\t\t\t\t\t\t\t\t<p>Ton alternative parfaite \u00e0 tous les outils de test A\/B<\/p>\t\t\t\t\t\t\t\t<\/div>\n\t\t\t\t<\/div>\n\t\t\t\t<div class=\"elementor-element elementor-element-5694f0c elementor-hidden-desktop elementor-hidden-tablet elementor-icon-list--layout-traditional elementor-list-item-link-full_width elementor-widget elementor-widget-icon-list\" data-id=\"5694f0c\" data-element_type=\"widget\" data-e-type=\"widget\" data-widget_type=\"icon-list.default\">\n\t\t\t\t<div class=\"elementor-widget-container\">\n\t\t\t\t\t\t\t<ul class=\"elementor-icon-list-items\">\n\t\t\t\t\t\t\t<li class=\"elementor-icon-list-item\">\n\t\t\t\t\t\t\t\t\t\t\t<span class=\"elementor-icon-list-icon\">\n\t\t\t\t\t\t\t<i aria-hidden=\"true\" class=\"fas fa-check\"><\/i>\t\t\t\t\t\t<\/span>\n\t\t\t\t\t\t\t\t\t\t<span class=\"elementor-icon-list-text\"><b>Prix fixe:<\/b> 119 \u20ac par mois - quel que soit le trafic ou l'exp\u00e9rimentation<\/span>\n\t\t\t\t\t\t\t\t\t<\/li>\n\t\t\t\t\t\t\t\t<li class=\"elementor-icon-list-item\">\n\t\t\t\t\t\t\t\t\t\t\t<span class=\"elementor-icon-list-icon\">\n\t\t\t\t\t\t\t<i aria-hidden=\"true\" class=\"fas fa-check\"><\/i>\t\t\t\t\t\t<\/span>\n\t\t\t\t\t\t\t\t\t\t<span class=\"elementor-icon-list-text\"><b>Utilisable partout:<\/b> Fonctionne sur tous les sites web et syst\u00e8mes de boutique<\/span>\n\t\t\t\t\t\t\t\t\t<\/li>\n\t\t\t\t\t\t\t\t<li class=\"elementor-icon-list-item\">\n\t\t\t\t\t\t\t\t\t\t\t<span class=\"elementor-icon-list-icon\">\n\t\t\t\t\t\t\t<i aria-hidden=\"true\" class=\"fas fa-check\"><\/i>\t\t\t\t\t\t<\/span>\n\t\t\t\t\t\t\t\t\t\t<span class=\"elementor-icon-list-text\"><b>Accessible \u00e0 tous:<\/b> Encore plus simple que Google Optimize<\/span>\n\t\t\t\t\t\t\t\t\t<\/li>\n\t\t\t\t\t\t<\/ul>\n\t\t\t\t\t\t<\/div>\n\t\t\t\t<\/div>\n\t\t\t\t<div class=\"elementor-element elementor-element-2893046 elementor-widget__width-initial elementor-hidden-desktop elementor-hidden-tablet elementor-widget elementor-widget-image\" data-id=\"2893046\" data-element_type=\"widget\" data-e-type=\"widget\" data-widget_type=\"image.default\">\n\t\t\t\t<div class=\"elementor-widget-container\">\n\t\t\t\t\t\t\t\t\t\t\t\t\t\t\t<img fetchpriority=\"high\" decoding=\"async\" width=\"330\" height=\"330\" src=\"https:\/\/varify.io\/wp-content\/uploads\/2023\/04\/3step-image.png\" class=\"attachment-large size-large wp-image-20002\" alt=\"\" srcset=\"https:\/\/varify.io\/wp-content\/uploads\/2023\/04\/3step-image.png 330w, https:\/\/varify.io\/wp-content\/uploads\/2023\/04\/3step-image-300x300.png 300w, https:\/\/varify.io\/wp-content\/uploads\/2023\/04\/3step-image-150x150.png 150w, https:\/\/varify.io\/wp-content\/uploads\/2023\/04\/3step-image-12x12.png 12w\" sizes=\"(max-width: 330px) 100vw, 330px\" \/>\t\t\t\t\t\t\t\t\t\t\t\t\t\t\t<\/div>\n\t\t\t\t<\/div>\n\t\t\t\t\t<\/div>\n\t\t<\/div>\n\t\t\t\t\t<\/div>\n\t\t<\/section>\n\t\t\t\t<section data-particle_enable=\"false\" data-particle-mobile-disabled=\"false\" class=\"elementor-section elementor-top-section elementor-element elementor-element-e3dcb08 elementor-section-boxed elementor-section-height-default elementor-section-height-default\" data-id=\"e3dcb08\" data-element_type=\"section\" data-e-type=\"section\">\n\t\t\t\t\t\t\t<div class=\"elementor-background-overlay\"><\/div>\n\t\t\t\t\t\t\t<div class=\"elementor-container elementor-column-gap-default\">\n\t\t\t\t\t<div class=\"elementor-column elementor-col-50 elementor-top-column elementor-element elementor-element-f1451a3\" data-id=\"f1451a3\" data-element_type=\"column\" data-e-type=\"column\">\n\t\t\t<div class=\"elementor-widget-wrap elementor-element-populated\">\n\t\t\t\t\t\t<div class=\"elementor-element elementor-element-c457173 elementor-icon-list--layout-traditional elementor-list-item-link-full_width elementor-widget elementor-widget-icon-list\" data-id=\"c457173\" data-element_type=\"widget\" data-e-type=\"widget\" data-widget_type=\"icon-list.default\">\n\t\t\t\t<div class=\"elementor-widget-container\">\n\t\t\t\t\t\t\t<ul class=\"elementor-icon-list-items\">\n\t\t\t\t\t\t\t<li class=\"elementor-icon-list-item\">\n\t\t\t\t\t\t\t\t\t\t\t<span class=\"elementor-icon-list-icon\">\n\t\t\t\t\t\t\t<i aria-hidden=\"true\" class=\"fas fa-check\"><\/i>\t\t\t\t\t\t<\/span>\n\t\t\t\t\t\t\t\t\t\t<span class=\"elementor-icon-list-text\"><b>Prix fixe:<\/b> 119 \u20ac par mois - quel que soit le trafic ou l'exp\u00e9rimentation<\/span>\n\t\t\t\t\t\t\t\t\t<\/li>\n\t\t\t\t\t\t\t\t<li class=\"elementor-icon-list-item\">\n\t\t\t\t\t\t\t\t\t\t\t<span class=\"elementor-icon-list-icon\">\n\t\t\t\t\t\t\t<i aria-hidden=\"true\" class=\"fas fa-check\"><\/i>\t\t\t\t\t\t<\/span>\n\t\t\t\t\t\t\t\t\t\t<span class=\"elementor-icon-list-text\"><b>Utilisable partout:<\/b> Fonctionne sur tous les sites web et syst\u00e8mes de boutique<\/span>\n\t\t\t\t\t\t\t\t\t<\/li>\n\t\t\t\t\t\t\t\t<li class=\"elementor-icon-list-item\">\n\t\t\t\t\t\t\t\t\t\t\t<span class=\"elementor-icon-list-icon\">\n\t\t\t\t\t\t\t<i aria-hidden=\"true\" class=\"fas fa-check\"><\/i>\t\t\t\t\t\t<\/span>\n\t\t\t\t\t\t\t\t\t\t<span class=\"elementor-icon-list-text\"><b>Accessible \u00e0 tous:<\/b> Encore plus simple que Google Optimize<\/span>\n\t\t\t\t\t\t\t\t\t<\/li>\n\t\t\t\t\t\t<\/ul>\n\t\t\t\t\t\t<\/div>\n\t\t\t\t<\/div>\n\t\t\t\t<div class=\"elementor-element elementor-element-b5c7c59 elementor-widget elementor-widget-eael-creative-button\" data-id=\"b5c7c59\" data-element_type=\"widget\" data-e-type=\"widget\" data-widget_type=\"eael-creative-button.default\">\n\t\t\t\t<div class=\"elementor-widget-container\">\n\t\t\t\t\t        <div class=\"eael-creative-button-wrapper\">\n\n            <a class=\"eael-creative-button eael-creative-button--default\" href=\"https:\/\/varify.io\/fr\/enregistrement\/\" data-text=\"Go!\">\n            \t    \n                <div class=\"creative-button-inner\">\n\n                    \n                    <span class=\"cretive-button-text\">Tester 30 jours gratuitement<\/span>\n\n                                    <\/div>\n\t                        <\/a>\n        <\/div>\n        \t\t\t\t<\/div>\n\t\t\t\t<\/div>\n\t\t\t\t<div class=\"elementor-element elementor-element-4ea22a4 elementor-widget elementor-widget-text-editor\" data-id=\"4ea22a4\" data-element_type=\"widget\" data-e-type=\"widget\" data-widget_type=\"text-editor.default\">\n\t\t\t\t<div class=\"elementor-widget-container\">\n\t\t\t\t\t\t\t\t\t<p>Aucune carte de cr\u00e9dit n'est requise<\/p>\t\t\t\t\t\t\t\t<\/div>\n\t\t\t\t<\/div>\n\t\t\t\t<div class=\"elementor-element elementor-element-0b33f7e elementor-widget elementor-widget-image\" data-id=\"0b33f7e\" data-element_type=\"widget\" data-e-type=\"widget\" data-widget_type=\"image.default\">\n\t\t\t\t<div class=\"elementor-widget-container\">\n\t\t\t\t\t\t\t\t\t\t\t\t\t\t\t<img decoding=\"async\" width=\"170\" height=\"64\" src=\"https:\/\/varify.io\/wp-content\/uploads\/2025\/09\/OMR-top-rated-Q4_2024.png\" class=\"attachment-full size-full wp-image-20553\" alt=\"\" \/>\t\t\t\t\t\t\t\t\t\t\t\t\t\t\t<\/div>\n\t\t\t\t<\/div>\n\t\t\t\t\t<\/div>\n\t\t<\/div>\n\t\t\t\t<div class=\"elementor-column elementor-col-50 elementor-top-column elementor-element elementor-element-6a43b86\" data-id=\"6a43b86\" data-element_type=\"column\" data-e-type=\"column\">\n\t\t\t<div class=\"elementor-widget-wrap elementor-element-populated\">\n\t\t\t\t\t\t<div class=\"elementor-element elementor-element-e458ffc elementor-widget__width-initial elementor-widget elementor-widget-image\" data-id=\"e458ffc\" data-element_type=\"widget\" data-e-type=\"widget\" data-widget_type=\"image.default\">\n\t\t\t\t<div class=\"elementor-widget-container\">\n\t\t\t\t\t\t\t\t\t\t\t\t\t\t\t<img fetchpriority=\"high\" decoding=\"async\" width=\"330\" height=\"330\" src=\"https:\/\/varify.io\/wp-content\/uploads\/2023\/04\/3step-image.png\" class=\"attachment-large size-large wp-image-20002\" alt=\"\" srcset=\"https:\/\/varify.io\/wp-content\/uploads\/2023\/04\/3step-image.png 330w, https:\/\/varify.io\/wp-content\/uploads\/2023\/04\/3step-image-300x300.png 300w, https:\/\/varify.io\/wp-content\/uploads\/2023\/04\/3step-image-150x150.png 150w, https:\/\/varify.io\/wp-content\/uploads\/2023\/04\/3step-image-12x12.png 12w\" sizes=\"(max-width: 330px) 100vw, 330px\" \/>\t\t\t\t\t\t\t\t\t\t\t\t\t\t\t<\/div>\n\t\t\t\t<\/div>\n\t\t\t\t\t<\/div>\n\t\t<\/div>\n\t\t\t\t\t<\/div>\n\t\t<\/section>\n\t\t\t\t<\/div>","protected":false},"excerpt":{"rendered":"<p>A\/B-Test &#8211; Laufzeitrechner V 1.0 Zu den Informationen Anzahl der Besucher im Monat Erwarteter Effekt in % Anzahl der Varianten (inklusive Control): Conversion Rate % der Control: Confidence Level: 90%95%99% Calculate Du m\u00f6chtest einen A\/B-Test durchf\u00fchren? Sehr gut! Jetzt gilt es, den ben\u00f6tigten Zeitraum zu verstehen und zu planen. Mit unserem Laufzeitrechner kannst du pr\u00e4zise [&hellip;]<\/p>\n","protected":false},"author":3,"featured_media":0,"parent":0,"menu_order":0,"comment_status":"closed","ping_status":"closed","template":"","meta":{"inline_featured_image":false,"footnotes":""},"class_list":["post-31981","page","type-page","status-publish","hentry"],"_links":{"self":[{"href":"https:\/\/varify.io\/fr\/wp-json\/wp\/v2\/pages\/31981","targetHints":{"allow":["GET"]}}],"collection":[{"href":"https:\/\/varify.io\/fr\/wp-json\/wp\/v2\/pages"}],"about":[{"href":"https:\/\/varify.io\/fr\/wp-json\/wp\/v2\/types\/page"}],"author":[{"embeddable":true,"href":"https:\/\/varify.io\/fr\/wp-json\/wp\/v2\/users\/3"}],"replies":[{"embeddable":true,"href":"https:\/\/varify.io\/fr\/wp-json\/wp\/v2\/comments?post=31981"}],"version-history":[{"count":63,"href":"https:\/\/varify.io\/fr\/wp-json\/wp\/v2\/pages\/31981\/revisions"}],"predecessor-version":[{"id":39226,"href":"https:\/\/varify.io\/fr\/wp-json\/wp\/v2\/pages\/31981\/revisions\/39226"}],"wp:attachment":[{"href":"https:\/\/varify.io\/fr\/wp-json\/wp\/v2\/media?parent=31981"}],"curies":[{"name":"wp","href":"https:\/\/api.w.org\/{rel}","templated":true}]}}