{"id":5226,"date":"2019-07-12T20:03:10","date_gmt":"2019-07-12T20:03:10","guid":{"rendered":"https:\/\/varify.io\/?page_id=5226"},"modified":"2019-07-12T20:03:10","modified_gmt":"2019-07-12T20:03:10","slug":"auswertung-deiner-a-b-tests","status":"publish","type":"page","link":"https:\/\/varify.io\/fr\/dokumentation\/evaluation-de-tes-tests-a-b\/","title":{"rendered":"\u00c9valuation de tes variantes"},"content":{"rendered":"<p>Varify.io ne suit pas les donn\u00e9es et est donc conforme au RGPD. L'\u00e9valuation des variantes que tu as cr\u00e9\u00e9es peut se faire tr\u00e8s simplement et automatiquement via tes outils d'analyse existants. D'autre part, tu peux \u00e9galement utiliser les fonctions d'\u00e9valuation de tes outils de marketing \u00e0 la performance comme Google Ads ou Facebook Marketing.<\/p>\n\n\n\n<h2 class=\"wp-block-heading\">\u00c9valuation avec ton outil d'analyse <\/h2>\n\n\n\n<p>Pour \u00e9valuer tes variantes avec Google Analytics, tu n'as pas besoin d'effectuer de r\u00e9glages suppl\u00e9mentaires. Le suivi est presque enti\u00e8rement automatique. Tu \u00e9values la variante cr\u00e9\u00e9e exactement de la m\u00eame mani\u00e8re que tu \u00e9values la page principale. Tu trouves la variante sous le nom de la page centrale avec l'annexe ?varify={nom de la variante}.<\/p>\n\n\n\n<figure class=\"wp-block-image\"><img decoding=\"async\" src=\"https:\/\/varify.io\/wp-content\/uploads\/2019\/07\/Bildschirmfoto-2019-07-09-um-23.03.28.png\" alt=\"\" class=\"wp-image-5214\"\/><\/figure>\n\n\n\n<h2 class=\"wp-block-heading\">\u00c9valuation avec ton outil de marketing \u00e0 la performance (exemple Google Ads)<\/h2>\n\n\n\n<p>Pour \u00e9valuer la performance de ta variante, nous te recommandons de faire un test publicitaire 50\/50 avec un ciblage r\u00e9gulier, les deux annonces ayant le m\u00eame contenu. La seule diff\u00e9rence est que pour une annonce, tu inscris l'URL cible de ta page Core (ex. www.testpage.de\/bekleidung) et pour l'autre variante, l'URL cible de ta variante (ex. www.testpage.de\/bekleidung?varify={nom de la variante}).<\/p>\n\n\n\n<p>Si tu compares maintenant les deux variantes, tu peux les comparer directement \u00e0 l'aide des conversions que tu as d\u00e9finies et d'autres indicateurs. Tu peux ainsi voir en toute transparence quel est l'impact de la variante.<\/p>","protected":false},"excerpt":{"rendered":"<p>Varify.io trackt keine Daten und ist deshalb DSGVO konform. Die Auswertung deiner erstellten Varianten kannst du zum einen ganz einfach und v\u00f6llig automatisch \u00fcber deine bestehenden Analyse Tools vornehmen. Zum anderen kannst du zur Auswertung ebenfalls die Auswertungsfunktionen deiner Performance Marketing Tools wie Google Ads oder Facebook Marketing nutzen. Auswertung mit deinem Analyse Tool Um [&hellip;]<\/p>\n","protected":false},"author":2,"featured_media":0,"parent":4317,"menu_order":0,"comment_status":"closed","ping_status":"closed","template":"","meta":{"inline_featured_image":false,"footnotes":""},"class_list":["post-5226","page","type-page","status-publish","hentry"],"_links":{"self":[{"href":"https:\/\/varify.io\/fr\/wp-json\/wp\/v2\/pages\/5226","targetHints":{"allow":["GET"]}}],"collection":[{"href":"https:\/\/varify.io\/fr\/wp-json\/wp\/v2\/pages"}],"about":[{"href":"https:\/\/varify.io\/fr\/wp-json\/wp\/v2\/types\/page"}],"author":[{"embeddable":true,"href":"https:\/\/varify.io\/fr\/wp-json\/wp\/v2\/users\/2"}],"replies":[{"embeddable":true,"href":"https:\/\/varify.io\/fr\/wp-json\/wp\/v2\/comments?post=5226"}],"version-history":[{"count":0,"href":"https:\/\/varify.io\/fr\/wp-json\/wp\/v2\/pages\/5226\/revisions"}],"up":[{"embeddable":true,"href":"https:\/\/varify.io\/fr\/wp-json\/wp\/v2\/pages\/4317"}],"wp:attachment":[{"href":"https:\/\/varify.io\/fr\/wp-json\/wp\/v2\/media?parent=5226"}],"curies":[{"name":"wp","href":"https:\/\/api.w.org\/{rel}","templated":true}]}}