{"id":5346,"date":"2019-09-09T18:25:10","date_gmt":"2019-09-09T18:25:10","guid":{"rendered":"https:\/\/varify.io\/?page_id=5346"},"modified":"2019-09-09T18:25:10","modified_gmt":"2019-09-09T18:25:10","slug":"upload-image","status":"publish","type":"page","link":"https:\/\/varify.io\/fr\/dokumentation\/varianten-erstellen\/upload-image\/","title":{"rendered":"T\u00e9l\u00e9charger l'image"},"content":{"rendered":"<p>Tu as la possibilit\u00e9 d'\u00e9changer une image sur le site ou d'en ajouter une nouvelle. \"Upload Image\" est con\u00e7u pour pouvoir t\u00e9l\u00e9charger une image qui n'est pas encore disponible en ligne. L'image est h\u00e9berg\u00e9e chez Varify.io et est charg\u00e9e lors de l'appel de la variante. <\/p>\n\n\n\n<div class=\"wp-block-image\"><figure class=\"aligncenter is-resized\"><img decoding=\"async\" src=\"https:\/\/varify.io\/wp-content\/uploads\/2019\/09\/Bildschirmfoto-2019-09-09-um-20.42.57.png\" alt=\"\" class=\"wp-image-5357\" width=\"600\"\/><\/figure><\/div>\n\n\n\n<p>Tu souhaites utiliser une image que tu as d\u00e9j\u00e0 t\u00e9l\u00e9charg\u00e9e dans ton CMS ? Pas de probl\u00e8me. Utilise \"Edit HTML\" et remplace simplement le lien de l'image dans ta variante.<\/p>\n\n\n\n<form action=\"\">\n  <input type=\"button\" value=\"Retour\" onclick=\"history.go(-1);return true;\">\n<input type=\"hidden\" name=\"trp-form-language\" value=\"fr\"\/><\/form>","protected":false},"excerpt":{"rendered":"<p>Du hast die M\u00f6glichkeit ein Bild auf der Seite zu tauschen oder ein neues Bild hinzuzuf\u00fcgen. &#8220;Upload Image&#8221; ist daf\u00fcr gedacht ein Bild, dass noch nicht online verf\u00fcgbar ist, hochladen zu k\u00f6nnen. Das Bild wird bei Varify.io gehostet und wird beim Aufruf der Variante geladen. M\u00f6chtest du ein Bild verwenden, dass du schon in deinem [&hellip;]<\/p>\n","protected":false},"author":2,"featured_media":0,"parent":4341,"menu_order":0,"comment_status":"closed","ping_status":"closed","template":"","meta":{"inline_featured_image":false,"footnotes":""},"class_list":["post-5346","page","type-page","status-publish","hentry"],"_links":{"self":[{"href":"https:\/\/varify.io\/fr\/wp-json\/wp\/v2\/pages\/5346","targetHints":{"allow":["GET"]}}],"collection":[{"href":"https:\/\/varify.io\/fr\/wp-json\/wp\/v2\/pages"}],"about":[{"href":"https:\/\/varify.io\/fr\/wp-json\/wp\/v2\/types\/page"}],"author":[{"embeddable":true,"href":"https:\/\/varify.io\/fr\/wp-json\/wp\/v2\/users\/2"}],"replies":[{"embeddable":true,"href":"https:\/\/varify.io\/fr\/wp-json\/wp\/v2\/comments?post=5346"}],"version-history":[{"count":0,"href":"https:\/\/varify.io\/fr\/wp-json\/wp\/v2\/pages\/5346\/revisions"}],"up":[{"embeddable":true,"href":"https:\/\/varify.io\/fr\/wp-json\/wp\/v2\/pages\/4341"}],"wp:attachment":[{"href":"https:\/\/varify.io\/fr\/wp-json\/wp\/v2\/media?parent=5346"}],"curies":[{"name":"wp","href":"https:\/\/api.w.org\/{rel}","templated":true}]}}