{"id":12,"date":"2021-05-26T11:10:10","date_gmt":"2021-05-26T09:10:10","guid":{"rendered":"https:\/\/wp-vorlage-elementor.um-server.de\/?page_id=12"},"modified":"2026-04-22T16:22:26","modified_gmt":"2026-04-22T14:22:26","slug":"imprint","status":"publish","type":"page","link":"https:\/\/varify.io\/it\/imprint\/","title":{"rendered":"Impronta"},"content":{"rendered":"<div data-elementor-type=\"wp-page\" data-elementor-id=\"12\" class=\"elementor elementor-12\" data-elementor-post-type=\"page\">\n\t\t\t\t\t\t<section data-particle_enable=\"false\" data-particle-mobile-disabled=\"false\" class=\"elementor-section elementor-top-section elementor-element elementor-element-4a13d94 elementor-section-boxed elementor-section-height-default elementor-section-height-default\" data-id=\"4a13d94\" data-element_type=\"section\" data-e-type=\"section\">\n\t\t\t\t\t\t<div class=\"elementor-container elementor-column-gap-default\">\n\t\t\t\t\t<div class=\"elementor-column elementor-col-100 elementor-top-column elementor-element elementor-element-845e63f\" data-id=\"845e63f\" data-element_type=\"column\" data-e-type=\"column\">\n\t\t\t<div class=\"elementor-widget-wrap elementor-element-populated\">\n\t\t\t\t\t\t<div class=\"elementor-element elementor-element-4a3e290 elementor-widget elementor-widget-heading\" data-id=\"4a3e290\" data-element_type=\"widget\" data-e-type=\"widget\" data-widget_type=\"heading.default\">\n\t\t\t\t<div class=\"elementor-widget-container\">\n\t\t\t\t\t<h1 class=\"elementor-heading-title elementor-size-default\">Impronta<\/h1>\t\t\t\t<\/div>\n\t\t\t\t<\/div>\n\t\t\t\t<div class=\"elementor-element elementor-element-d4c38c3 elementor-widget elementor-widget-text-editor\" data-id=\"d4c38c3\" data-element_type=\"widget\" data-e-type=\"widget\" data-widget_type=\"text-editor.default\">\n\t\t\t\t<div class=\"elementor-widget-container\">\n\t\t\t\t\t\t\t\t\t<h3>Informazioni ai sensi del \u00a7 5 TMG<\/h3><p>Varify Software GmbH<br \/>S\u00fcdliche M\u00fcnchner Stra\u00dfe 55<br \/>82031 Gr\u00fcnwald<\/p><p>Tribunale di Monaco HRB 289569<br \/>Numero di identificazione dell'imposta sulle vendite: DE366335230<\/p><p><strong>Rappresentato dagli azionisti:<\/strong><br \/>Thomas B. Kraus, Daniel Schalow, Steffen Schulz<\/p><h3>Contattaci<\/h3><p>Telefono: +49 89 21909123 0<br \/>E-mail: info@varify.io<\/p><h3>Risoluzione delle controversie<\/h3><p>La Commissione europea fornisce una piattaforma per la risoluzione delle controversie online (OS): <a href=\"https:\/\/ec.europa.eu\/consumers\/odr\" target=\"_blank\" rel=\"noopener noreferrer\">https:\/\/ec.europa.eu\/consumers\/odr<\/a>.<br \/>Il nostro indirizzo e-mail \u00e8 riportato nella nota legale di cui sopra.<\/p><p>Non siamo disposti o obbligati a partecipare a procedure di risoluzione delle controversie davanti a un collegio arbitrale dei consumatori.<\/p><h3>Responsabilit\u00e0 per i contenuti<\/h3><p>In qualit\u00e0 di fornitore di servizi, siamo responsabili dei nostri contenuti su queste pagine ai sensi dell'art. 7 (1) TMG (legge tedesca sui media telematici) e della legislazione generale. Ai sensi dei \u00a7\u00a7 8-10 TMG, tuttavia, in qualit\u00e0 di fornitore di servizi non siamo obbligati a monitorare le informazioni trasmesse o memorizzate da terzi o a indagare su circostanze che indicano un'attivit\u00e0 illegale.<\/p><p>L'obbligo di rimuovere o bloccare l'uso delle informazioni in conformit\u00e0 alla legislazione generale rimane inalterato. Tuttavia, la responsabilit\u00e0 in questo senso \u00e8 possibile solo dal momento in cui veniamo a conoscenza di una specifica violazione. Non appena verremo a conoscenza di tali violazioni, provvederemo a rimuovere immediatamente tali contenuti.<\/p><h3>Responsabilit\u00e0 per i link<\/h3><p>Il nostro sito web contiene link a siti esterni di terzi sui cui contenuti non abbiamo alcuna influenza. Pertanto, non ci assumiamo alcuna responsabilit\u00e0 per questi contenuti di terzi. Il rispettivo fornitore o gestore delle pagine \u00e8 sempre responsabile del contenuto delle pagine collegate. Le pagine collegate sono state controllate per verificare eventuali violazioni di legge al momento del collegamento. I contenuti illegali non erano riconoscibili al momento del collegamento.<\/p><p>Tuttavia, il monitoraggio permanente del contenuto delle pagine collegate non \u00e8 ragionevole senza prove concrete di una violazione. Se veniamo a conoscenza di violazioni legali, rimuoveremo immediatamente tali link.<\/p><h3><strong>Assicurazione<\/strong><\/h3><p>Varify GmbH ha stipulato una polizza assicurativa per le aziende IT con l'assicuratore specializzato Hiscox.<\/p><p><a href=\"https:\/\/varify.io\/wp-content\/uploads\/2023\/03\/hiscox-versichert-siegel_2023.pdf\"><img decoding=\"async\" src=\"https:\/\/varify.io\/wp-content\/uploads\/2023\/03\/hiscox-versichert-siegel_2023-pdf-150x150.jpg\" alt=\"\" width=\"150\" height=\"150\" \/><\/a><\/p><h3>Copyright<\/h3><p>I contenuti e le opere create dagli operatori del sito su queste pagine sono soggetti alla legge tedesca sul diritto d'autore. La riproduzione, la modifica, la distribuzione e qualsiasi tipo di utilizzo al di fuori dei limiti della legge sul copyright richiedono il consenso scritto del rispettivo autore o creatore. Download e copie di questo sito sono consentiti solo per uso privato e non commerciale.<\/p><p>Nella misura in cui i contenuti di questo sito non sono stati creati dal gestore, vengono rispettati i diritti d'autore di terzi. In particolare, i contenuti di terzi sono contrassegnati come tali. Se tuttavia doveste venire a conoscenza di una violazione del copyright, vi preghiamo di informarci. Qualora venissimo a conoscenza di violazioni, provvederemo a rimuovere immediatamente tali contenuti.<\/p><p>Fonte: <a href=\"https:\/\/www.e-recht24.de\/impressum-generator.html\" target=\"_blank\" rel=\"noopener\">https:\/\/www.e-recht24.de\/impressum-generator.html<\/a><\/p>\t\t\t\t\t\t\t\t<\/div>\n\t\t\t\t<\/div>\n\t\t\t\t\t<\/div>\n\t\t<\/div>\n\t\t\t\t\t<\/div>\n\t\t<\/section>\n\t\t\t\t<\/div>","protected":false},"excerpt":{"rendered":"<p>Impressum Angaben gem\u00e4\u00df \u00a7 5 TMG Varify Software GmbHS\u00fcdliche M\u00fcnchner Stra\u00dfe 5582031 Gr\u00fcnwald Amtsgericht M\u00fcnchen HRB 289569Umsatzsteuer-Identifikationsnummer: DE366335230 Vertreten durch die Gesellschafter:Thomas B. Kraus, Daniel Schalow, Steffen Schulz Kontakt Telefon: +49 89 21909123 0E-Mail: info@varify.io Streitschlichtung Die Europ\u00e4ische Kommission stellt eine Plattform zur Online-Streitbeilegung (OS) bereit: https:\/\/ec.europa.eu\/consumers\/odr.Unsere E-Mail-Adresse finden Sie oben im Impressum. Wir sind [&hellip;]<\/p>\n","protected":false},"author":1,"featured_media":0,"parent":0,"menu_order":0,"comment_status":"closed","ping_status":"closed","template":"","meta":{"inline_featured_image":false,"footnotes":""},"class_list":["post-12","page","type-page","status-publish","hentry"],"_links":{"self":[{"href":"https:\/\/varify.io\/it\/wp-json\/wp\/v2\/pages\/12","targetHints":{"allow":["GET"]}}],"collection":[{"href":"https:\/\/varify.io\/it\/wp-json\/wp\/v2\/pages"}],"about":[{"href":"https:\/\/varify.io\/it\/wp-json\/wp\/v2\/types\/page"}],"author":[{"embeddable":true,"href":"https:\/\/varify.io\/it\/wp-json\/wp\/v2\/users\/1"}],"replies":[{"embeddable":true,"href":"https:\/\/varify.io\/it\/wp-json\/wp\/v2\/comments?post=12"}],"version-history":[{"count":66,"href":"https:\/\/varify.io\/it\/wp-json\/wp\/v2\/pages\/12\/revisions"}],"predecessor-version":[{"id":33075,"href":"https:\/\/varify.io\/it\/wp-json\/wp\/v2\/pages\/12\/revisions\/33075"}],"wp:attachment":[{"href":"https:\/\/varify.io\/it\/wp-json\/wp\/v2\/media?parent=12"}],"curies":[{"name":"wp","href":"https:\/\/api.w.org\/{rel}","templated":true}]}}