{"id":19668,"date":"2023-04-19T23:12:05","date_gmt":"2023-04-19T21:12:05","guid":{"rendered":"https:\/\/varify.io\/?page_id=19668"},"modified":"2025-07-02T09:44:51","modified_gmt":"2025-07-02T07:44:51","slug":"gewinnspiel-bedingungen","status":"publish","type":"page","link":"https:\/\/varify.io\/it\/condizioni-di-gara\/","title":{"rendered":"Condizioni del concorso"},"content":{"rendered":"<div data-elementor-type=\"wp-page\" data-elementor-id=\"19668\" class=\"elementor elementor-19668\" data-elementor-post-type=\"page\">\n\t\t\t\t\t\t<section data-particle_enable=\"false\" data-particle-mobile-disabled=\"false\" class=\"elementor-section elementor-top-section elementor-element elementor-element-3486c9c elementor-section-boxed elementor-section-height-default elementor-section-height-default\" data-id=\"3486c9c\" data-element_type=\"section\" data-e-type=\"section\">\n\t\t\t\t\t\t<div class=\"elementor-container elementor-column-gap-default\">\n\t\t\t\t\t<div class=\"elementor-column elementor-col-100 elementor-top-column elementor-element elementor-element-69399e4\" data-id=\"69399e4\" data-element_type=\"column\" data-e-type=\"column\">\n\t\t\t<div class=\"elementor-widget-wrap elementor-element-populated\">\n\t\t\t\t\t\t<div class=\"elementor-element elementor-element-b064dd6 elementor-widget elementor-widget-text-editor\" data-id=\"b064dd6\" data-element_type=\"widget\" data-e-type=\"widget\" data-widget_type=\"text-editor.default\">\n\t\t\t\t<div class=\"elementor-widget-container\">\n\t\t\t\t\t\t\t\t\t<p data-start=\"57\" data-end=\"185\"><\/p>\n<p data-start=\"248\" data-end=\"480\"><strong data-start=\"248\" data-end=\"263\">Informazioni generali<\/strong><br data-start=\"263\" data-end=\"266\">Il concorso \u00e8 organizzato da Varify Software GmbH, S\u00fcdliche M\u00fcnchner Str. 55, 82031 Gr\u00fcnwald.<br data-start=\"363\" data-end=\"366\">Il concorso non \u00e8 affiliato a LinkedIn e non \u00e8 sponsorizzato o promosso da LinkedIn.<\/p>\n<hr data-start=\"482\" data-end=\"485\">\n<p data-start=\"487\" data-end=\"709\"><strong data-start=\"487\" data-end=\"511\">Condizioni di partecipazione<\/strong><br data-start=\"511\" data-end=\"514\">Possono partecipare tutte le persone di et\u00e0 superiore ai 18 anni.<br data-start=\"566\" data-end=\"569\">Sono esclusi dalla partecipazione i dipendenti e le persone coinvolte nell'organizzazione e nell'attuazione del concorso.<\/p>\n<p data-start=\"711\" data-end=\"936\">Ci riserviamo il diritto di escludere dalla partecipazione chiunque manipoli o tenti di manipolare il processo di partecipazione, il sistema e\/o l'estrazione o violi le condizioni di partecipazione.<\/p>\n<p data-start=\"938\" data-end=\"1065\">Nel caso di un vincitore escluso, il premio potr\u00e0 essere successivamente ritirato e potr\u00e0 essere individuato un vincitore sostitutivo.<\/p>\n<hr data-start=\"1067\" data-end=\"1070\">\n<p data-start=\"1072\" data-end=\"1156\"><strong data-start=\"1072\" data-end=\"1101\">Durata del concorso<\/strong><br data-start=\"1101\" data-end=\"1104\">Il concorso si svolge dal 02.07.2025 al 17.07.2025.<\/p>\n<hr data-start=\"1158\" data-end=\"1161\">\n<p data-start=\"1163\" data-end=\"1440\"><strong data-start=\"1163\" data-end=\"1176\">Partecipazione<\/strong><br data-start=\"1176\" data-end=\"1179\">La partecipazione \u00e8 gratuita. Per partecipare, commentate il post su LinkedIn e lasciate un \"Mi piace\".<br data-start=\"1292\" data-end=\"1295\">Ogni persona pu\u00f2 partecipare al concorso una sola volta. \u00c8 vietato l'uso di pi\u00f9 account LinkedIn o di commenti automatici.<\/p>\n<hr data-start=\"1442\" data-end=\"1445\">\n<p data-start=\"1447\" data-end=\"1524\"><strong data-start=\"1447\" data-end=\"1467\">Data di chiusura<\/strong><br data-start=\"1467\" data-end=\"1470\">La data di chiusura delle iscrizioni \u00e8 il 17\/07\/2025 alle 23:59.<\/p>\n<hr data-start=\"1526\" data-end=\"1529\">\n<p data-start=\"1531\" data-end=\"1707\"><strong data-start=\"1531\" data-end=\"1562\">Procedura del concorso e premio<\/strong><br data-start=\"1562\" data-end=\"1565\">Il libro \"Conversion Optimisation - Successful Websites and Digital Campaigns\" di Tobias Loosschelders e il set di carte \"Psychological Trigger\" di Varify saranno messi in palio tra tutti i partecipanti.<\/p>\n<hr data-start=\"1709\" data-end=\"1712\">\n<p data-start=\"1714\" data-end=\"2108\"><strong data-start=\"1714\" data-end=\"1785\">Notifica dei vincitori e accettazione del premio entro il termine stabilito<\/strong><br data-start=\"1785\" data-end=\"1788\">Dopo l'estrazione, il vincitore sar\u00e0 menzionato nei commenti del post. La notifica non \u00e8 garantita.<br data-start=\"1902\" data-end=\"1905\">Il vincitore sar\u00e0 selezionato il 16\/07\/2025 e avvisato nei commenti. I vincitori dovranno inviare il loro indirizzo entro e non oltre le ore 11:00 del 21 luglio 2025 tramite messaggio privato. In caso contrario, il premio decadr\u00e0.<\/p>\n<hr data-start=\"2110\" data-end=\"2113\">\n<p data-start=\"2115\" data-end=\"2310\"><strong data-start=\"2115\" data-end=\"2147\">Elaborazione dei profitti e costi<\/strong><br data-start=\"2147\" data-end=\"2150\">Il premio non pu\u00f2 essere versato in contanti o scambiato. La cessione del premio a terzi \u00e8 esclusa in quanto il premio \u00e8 personale.<\/p>\n<hr data-start=\"2312\" data-end=\"2315\">\n<p data-start=\"2317\" data-end=\"2608\"><strong data-start=\"2317\" data-end=\"2332\">Protezione dei dati<\/strong><br data-start=\"2332\" data-end=\"2335\">I dati raccolti nell'ambito della partecipazione al concorso saranno conservati ai fini dell'organizzazione e dello svolgimento del concorso e poi cancellati. Garantiamo il massimo livello di protezione dei dati e rispettiamo tutte le disposizioni di legge in materia.<\/p>\n<hr data-start=\"2610\" data-end=\"2613\">\n<p data-start=\"2615\" data-end=\"2969\"><strong data-start=\"2615\" data-end=\"2626\">Responsabilit\u00e0<\/strong><br data-start=\"2626\" data-end=\"2629\">In caso di danni causati da negligenza lieve, saremo responsabili solo in caso di violazione di un obbligo contrattuale sostanziale e solo nella misura di un danno tipico e prevedibile. Questa limitazione di responsabilit\u00e0 non si applica in caso di danni alla vita, all'integrit\u00e0 fisica o alla salute o in caso di responsabilit\u00e0 legale obbligatoria.<\/p>\n<hr data-start=\"2971\" data-end=\"2974\">\n<p data-start=\"2976\" data-end=\"3269\"><strong data-start=\"2976\" data-end=\"3001\">Risoluzione anticipata<\/strong><br data-start=\"3001\" data-end=\"3004\">Ci riserviamo il diritto di annullare o modificare in tutto o in parte il concorso in qualsiasi momento, qualora motivi tecnici, legali o di forza maggiore ne impediscano il corretto svolgimento. In questi casi, i partecipanti non hanno alcun diritto nei nostri confronti.<\/p>\n<hr data-start=\"3271\" data-end=\"3274\">\n<p data-start=\"3276\" data-end=\"3430\"><strong data-start=\"3276\" data-end=\"3317\">Note e condizioni di LinkedIn<\/strong><br data-start=\"3317\" data-end=\"3320\">Il concorso non \u00e8 affiliato a LinkedIn. Non \u00e8 sponsorizzato, supportato o organizzato da LinkedIn. Tutte le domande e i commenti relativi al concorso devono essere indirizzati a Varify Software GmbH e non a LinkedIn.<\/p>\n<hr data-start=\"3879\" data-end=\"3882\">\n<p data-start=\"3884\" data-end=\"4178\"><strong data-start=\"3884\" data-end=\"3897\">Varie<\/strong><br data-start=\"3897\" data-end=\"3900\">L'eventuale invalidit\u00e0 di singole disposizioni delle presenti condizioni di partecipazione non pregiudica la validit\u00e0 delle restanti disposizioni. Possiamo modificare le condizioni di partecipazione in qualsiasi momento. Sono esclusi i ricorsi legali e si applica esclusivamente il diritto tedesco.<\/p>\t\t\t\t\t\t\t\t<\/div>\n\t\t\t\t<\/div>\n\t\t\t\t\t<\/div>\n\t\t<\/div>\n\t\t\t\t\t<\/div>\n\t\t<\/section>\n\t\t\t\t<\/div>","protected":false},"excerpt":{"rendered":"<p>AllgemeinesDas Gewinnspiel wird von der Varify Software GmbH, S\u00fcdliche M\u00fcnchner Str. 55, 82031 Gr\u00fcnwald durchgef\u00fchrt.Das Gewinnspiel steht in keiner Verbindung zu LinkedIn und wird auch nicht von LinkedIn gesponsert oder gef\u00f6rdert. TeilnahmebedingungenTeilnahmeberechtigt sind alle Personen ab 18 Jahren.Mitarbeiter und Personen, die an der Organisation und Durchf\u00fchrung des Gewinnspiels beteiligt sind, sind von der Teilnahme ausgeschlossen. [&hellip;]<\/p>\n","protected":false},"author":3,"featured_media":0,"parent":0,"menu_order":0,"comment_status":"closed","ping_status":"closed","template":"","meta":{"inline_featured_image":false,"footnotes":""},"class_list":["post-19668","page","type-page","status-publish","hentry"],"_links":{"self":[{"href":"https:\/\/varify.io\/it\/wp-json\/wp\/v2\/pages\/19668","targetHints":{"allow":["GET"]}}],"collection":[{"href":"https:\/\/varify.io\/it\/wp-json\/wp\/v2\/pages"}],"about":[{"href":"https:\/\/varify.io\/it\/wp-json\/wp\/v2\/types\/page"}],"author":[{"embeddable":true,"href":"https:\/\/varify.io\/it\/wp-json\/wp\/v2\/users\/3"}],"replies":[{"embeddable":true,"href":"https:\/\/varify.io\/it\/wp-json\/wp\/v2\/comments?post=19668"}],"version-history":[{"count":30,"href":"https:\/\/varify.io\/it\/wp-json\/wp\/v2\/pages\/19668\/revisions"}],"predecessor-version":[{"id":40616,"href":"https:\/\/varify.io\/it\/wp-json\/wp\/v2\/pages\/19668\/revisions\/40616"}],"wp:attachment":[{"href":"https:\/\/varify.io\/it\/wp-json\/wp\/v2\/media?parent=19668"}],"curies":[{"name":"wp","href":"https:\/\/api.w.org\/{rel}","templated":true}]}}