{"id":6841,"date":"2020-05-04T18:13:26","date_gmt":"2020-05-04T18:13:26","guid":{"rendered":"https:\/\/varify.io\/?page_id=6841"},"modified":"2020-05-04T18:13:26","modified_gmt":"2020-05-04T18:13:26","slug":"use-case-anzeigenbezogene-landing-pages","status":"publish","type":"page","link":"https:\/\/varify.io\/it\/caso-duso-pagine-di-destinazione-legate-alla-visualizzazione\/","title":{"rendered":"Caso d'uso: pagine di destinazione legate agli annunci"},"content":{"rendered":"<div data-elementor-type=\"wp-page\" data-elementor-id=\"6841\" class=\"elementor elementor-6841\" data-elementor-post-type=\"page\">\n\t\t\t\t\t\t<section data-particle_enable=\"false\" data-particle-mobile-disabled=\"false\" class=\"elementor-section elementor-top-section elementor-element elementor-element-37ae6f12 elementor-section-height-min-height elementor-section-boxed elementor-section-height-default elementor-section-items-middle\" data-id=\"37ae6f12\" data-element_type=\"section\" data-e-type=\"section\" data-settings=\"{&quot;background_background&quot;:&quot;classic&quot;}\">\n\t\t\t\t\t\t\t<div class=\"elementor-background-overlay\"><\/div>\n\t\t\t\t\t\t\t<div class=\"elementor-container elementor-column-gap-default\">\n\t\t\t\t\t<div class=\"elementor-column elementor-col-100 elementor-top-column elementor-element elementor-element-72041903\" data-id=\"72041903\" data-element_type=\"column\" data-e-type=\"column\">\n\t\t\t<div class=\"elementor-widget-wrap elementor-element-populated\">\n\t\t\t\t\t\t<div class=\"elementor-element elementor-element-62cb4f5 elementor-widget elementor-widget-heading\" data-id=\"62cb4f5\" data-element_type=\"widget\" data-e-type=\"widget\" data-widget_type=\"heading.default\">\n\t\t\t\t<div class=\"elementor-widget-container\">\n\t\t\t\t\t<h3 class=\"elementor-heading-title elementor-size-default\">Variare i casi d'uso<\/h3>\t\t\t\t<\/div>\n\t\t\t\t<\/div>\n\t\t\t\t<div class=\"elementor-element elementor-element-1a972556 elementor-widget elementor-widget-heading\" data-id=\"1a972556\" data-element_type=\"widget\" data-e-type=\"widget\" data-widget_type=\"heading.default\">\n\t\t\t\t<div class=\"elementor-widget-container\">\n\t\t\t\t\t<h1 class=\"elementor-heading-title elementor-size-default\"><b>Ricerca:<\/b> Pagine di destinazione relative agli annunci<\/h1>\t\t\t\t<\/div>\n\t\t\t\t<\/div>\n\t\t\t\t\t<\/div>\n\t\t<\/div>\n\t\t\t\t\t<\/div>\n\t\t<\/section>\n\t\t\t\t<section data-particle_enable=\"false\" data-particle-mobile-disabled=\"false\" class=\"elementor-section elementor-top-section elementor-element elementor-element-6a96808c elementor-section-boxed elementor-section-height-default elementor-section-height-default\" data-id=\"6a96808c\" data-element_type=\"section\" data-e-type=\"section\">\n\t\t\t\t\t\t<div class=\"elementor-container elementor-column-gap-default\">\n\t\t\t\t\t<div class=\"elementor-column elementor-col-100 elementor-top-column elementor-element elementor-element-f3b2981\" data-id=\"f3b2981\" data-element_type=\"column\" data-e-type=\"column\">\n\t\t\t<div class=\"elementor-widget-wrap elementor-element-populated\">\n\t\t\t\t\t\t<div class=\"elementor-element elementor-element-616ac752 elementor-widget elementor-widget-heading\" data-id=\"616ac752\" data-element_type=\"widget\" data-e-type=\"widget\" data-widget_type=\"heading.default\">\n\t\t\t\t<div class=\"elementor-widget-container\">\n\t\t\t\t\t<h3 class=\"elementor-heading-title elementor-size-default\">Mostrare la pagina di destinazione corrispondente per ogni annuncio<\/h3>\t\t\t\t<\/div>\n\t\t\t\t<\/div>\n\t\t\t\t<div class=\"elementor-element elementor-element-6aec2b9f elementor-widget elementor-widget-text-editor\" data-id=\"6aec2b9f\" data-element_type=\"widget\" data-e-type=\"widget\" data-widget_type=\"text-editor.default\">\n\t\t\t\t<div class=\"elementor-widget-container\">\n\t\t\t\t\t\t\t\t\t<p class=\"p1\"><span class=\"s1\">Ogni query di ricerca \u00e8 diversa. Per questo \u00e8 ancora pi\u00f9 importante che l'annuncio inserito corrisponda al meglio alla query di ricerca.<\/span><\/p><p class=\"p1\"><span class=\"s1\">Pertanto, gli annunci differiscono spesso per tonalit\u00e0, approccio all'utente e proposte di valore. L'utente decide di cliccare sull'annuncio in base alla sua formulazione.<\/span><\/p><p class=\"p1\"><span class=\"s1\">\u00a0<\/span><\/p><p class=\"p1\">Riflettendo il contenuto dell'annuncio sulla pagina di destinazione, questo diventa immediatamente pi\u00f9 rilevante per l'utente. L'utente ha la sensazione di essere arrivato sulla pagina giusta.<\/p><p class=\"p1\">Questo riduce i rimbalzi immediati e aumenta le conversioni.<\/p>\t\t\t\t\t\t\t\t<\/div>\n\t\t\t\t<\/div>\n\t\t\t\t\t<\/div>\n\t\t<\/div>\n\t\t\t\t\t<\/div>\n\t\t<\/section>\n\t\t\t\t<section data-particle_enable=\"false\" data-particle-mobile-disabled=\"false\" class=\"elementor-section elementor-top-section elementor-element elementor-element-4f754495 elementor-section-height-min-height elementor-section-items-stretch elementor-section-stretched elementor-section-boxed elementor-section-height-default\" data-id=\"4f754495\" data-element_type=\"section\" data-e-type=\"section\" data-settings=\"{&quot;stretch_section&quot;:&quot;section-stretched&quot;}\">\n\t\t\t\t\t\t<div class=\"elementor-container elementor-column-gap-default\">\n\t\t\t\t\t<div class=\"elementor-column elementor-col-100 elementor-top-column elementor-element elementor-element-4d964c3a\" data-id=\"4d964c3a\" data-element_type=\"column\" data-e-type=\"column\" data-settings=\"{&quot;background_background&quot;:&quot;classic&quot;}\">\n\t\t\t<div class=\"elementor-widget-wrap elementor-element-populated\">\n\t\t\t\t\t\t<div class=\"elementor-element elementor-element-9d98508 elementor-view-default elementor-widget elementor-widget-icon\" data-id=\"9d98508\" data-element_type=\"widget\" data-e-type=\"widget\" data-widget_type=\"icon.default\">\n\t\t\t\t<div class=\"elementor-widget-container\">\n\t\t\t\t\t\t\t<div class=\"elementor-icon-wrapper\">\n\t\t\t<div class=\"elementor-icon\">\n\t\t\t\t\t\t<\/div>\n\t\t<\/div>\n\t\t\t\t\t\t<\/div>\n\t\t\t\t<\/div>\n\t\t\t\t<div class=\"elementor-element elementor-element-3107dc69 elementor-widget elementor-widget-heading\" data-id=\"3107dc69\" data-element_type=\"widget\" data-e-type=\"widget\" data-widget_type=\"heading.default\">\n\t\t\t\t<div class=\"elementor-widget-container\">\n\t\t\t\t\t<h2 class=\"elementor-heading-title elementor-size-default\">Diverse motivazioni degli utenti<\/h2>\t\t\t\t<\/div>\n\t\t\t\t<\/div>\n\t\t\t\t<div class=\"elementor-element elementor-element-68c6ad4 elementor-widget elementor-widget-heading\" data-id=\"68c6ad4\" data-element_type=\"widget\" data-e-type=\"widget\" data-widget_type=\"heading.default\">\n\t\t\t\t<div class=\"elementor-widget-container\">\n\t\t\t\t\t<h5 class=\"elementor-heading-title elementor-size-default\"><b>Status Quo: <\/b>I cardigan sono pubblicizzati con tre diverse pubblicit\u00e0.<br>Ogni volta, l'attenzione si concentra su una diversa motivazione dell'utente.<br><br>a) Elegante e di tendenza<br>b) Offerta favorevole\/migliore<br>c) Accogliente per l'autunno<\/h5>\t\t\t\t<\/div>\n\t\t\t\t<\/div>\n\t\t\t\t<div class=\"elementor-element elementor-element-862fe00 elementor--h-position-center elementor--v-position-middle elementor-arrows-position-inside elementor-pagination-position-inside elementor-widget elementor-widget-slides\" data-id=\"862fe00\" data-element_type=\"widget\" data-e-type=\"widget\" data-settings=\"{&quot;autoplay_speed&quot;:10000,&quot;transition_speed&quot;:2000,&quot;navigation&quot;:&quot;both&quot;,&quot;autoplay&quot;:&quot;yes&quot;,&quot;pause_on_hover&quot;:&quot;yes&quot;,&quot;pause_on_interaction&quot;:&quot;yes&quot;,&quot;infinite&quot;:&quot;yes&quot;,&quot;transition&quot;:&quot;slide&quot;}\" data-widget_type=\"slides.default\">\n\t\t\t\t<div class=\"elementor-widget-container\">\n\t\t\t\t\t\t\t\t\t<div class=\"elementor-swiper\">\n\t\t\t\t\t<div class=\"elementor-slides-wrapper elementor-main-swiper swiper\" role=\"region\" aria-roledescription=\"carousel\" aria-label=\"Diapositive\" dir=\"ltr\" data-animation=\"fadeInUp\">\n\t\t\t\t<div class=\"swiper-wrapper elementor-slides\">\n\t\t\t\t\t\t\t\t\t\t<div class=\"elementor-repeater-item-24afe72 swiper-slide\" role=\"group\" aria-roledescription=\"slide\"><div class=\"swiper-slide-bg\" role=\"img\" aria-label=\"\"><\/div><div class=\"elementor-background-overlay\"><\/div><div class=\"swiper-slide-inner\" ><div class=\"swiper-slide-contents\"><div class=\"elementor-slide-heading\">Senza Varifa<\/div><\/div><\/div><\/div><div class=\"elementor-repeater-item-095e355 swiper-slide\" role=\"group\" aria-roledescription=\"slide\"><div class=\"swiper-slide-bg\" role=\"img\" aria-label=\"\"><\/div><div class=\"elementor-background-overlay\"><\/div><div class=\"swiper-slide-inner\" ><div class=\"swiper-slide-contents\"><div class=\"elementor-slide-heading\">Con Varify<\/div><\/div><\/div><\/div>\t\t\t\t<\/div>\n\t\t\t\t\t\t\t\t\t\t\t\t\t\t\t<div class=\"elementor-swiper-button elementor-swiper-button-prev\" role=\"button\" tabindex=\"0\" aria-label=\"Diapositiva precedente\">\n\t\t\t\t\t\t\t<i aria-hidden=\"true\" class=\"eicon-chevron-left\"><\/i>\t\t\t\t\t\t<\/div>\n\t\t\t\t\t\t<div class=\"elementor-swiper-button elementor-swiper-button-next\" role=\"button\" tabindex=\"0\" aria-label=\"Prossima diapositiva\">\n\t\t\t\t\t\t\t<i aria-hidden=\"true\" class=\"eicon-chevron-right\"><\/i>\t\t\t\t\t\t<\/div>\n\t\t\t\t\t\t\t\t\t\t\t\t\t\t\t\t<div class=\"swiper-pagination\"><\/div>\n\t\t\t\t\t\t\t\t\t\t\t\t<\/div>\n\t\t\t\t<\/div>\n\t\t\t\t\t\t\t\t<\/div>\n\t\t\t\t<\/div>\n\t\t\t\t<div class=\"elementor-element elementor-element-872dc4b elementor-widget elementor-widget-text-editor\" data-id=\"872dc4b\" data-element_type=\"widget\" data-e-type=\"widget\" data-widget_type=\"text-editor.default\">\n\t\t\t\t<div class=\"elementor-widget-container\">\n\t\t\t\t\t\t\t\t\t<p class=\"p1\"><b>Senza Varif:<\/b><\/p>\n<p class=\"p1\"><span class=\"s1\">Tutte e tre le pubblicit\u00e0 reindirizzano alla stessa pagina di destinazione. L'utente vede un elenco di cardigan senza che la motivazione dell'annuncio venga ripresa nella pagina di destinazione.<\/span><\/p>\n<p><\/p>\n<p class=\"p1\"><span class=\"s1\"><br><\/span><\/p><p class=\"p1\"><span class=\"s1\"><br><\/span><\/p><p class=\"p1\"><span class=\"s1\">&nbsp;<\/span><b>Con Varify:<\/b><\/p>\n<p>Ognuno dei tre annunci reindirizza a una pagina di destinazione appositamente ottimizzata. In questo modo, la motivazione dell'utente viene raccolta con un'immagine principale adeguata e un titolo pertinente, in modo che il ricercatore abbia la sensazione di trovarsi nel posto giusto.<\/p>\n<p><\/p>\n<p><\/p>\t\t\t\t\t\t\t\t<\/div>\n\t\t\t\t<\/div>\n\t\t\t\t\t<\/div>\n\t\t<\/div>\n\t\t\t\t\t<\/div>\n\t\t<\/section>\n\t\t\t\t<section data-particle_enable=\"false\" data-particle-mobile-disabled=\"false\" class=\"elementor-section elementor-top-section elementor-element elementor-element-338d832 elementor-section-boxed elementor-section-height-default elementor-section-height-default\" data-id=\"338d832\" data-element_type=\"section\" data-e-type=\"section\">\n\t\t\t\t\t\t<div class=\"elementor-container elementor-column-gap-default\">\n\t\t\t\t\t<div class=\"elementor-column elementor-col-100 elementor-top-column elementor-element elementor-element-6c47d9e3\" data-id=\"6c47d9e3\" data-element_type=\"column\" data-e-type=\"column\">\n\t\t\t<div class=\"elementor-widget-wrap elementor-element-populated\">\n\t\t\t\t\t\t<section data-particle_enable=\"false\" data-particle-mobile-disabled=\"false\" class=\"elementor-section elementor-inner-section elementor-element elementor-element-13bc82b4 elementor-section-boxed elementor-section-height-default elementor-section-height-default\" data-id=\"13bc82b4\" data-element_type=\"section\" data-e-type=\"section\">\n\t\t\t\t\t\t<div class=\"elementor-container elementor-column-gap-default\">\n\t\t\t\t\t<div class=\"elementor-column elementor-col-100 elementor-inner-column elementor-element elementor-element-63e11d1b\" data-id=\"63e11d1b\" data-element_type=\"column\" data-e-type=\"column\">\n\t\t\t<div class=\"elementor-widget-wrap elementor-element-populated\">\n\t\t\t\t\t\t<div class=\"elementor-element elementor-element-3ecdcb03 elementor-widget elementor-widget-heading\" data-id=\"3ecdcb03\" data-element_type=\"widget\" data-e-type=\"widget\" data-widget_type=\"heading.default\">\n\t\t\t\t<div class=\"elementor-widget-container\">\n\t\t\t\t\t<h3 class=\"elementor-heading-title elementor-size-default\">oratore di spicco<\/h3>\t\t\t\t<\/div>\n\t\t\t\t<\/div>\n\t\t\t\t<div class=\"elementor-element elementor-element-253f1611 elementor-widget elementor-widget-heading\" data-id=\"253f1611\" data-element_type=\"widget\" data-e-type=\"widget\" data-widget_type=\"heading.default\">\n\t\t\t\t<div class=\"elementor-widget-container\">\n\t\t\t\t\t<h2 class=\"elementor-heading-title elementor-size-default\">Guardate il mio ultimo intervento su <b>il marketing nell'era digitale<\/b><\/h2>\t\t\t\t<\/div>\n\t\t\t\t<\/div>\n\t\t\t\t\t<\/div>\n\t\t<\/div>\n\t\t\t\t\t<\/div>\n\t\t<\/section>\n\t\t\t\t\t<\/div>\n\t\t<\/div>\n\t\t\t\t\t<\/div>\n\t\t<\/section>\n\t\t\t\t<\/div>","protected":false},"excerpt":{"rendered":"<p>Varify Use Cases Suche: Anzeigenbezogene Landing Pages Zeige zu jeder Anzeige die passende Landing page Jede Suchanfrage ist anders. Deshalb ist es auch umso wichtiger, dass die entsprechend geschaltete Anzeige die Suchanfrage bestm\u00f6glich aufgreift. Anzeigen unterscheiden sich deshalb h\u00e4ufig in ihrer Tonalit\u00e4t, Nutzeransprachen und den Werteversprechen. Der Nutzer entscheidet sich aufgrund der Formulierung der Anzeige [&hellip;]<\/p>\n","protected":false},"author":2,"featured_media":0,"parent":0,"menu_order":0,"comment_status":"closed","ping_status":"closed","template":"","meta":{"inline_featured_image":false,"footnotes":""},"class_list":["post-6841","page","type-page","status-publish","hentry"],"_links":{"self":[{"href":"https:\/\/varify.io\/it\/wp-json\/wp\/v2\/pages\/6841","targetHints":{"allow":["GET"]}}],"collection":[{"href":"https:\/\/varify.io\/it\/wp-json\/wp\/v2\/pages"}],"about":[{"href":"https:\/\/varify.io\/it\/wp-json\/wp\/v2\/types\/page"}],"author":[{"embeddable":true,"href":"https:\/\/varify.io\/it\/wp-json\/wp\/v2\/users\/2"}],"replies":[{"embeddable":true,"href":"https:\/\/varify.io\/it\/wp-json\/wp\/v2\/comments?post=6841"}],"version-history":[{"count":0,"href":"https:\/\/varify.io\/it\/wp-json\/wp\/v2\/pages\/6841\/revisions"}],"wp:attachment":[{"href":"https:\/\/varify.io\/it\/wp-json\/wp\/v2\/media?parent=6841"}],"curies":[{"name":"wp","href":"https:\/\/api.w.org\/{rel}","templated":true}]}}