{"id":19668,"date":"2023-04-19T23:12:05","date_gmt":"2023-04-19T21:12:05","guid":{"rendered":"https:\/\/varify.io\/?page_id=19668"},"modified":"2025-07-02T09:44:51","modified_gmt":"2025-07-02T07:44:51","slug":"gewinnspiel-bedingungen","status":"publish","type":"page","link":"https:\/\/varify.io\/pt\/condicoes-de-concorrencia\/","title":{"rendered":"Condi\u00e7\u00f5es para a competi\u00e7\u00e3o"},"content":{"rendered":"<div data-elementor-type=\"wp-page\" data-elementor-id=\"19668\" class=\"elementor elementor-19668\" data-elementor-post-type=\"page\">\n\t\t\t\t\t\t<section data-particle_enable=\"false\" data-particle-mobile-disabled=\"false\" class=\"elementor-section elementor-top-section elementor-element elementor-element-3486c9c elementor-section-boxed elementor-section-height-default elementor-section-height-default\" data-id=\"3486c9c\" data-element_type=\"section\" data-e-type=\"section\">\n\t\t\t\t\t\t<div class=\"elementor-container elementor-column-gap-default\">\n\t\t\t\t\t<div class=\"elementor-column elementor-col-100 elementor-top-column elementor-element elementor-element-69399e4\" data-id=\"69399e4\" data-element_type=\"column\" data-e-type=\"column\">\n\t\t\t<div class=\"elementor-widget-wrap elementor-element-populated\">\n\t\t\t\t\t\t<div class=\"elementor-element elementor-element-b064dd6 elementor-widget elementor-widget-text-editor\" data-id=\"b064dd6\" data-element_type=\"widget\" data-e-type=\"widget\" data-widget_type=\"text-editor.default\">\n\t\t\t\t<div class=\"elementor-widget-container\">\n\t\t\t\t\t\t\t\t\t<p data-start=\"57\" data-end=\"185\"><\/p>\n<p data-start=\"248\" data-end=\"480\"><strong data-start=\"248\" data-end=\"263\">Informa\u00e7\u00f5es gerais<\/strong><br data-start=\"263\" data-end=\"266\">O concurso \u00e9 organizado pela Varify Software GmbH, S\u00fcdliche M\u00fcnchner Str. 55, 82031 Gr\u00fcnwald.<br data-start=\"363\" data-end=\"366\">A competi\u00e7\u00e3o n\u00e3o \u00e9 afiliada ao LinkedIn e n\u00e3o \u00e9 patrocinada ou promovida pelo LinkedIn.<\/p>\n<hr data-start=\"482\" data-end=\"485\">\n<p data-start=\"487\" data-end=\"709\"><strong data-start=\"487\" data-end=\"511\">Condi\u00e7\u00f5es de participa\u00e7\u00e3o<\/strong><br data-start=\"511\" data-end=\"514\">Todas as pessoas com idade igual ou superior a 18 anos s\u00e3o eleg\u00edveis para participar.<br data-start=\"566\" data-end=\"569\">Funcion\u00e1rios e pessoas envolvidas na organiza\u00e7\u00e3o e implementa\u00e7\u00e3o da competi\u00e7\u00e3o est\u00e3o exclu\u00eddos da participa\u00e7\u00e3o.<\/p>\n<p data-start=\"711\" data-end=\"936\">N\u00f3s nos reservamos o direito de excluir da participa\u00e7\u00e3o qualquer pessoa que manipule ou tente manipular o processo de participa\u00e7\u00e3o, o sistema e\/ou o sorteio ou que viole as condi\u00e7\u00f5es de participa\u00e7\u00e3o.<\/p>\n<p data-start=\"938\" data-end=\"1065\">No caso de um vencedor exclu\u00eddo, o pr\u00eamio poder\u00e1 ser retirado posteriormente e um vencedor substituto poder\u00e1 ser determinado.<\/p>\n<hr data-start=\"1067\" data-end=\"1070\">\n<p data-start=\"1072\" data-end=\"1156\"><strong data-start=\"1072\" data-end=\"1101\">Dura\u00e7\u00e3o da competi\u00e7\u00e3o<\/strong><br data-start=\"1101\" data-end=\"1104\">A competi\u00e7\u00e3o vai de 02.07.2025 a 17.07.2025.<\/p>\n<hr data-start=\"1158\" data-end=\"1161\">\n<p data-start=\"1163\" data-end=\"1440\"><strong data-start=\"1163\" data-end=\"1176\">Participa\u00e7\u00e3o<\/strong><br data-start=\"1176\" data-end=\"1179\">A participa\u00e7\u00e3o \u00e9 gratuita. Para participar, comente na postagem do LinkedIn e deixe um \"Curtir\".<br data-start=\"1292\" data-end=\"1295\">Cada pessoa s\u00f3 pode participar desta competi\u00e7\u00e3o uma vez. \u00c9 proibido o uso de v\u00e1rias contas do LinkedIn ou de coment\u00e1rios automatizados.<\/p>\n<hr data-start=\"1442\" data-end=\"1445\">\n<p data-start=\"1447\" data-end=\"1524\"><strong data-start=\"1447\" data-end=\"1467\">Data de encerramento<\/strong><br data-start=\"1467\" data-end=\"1470\">A data de encerramento das inscri\u00e7\u00f5es \u00e9 17\/07\/2025 \u00e0s 23:59.<\/p>\n<hr data-start=\"1526\" data-end=\"1529\">\n<p data-start=\"1531\" data-end=\"1707\"><strong data-start=\"1531\" data-end=\"1562\">Procedimento de competi\u00e7\u00e3o e pr\u00eamio<\/strong><br data-start=\"1562\" data-end=\"1565\">O livro \"Conversion Optimisation - Successful Websites and Digital Campaigns\", de Tobias Loosschelders, e o conjunto de cart\u00f5es \"Psychological Trigger\", da Varify, ser\u00e3o sorteados entre todos os participantes.<\/p>\n<hr data-start=\"1709\" data-end=\"1712\">\n<p data-start=\"1714\" data-end=\"2108\"><strong data-start=\"1714\" data-end=\"1785\">Notifica\u00e7\u00e3o dos vencedores e aceita\u00e7\u00e3o do pr\u00eamio dentro do prazo<\/strong><br data-start=\"1785\" data-end=\"1788\">Ap\u00f3s o sorteio, o vencedor ser\u00e1 mencionado nos coment\u00e1rios da postagem. A notifica\u00e7\u00e3o n\u00e3o \u00e9 garantida.<br data-start=\"1902\" data-end=\"1905\">O vencedor ser\u00e1 selecionado em 16\/07\/2025 e notificado nos coment\u00e1rios. Os vencedores devem enviar seu endere\u00e7o at\u00e9 as 11:00 horas do dia 21 de julho de 2025, no m\u00e1ximo, por mensagem privada. Caso contr\u00e1rio, o pr\u00eamio ser\u00e1 perdido.<\/p>\n<hr data-start=\"2110\" data-end=\"2113\">\n<p data-start=\"2115\" data-end=\"2310\"><strong data-start=\"2115\" data-end=\"2147\">Processamento de lucros e custos<\/strong><br data-start=\"2147\" data-end=\"2150\">O pr\u00eamio n\u00e3o pode ser pago em dinheiro ou trocado. A transfer\u00eancia da reivindica\u00e7\u00e3o do pr\u00eamio para terceiros est\u00e1 exclu\u00edda, pois o pr\u00eamio \u00e9 pessoal.<\/p>\n<hr data-start=\"2312\" data-end=\"2315\">\n<p data-start=\"2317\" data-end=\"2608\"><strong data-start=\"2317\" data-end=\"2332\">Prote\u00e7\u00e3o de dados<\/strong><br data-start=\"2332\" data-end=\"2335\">Os dados coletados como parte da participa\u00e7\u00e3o na competi\u00e7\u00e3o ser\u00e3o armazenados para fins de organiza\u00e7\u00e3o e execu\u00e7\u00e3o da competi\u00e7\u00e3o e, em seguida, exclu\u00eddos. Garantimos o mais alto padr\u00e3o de prote\u00e7\u00e3o de dados e cumprimos todas as disposi\u00e7\u00f5es legais relevantes.<\/p>\n<hr data-start=\"2610\" data-end=\"2613\">\n<p data-start=\"2615\" data-end=\"2969\"><strong data-start=\"2615\" data-end=\"2626\">Responsabilidade civil<\/strong><br data-start=\"2626\" data-end=\"2629\">No caso de danos causados por neglig\u00eancia leve, somente seremos respons\u00e1veis em caso de viola\u00e7\u00e3o de uma obriga\u00e7\u00e3o contratual material e apenas na medida dos danos t\u00edpicos e previs\u00edveis. Essa limita\u00e7\u00e3o de responsabilidade n\u00e3o se aplica em caso de danos \u00e0 vida, \u00e0 integridade f\u00edsica ou \u00e0 sa\u00fade ou em caso de responsabilidade legal obrigat\u00f3ria.<\/p>\n<hr data-start=\"2971\" data-end=\"2974\">\n<p data-start=\"2976\" data-end=\"3269\"><strong data-start=\"2976\" data-end=\"3001\">Rescis\u00e3o antecipada<\/strong><br data-start=\"3001\" data-end=\"3004\">Reservamo-nos o direito de cancelar ou alterar a competi\u00e7\u00e3o, no todo ou em parte, a qualquer momento, se motivos t\u00e9cnicos, legais ou de for\u00e7a maior impedirem sua realiza\u00e7\u00e3o adequada. Em tais casos, os participantes n\u00e3o ter\u00e3o direito a nenhuma reclama\u00e7\u00e3o contra n\u00f3s.<\/p>\n<hr data-start=\"3271\" data-end=\"3274\">\n<p data-start=\"3276\" data-end=\"3430\"><strong data-start=\"3276\" data-end=\"3317\">Notas e condi\u00e7\u00f5es do LinkedIn<\/strong><br data-start=\"3317\" data-end=\"3320\">A competi\u00e7\u00e3o n\u00e3o \u00e9 afiliada ao LinkedIn. Ela n\u00e3o \u00e9 patrocinada, apoiada ou organizada pelo LinkedIn. Todas as perguntas e coment\u00e1rios sobre a competi\u00e7\u00e3o devem ser direcionados \u00e0 Varify Software GmbH e n\u00e3o ao LinkedIn.<\/p>\n<hr data-start=\"3879\" data-end=\"3882\">\n<p data-start=\"3884\" data-end=\"4178\"><strong data-start=\"3884\" data-end=\"3897\">Diversos<\/strong><br data-start=\"3897\" data-end=\"3900\">Caso disposi\u00e7\u00f5es individuais destas condi\u00e7\u00f5es de participa\u00e7\u00e3o sejam ou se tornem inv\u00e1lidas, isso n\u00e3o afetar\u00e1 a validade das demais disposi\u00e7\u00f5es. Podemos alterar as condi\u00e7\u00f5es de participa\u00e7\u00e3o a qualquer momento. O recurso legal est\u00e1 exclu\u00eddo e a lei alem\u00e3 se aplica exclusivamente.<\/p>\t\t\t\t\t\t\t\t<\/div>\n\t\t\t\t<\/div>\n\t\t\t\t\t<\/div>\n\t\t<\/div>\n\t\t\t\t\t<\/div>\n\t\t<\/section>\n\t\t\t\t<\/div>","protected":false},"excerpt":{"rendered":"<p>AllgemeinesDas Gewinnspiel wird von der Varify Software GmbH, S\u00fcdliche M\u00fcnchner Str. 55, 82031 Gr\u00fcnwald durchgef\u00fchrt.Das Gewinnspiel steht in keiner Verbindung zu LinkedIn und wird auch nicht von LinkedIn gesponsert oder gef\u00f6rdert. TeilnahmebedingungenTeilnahmeberechtigt sind alle Personen ab 18 Jahren.Mitarbeiter und Personen, die an der Organisation und Durchf\u00fchrung des Gewinnspiels beteiligt sind, sind von der Teilnahme ausgeschlossen. [&hellip;]<\/p>\n","protected":false},"author":3,"featured_media":0,"parent":0,"menu_order":0,"comment_status":"closed","ping_status":"closed","template":"","meta":{"inline_featured_image":false,"footnotes":""},"class_list":["post-19668","page","type-page","status-publish","hentry"],"_links":{"self":[{"href":"https:\/\/varify.io\/pt\/wp-json\/wp\/v2\/pages\/19668","targetHints":{"allow":["GET"]}}],"collection":[{"href":"https:\/\/varify.io\/pt\/wp-json\/wp\/v2\/pages"}],"about":[{"href":"https:\/\/varify.io\/pt\/wp-json\/wp\/v2\/types\/page"}],"author":[{"embeddable":true,"href":"https:\/\/varify.io\/pt\/wp-json\/wp\/v2\/users\/3"}],"replies":[{"embeddable":true,"href":"https:\/\/varify.io\/pt\/wp-json\/wp\/v2\/comments?post=19668"}],"version-history":[{"count":30,"href":"https:\/\/varify.io\/pt\/wp-json\/wp\/v2\/pages\/19668\/revisions"}],"predecessor-version":[{"id":40616,"href":"https:\/\/varify.io\/pt\/wp-json\/wp\/v2\/pages\/19668\/revisions\/40616"}],"wp:attachment":[{"href":"https:\/\/varify.io\/pt\/wp-json\/wp\/v2\/media?parent=19668"}],"curies":[{"name":"wp","href":"https:\/\/api.w.org\/{rel}","templated":true}]}}