{"id":31981,"date":"2024-08-20T17:53:23","date_gmt":"2024-08-20T15:53:23","guid":{"rendered":"https:\/\/varify.io\/?page_id=31981"},"modified":"2025-05-15T09:37:58","modified_gmt":"2025-05-15T07:37:58","slug":"a-b-test-laufzeitrechner","status":"publish","type":"page","link":"https:\/\/varify.io\/pt\/a-b-test-runtime-calculator\/","title":{"rendered":"Calculadora de tempo de execu\u00e7\u00e3o de teste A\/B"},"content":{"rendered":"<div data-elementor-type=\"wp-page\" data-elementor-id=\"31981\" class=\"elementor elementor-31981\" data-elementor-post-type=\"page\">\n\t\t\t\t\t\t<section data-particle_enable=\"false\" data-particle-mobile-disabled=\"false\" class=\"elementor-section elementor-top-section elementor-element elementor-element-d50a0e4 elementor-section-boxed elementor-section-height-default elementor-section-height-default\" data-id=\"d50a0e4\" data-element_type=\"section\" data-e-type=\"section\">\n\t\t\t\t\t\t<div class=\"elementor-container elementor-column-gap-default\">\n\t\t\t\t\t<div class=\"elementor-column elementor-col-100 elementor-top-column elementor-element elementor-element-88d4f9c\" data-id=\"88d4f9c\" data-element_type=\"column\" data-e-type=\"column\">\n\t\t\t<div class=\"elementor-widget-wrap elementor-element-populated\">\n\t\t\t\t\t\t<div class=\"elementor-element elementor-element-5269610 elementor-widget elementor-widget-heading\" data-id=\"5269610\" data-element_type=\"widget\" data-e-type=\"widget\" data-widget_type=\"heading.default\">\n\t\t\t\t<div class=\"elementor-widget-container\">\n\t\t\t\t\t<h2 class=\"elementor-heading-title elementor-size-default\">Teste A\/B - Calculadora de tempo de execu\u00e7\u00e3o V 1.0 <\/h2>\t\t\t\t<\/div>\n\t\t\t\t<\/div>\n\t\t\t\t\t<\/div>\n\t\t<\/div>\n\t\t\t\t\t<\/div>\n\t\t<\/section>\n\t\t\t\t<section data-particle_enable=\"false\" data-particle-mobile-disabled=\"false\" class=\"elementor-section elementor-top-section elementor-element elementor-element-4bdda56 elementor-section-boxed elementor-section-height-default elementor-section-height-default\" data-id=\"4bdda56\" data-element_type=\"section\" data-e-type=\"section\">\n\t\t\t\t\t\t<div class=\"elementor-container elementor-column-gap-default\">\n\t\t\t\t\t<div class=\"elementor-column elementor-col-100 elementor-top-column elementor-element elementor-element-b466e56\" data-id=\"b466e56\" data-element_type=\"column\" data-e-type=\"column\">\n\t\t\t<div class=\"elementor-widget-wrap elementor-element-populated\">\n\t\t\t\t\t\t<div class=\"elementor-element elementor-element-71d80a7 elementor-widget__width-initial elementor-hidden-mobile elementor-widget elementor-widget-text-editor\" data-id=\"71d80a7\" data-element_type=\"widget\" data-e-type=\"widget\" data-widget_type=\"text-editor.default\">\n\t\t\t\t<div class=\"elementor-widget-container\">\n\t\t\t\t\t\t\t\t\t<p><a href=\"#info-calc\">Para as informa\u00e7\u00f5es<\/a><\/p>\t\t\t\t\t\t\t\t<\/div>\n\t\t\t\t<\/div>\n\t\t\t\t<div class=\"elementor-element elementor-element-7a8ebe2 elementor-widget elementor-widget-html\" data-id=\"7a8ebe2\" data-element_type=\"widget\" data-e-type=\"widget\" data-widget_type=\"html.default\">\n\t\t\t\t<div class=\"elementor-widget-container\">\n\t\t\t\t\t<link rel=\"stylesheet\" type=\"text\/css\" href=\"\/wp-content\/uploads\/laufzeitrechner\/stylesKopie2.css\">\n<script src=\"\/wp-content\/uploads\/laufzeitrechner\/d3.v5.min.js\"><\/script>\n<script src=\"\/wp-content\/uploads\/laufzeitrechner\/scriptsKopie6.js\"><\/script>\n<div class=\"container\">\n   <div id=\"inputs\" class=\"left-div\">\n      <div>\n         <label for=\"sizeA\">N\u00famero de visitantes por m\u00eas <\/label>\n         <input type=\"number\" id=\"visitorsPerDay\" placeholder=\"Por exemplo, 30000\" value=\"30000\" \/>\n      <\/div>\n      <div>\n         <label for=\"successA\">Efeito esperado no % <\/label>\n         <input type=\"number\" id=\"uplift\" placeholder=\"Por exemplo, 10\" value=\"10\" \/>\n      <\/div>\n      <div>\n         <label for=\"sizeB\">N\u00famero de variantes (incluindo controle): <\/label>\n         <input type=\"number\" id=\"numVariants\" placeholder=\"Por exemplo, 2\" value=\"2\" \/>\n      <\/div>\n      <div>\n         <label for=\"successB\">Taxa de convers\u00e3o % do Controle: <\/label>\n         <input type=\"number\" id=\"currentCR\" placeholder=\"Por exemplo, 3\" value=\"3\" \/>\n      <\/div>\n      <p id=\"srmWarnung\"><\/p>\n   <\/div>\n   <div id=\"inputs1\" class=\"left-div\">\n      \n      <div>\n         <label for=\"successA\">N\u00edvel de confian\u00e7a: <\/label>\n         <select id=\"confidenceLevel\">\n            <option value=\"0.1\">90%<\/option>\n            <option selected=\"selected\" value=\"0.05\">95%<\/option>\n            <option value=\"0.01\">99%<\/option>\n         <\/select>\n      <\/div>\n      <div id=\"cta\">\n         <button style=\"background-color:#15897B; \"onclick=\"berechneLaufzeit()\">Calcular<\/button>\n      <\/div>\n   <\/div>\n   \n   <p id=\"ergebnisLaufzeit\"><\/p>\n   \n\n   <br>\n   <div id=\"ergebnisTabelle\"><\/div>\n   <p id=\"pWert\"><\/p>\n   <div id=\"kurven\"><\/div>\n<\/div>\n\n\t\t\t\t<\/div>\n\t\t\t\t<\/div>\n\t\t\t\t<div class=\"elementor-element elementor-element-9768b88 elementor-widget__width-initial elementor-hidden-mobile elementor-view-default elementor-widget elementor-widget-icon\" data-id=\"9768b88\" data-element_type=\"widget\" data-e-type=\"widget\" data-widget_type=\"icon.default\">\n\t\t\t\t<div class=\"elementor-widget-container\">\n\t\t\t\t\t\t\t<div class=\"elementor-icon-wrapper\">\n\t\t\t<div class=\"elementor-icon\">\n\t\t\t<i aria-hidden=\"true\" class=\"fas fa-arrow-up\"><\/i>\t\t\t<\/div>\n\t\t<\/div>\n\t\t\t\t\t\t<\/div>\n\t\t\t\t<\/div>\n\t\t\t\t<div class=\"elementor-element elementor-element-17814cf elementor-widget__width-initial elementor-hidden-mobile elementor-widget elementor-widget-text-editor\" data-id=\"17814cf\" data-element_type=\"widget\" data-e-type=\"widget\" id=\"info-calc\" data-widget_type=\"text-editor.default\">\n\t\t\t\t<div class=\"elementor-widget-container\">\n\t\t\t\t\t\t\t\t\t<p>Voc\u00ea gostaria de realizar um teste A\/B? Muito bom!<\/p><p>Agora \u00e9 importante entender e planejar o per\u00edodo de tempo necess\u00e1rio.<\/p><p>Com a nossa calculadora de tempo de execu\u00e7\u00e3o, \u00e9 poss\u00edvel determinar com precis\u00e3o quanto tempo levar\u00e1 at\u00e9 que voc\u00ea tenha coletado dados suficientes para obter resultados confi\u00e1veis. N\u00e3o importa quantas variantes voc\u00ea est\u00e1 testando ou qual \u00e9 o aumento esperado, nossa ferramenta o ajuda a otimizar o tempo necess\u00e1rio.<\/p>\t\t\t\t\t\t\t\t<\/div>\n\t\t\t\t<\/div>\n\t\t\t\t<div class=\"elementor-element elementor-element-6e2eb9d elementor-widget__width-initial elementor-hidden-desktop elementor-hidden-tablet elementor-view-default elementor-widget elementor-widget-icon\" data-id=\"6e2eb9d\" data-element_type=\"widget\" data-e-type=\"widget\" data-widget_type=\"icon.default\">\n\t\t\t\t<div class=\"elementor-widget-container\">\n\t\t\t\t\t\t\t<div class=\"elementor-icon-wrapper\">\n\t\t\t<div class=\"elementor-icon\">\n\t\t\t<i aria-hidden=\"true\" class=\"fas fa-arrow-circle-up\"><\/i>\t\t\t<\/div>\n\t\t<\/div>\n\t\t\t\t\t\t<\/div>\n\t\t\t\t<\/div>\n\t\t\t\t<div class=\"elementor-element elementor-element-45eb4b5 elementor-widget__width-initial elementor-hidden-desktop elementor-hidden-tablet elementor-widget elementor-widget-text-editor\" data-id=\"45eb4b5\" data-element_type=\"widget\" data-e-type=\"widget\" data-widget_type=\"text-editor.default\">\n\t\t\t\t<div class=\"elementor-widget-container\">\n\t\t\t\t\t\t\t\t\t<p>Voc\u00ea gostaria de realizar um teste A\/B? Muito bom!<\/p><p>Agora \u00e9 importante entender e planejar o per\u00edodo de tempo necess\u00e1rio.<\/p><p>Com a nossa calculadora de tempo de execu\u00e7\u00e3o, \u00e9 poss\u00edvel determinar com precis\u00e3o quanto tempo levar\u00e1 at\u00e9 que voc\u00ea tenha coletado dados suficientes para obter resultados confi\u00e1veis. N\u00e3o importa quantas variantes voc\u00ea est\u00e1 testando ou qual \u00e9 o aumento esperado, nossa ferramenta o ajuda a otimizar o tempo necess\u00e1rio.<\/p>\t\t\t\t\t\t\t\t<\/div>\n\t\t\t\t<\/div>\n\t\t\t\t\t<\/div>\n\t\t<\/div>\n\t\t\t\t\t<\/div>\n\t\t<\/section>\n\t\t\t\t<section data-particle_enable=\"false\" data-particle-mobile-disabled=\"false\" class=\"elementor-section elementor-top-section elementor-element elementor-element-10cdc9d elementor-section-boxed elementor-section-height-default elementor-section-height-default\" data-id=\"10cdc9d\" data-element_type=\"section\" data-e-type=\"section\">\n\t\t\t\t\t\t<div class=\"elementor-container elementor-column-gap-default\">\n\t\t\t\t\t<div class=\"elementor-column elementor-col-100 elementor-top-column elementor-element elementor-element-7de0428\" data-id=\"7de0428\" data-element_type=\"column\" data-e-type=\"column\">\n\t\t\t<div class=\"elementor-widget-wrap elementor-element-populated\">\n\t\t\t\t\t\t<div class=\"elementor-element elementor-element-05de6ac elementor-widget elementor-widget-heading\" data-id=\"05de6ac\" data-element_type=\"widget\" data-e-type=\"widget\" data-widget_type=\"heading.default\">\n\t\t\t\t<div class=\"elementor-widget-container\">\n\t\t\t\t\t<h2 class=\"elementor-heading-title elementor-size-default\">Quanto tempo leva para seu teste A\/B produzir resultados significativos?<\/h2>\t\t\t\t<\/div>\n\t\t\t\t<\/div>\n\t\t\t\t<div class=\"elementor-element elementor-element-28283d6 elementor-widget elementor-widget-text-editor\" data-id=\"28283d6\" data-element_type=\"widget\" data-e-type=\"widget\" data-widget_type=\"text-editor.default\">\n\t\t\t\t<div class=\"elementor-widget-container\">\n\t\t\t\t\t\t\t\t\t<p>Ao executar testes A\/B em seu website, voc\u00ea quer ter certeza de que a vers\u00e3o personalizada realmente tem um desempenho melhor do que a original. Para verificar isso e descartar o acaso, \u00e9 fundamental calcular o tempo de execu\u00e7\u00e3o do teste necess\u00e1rio para obter resultados estatisticamente significativos.<\/p><p>Em nossa calculadora de tempo de execu\u00e7\u00e3o, voc\u00ea insere o n\u00famero de visitantes por m\u00eas, o n\u00famero de variantes de teste, a taxa de convers\u00e3o atual e o n\u00edvel de confian\u00e7a desejado. O n\u00edvel de confian\u00e7a reflete o quanto voc\u00ea pode ter certeza de que os resultados n\u00e3o s\u00e3o aleat\u00f3rios.<\/p><p>Por exemplo, um n\u00edvel de confian\u00e7a de 95% significa que voc\u00ea pode dizer com 95%iger de certeza que os resultados s\u00e3o significativos se o n\u00edvel de confian\u00e7a calculado for atingido.<\/p><p>Use nossa ferramenta para calcular o tempo de execu\u00e7\u00e3o necess\u00e1rio para obter resultados significativos e planejar seus testes com mais efici\u00eancia.<\/p><p>\u00a0<\/p>\t\t\t\t\t\t\t\t<\/div>\n\t\t\t\t<\/div>\n\t\t\t\t\t<\/div>\n\t\t<\/div>\n\t\t\t\t\t<\/div>\n\t\t<\/section>\n\t\t\t\t<section data-particle_enable=\"false\" data-particle-mobile-disabled=\"false\" class=\"elementor-section elementor-top-section elementor-element elementor-element-8b1f5a3 elementor-section-boxed elementor-section-height-default elementor-section-height-default\" data-id=\"8b1f5a3\" data-element_type=\"section\" data-e-type=\"section\">\n\t\t\t\t\t\t\t<div class=\"elementor-background-overlay\"><\/div>\n\t\t\t\t\t\t\t<div class=\"elementor-container elementor-column-gap-default\">\n\t\t\t\t\t<div class=\"elementor-column elementor-col-100 elementor-top-column elementor-element elementor-element-3cd7ecf\" data-id=\"3cd7ecf\" data-element_type=\"column\" data-e-type=\"column\">\n\t\t\t<div class=\"elementor-widget-wrap elementor-element-populated\">\n\t\t\t\t\t\t<div class=\"elementor-element elementor-element-b8a7366 elementor-widget elementor-widget-heading\" data-id=\"b8a7366\" data-element_type=\"widget\" data-e-type=\"widget\" data-widget_type=\"heading.default\">\n\t\t\t\t<div class=\"elementor-widget-container\">\n\t\t\t\t\t<h1 class=\"elementor-heading-title elementor-size-default\">Um pre\u00e7o - testes A\/B ilimitados no Varify.io<\/h1>\t\t\t\t<\/div>\n\t\t\t\t<\/div>\n\t\t\t\t<div class=\"elementor-element elementor-element-d12780a elementor-widget elementor-widget-text-editor\" data-id=\"d12780a\" data-element_type=\"widget\" data-e-type=\"widget\" data-widget_type=\"text-editor.default\">\n\t\t\t\t<div class=\"elementor-widget-container\">\n\t\t\t\t\t\t\t\t\t<p>Sua alternativa perfeita para todas as ferramentas de teste A\/B<\/p>\t\t\t\t\t\t\t\t<\/div>\n\t\t\t\t<\/div>\n\t\t\t\t<div class=\"elementor-element elementor-element-5694f0c elementor-hidden-desktop elementor-hidden-tablet elementor-icon-list--layout-traditional elementor-list-item-link-full_width elementor-widget elementor-widget-icon-list\" data-id=\"5694f0c\" data-element_type=\"widget\" data-e-type=\"widget\" data-widget_type=\"icon-list.default\">\n\t\t\t\t<div class=\"elementor-widget-container\">\n\t\t\t\t\t\t\t<ul class=\"elementor-icon-list-items\">\n\t\t\t\t\t\t\t<li class=\"elementor-icon-list-item\">\n\t\t\t\t\t\t\t\t\t\t\t<span class=\"elementor-icon-list-icon\">\n\t\t\t\t\t\t\t<i aria-hidden=\"true\" class=\"fas fa-check\"><\/i>\t\t\t\t\t\t<\/span>\n\t\t\t\t\t\t\t\t\t\t<span class=\"elementor-icon-list-text\"><b>Pre\u00e7o fixo:<\/b> 119 \u20ac por m\u00eas - n\u00e3o importa o volume de tr\u00e1fego ou de experimentos<\/span>\n\t\t\t\t\t\t\t\t\t<\/li>\n\t\t\t\t\t\t\t\t<li class=\"elementor-icon-list-item\">\n\t\t\t\t\t\t\t\t\t\t\t<span class=\"elementor-icon-list-icon\">\n\t\t\t\t\t\t\t<i aria-hidden=\"true\" class=\"fas fa-check\"><\/i>\t\t\t\t\t\t<\/span>\n\t\t\t\t\t\t\t\t\t\t<span class=\"elementor-icon-list-text\"><b>Flexibilidade no uso:<\/b> Funciona em todos os sites e sistemas de lojas<\/span>\n\t\t\t\t\t\t\t\t\t<\/li>\n\t\t\t\t\t\t\t\t<li class=\"elementor-icon-list-item\">\n\t\t\t\t\t\t\t\t\t\t\t<span class=\"elementor-icon-list-icon\">\n\t\t\t\t\t\t\t<i aria-hidden=\"true\" class=\"fas fa-check\"><\/i>\t\t\t\t\t\t<\/span>\n\t\t\t\t\t\t\t\t\t\t<span class=\"elementor-icon-list-text\"><b>Amig\u00e1vel para iniciantes:<\/b> Ainda mais f\u00e1cil do que o Google Optimize<\/span>\n\t\t\t\t\t\t\t\t\t<\/li>\n\t\t\t\t\t\t<\/ul>\n\t\t\t\t\t\t<\/div>\n\t\t\t\t<\/div>\n\t\t\t\t<div class=\"elementor-element elementor-element-2893046 elementor-widget__width-initial elementor-hidden-desktop elementor-hidden-tablet elementor-widget elementor-widget-image\" data-id=\"2893046\" data-element_type=\"widget\" data-e-type=\"widget\" data-widget_type=\"image.default\">\n\t\t\t\t<div class=\"elementor-widget-container\">\n\t\t\t\t\t\t\t\t\t\t\t\t\t\t\t<img fetchpriority=\"high\" decoding=\"async\" width=\"330\" height=\"330\" src=\"https:\/\/varify.io\/wp-content\/uploads\/2023\/04\/3step-image.png\" class=\"attachment-large size-large wp-image-20002\" alt=\"\" srcset=\"https:\/\/varify.io\/wp-content\/uploads\/2023\/04\/3step-image.png 330w, https:\/\/varify.io\/wp-content\/uploads\/2023\/04\/3step-image-300x300.png 300w, https:\/\/varify.io\/wp-content\/uploads\/2023\/04\/3step-image-150x150.png 150w, https:\/\/varify.io\/wp-content\/uploads\/2023\/04\/3step-image-12x12.png 12w\" sizes=\"(max-width: 330px) 100vw, 330px\" \/>\t\t\t\t\t\t\t\t\t\t\t\t\t\t\t<\/div>\n\t\t\t\t<\/div>\n\t\t\t\t\t<\/div>\n\t\t<\/div>\n\t\t\t\t\t<\/div>\n\t\t<\/section>\n\t\t\t\t<section data-particle_enable=\"false\" data-particle-mobile-disabled=\"false\" class=\"elementor-section elementor-top-section elementor-element elementor-element-e3dcb08 elementor-section-boxed elementor-section-height-default elementor-section-height-default\" data-id=\"e3dcb08\" data-element_type=\"section\" data-e-type=\"section\">\n\t\t\t\t\t\t\t<div class=\"elementor-background-overlay\"><\/div>\n\t\t\t\t\t\t\t<div class=\"elementor-container elementor-column-gap-default\">\n\t\t\t\t\t<div class=\"elementor-column elementor-col-50 elementor-top-column elementor-element elementor-element-f1451a3\" data-id=\"f1451a3\" data-element_type=\"column\" data-e-type=\"column\">\n\t\t\t<div class=\"elementor-widget-wrap elementor-element-populated\">\n\t\t\t\t\t\t<div class=\"elementor-element elementor-element-c457173 elementor-icon-list--layout-traditional elementor-list-item-link-full_width elementor-widget elementor-widget-icon-list\" data-id=\"c457173\" data-element_type=\"widget\" data-e-type=\"widget\" data-widget_type=\"icon-list.default\">\n\t\t\t\t<div class=\"elementor-widget-container\">\n\t\t\t\t\t\t\t<ul class=\"elementor-icon-list-items\">\n\t\t\t\t\t\t\t<li class=\"elementor-icon-list-item\">\n\t\t\t\t\t\t\t\t\t\t\t<span class=\"elementor-icon-list-icon\">\n\t\t\t\t\t\t\t<i aria-hidden=\"true\" class=\"fas fa-check\"><\/i>\t\t\t\t\t\t<\/span>\n\t\t\t\t\t\t\t\t\t\t<span class=\"elementor-icon-list-text\"><b>Pre\u00e7o fixo:<\/b> 119 \u20ac por m\u00eas - n\u00e3o importa o volume de tr\u00e1fego ou de experimentos<\/span>\n\t\t\t\t\t\t\t\t\t<\/li>\n\t\t\t\t\t\t\t\t<li class=\"elementor-icon-list-item\">\n\t\t\t\t\t\t\t\t\t\t\t<span class=\"elementor-icon-list-icon\">\n\t\t\t\t\t\t\t<i aria-hidden=\"true\" class=\"fas fa-check\"><\/i>\t\t\t\t\t\t<\/span>\n\t\t\t\t\t\t\t\t\t\t<span class=\"elementor-icon-list-text\"><b>Flexibilidade no uso:<\/b> Funciona em todos os sites e sistemas de lojas<\/span>\n\t\t\t\t\t\t\t\t\t<\/li>\n\t\t\t\t\t\t\t\t<li class=\"elementor-icon-list-item\">\n\t\t\t\t\t\t\t\t\t\t\t<span class=\"elementor-icon-list-icon\">\n\t\t\t\t\t\t\t<i aria-hidden=\"true\" class=\"fas fa-check\"><\/i>\t\t\t\t\t\t<\/span>\n\t\t\t\t\t\t\t\t\t\t<span class=\"elementor-icon-list-text\"><b>Amig\u00e1vel para iniciantes:<\/b> Ainda mais f\u00e1cil do que o Google Optimize<\/span>\n\t\t\t\t\t\t\t\t\t<\/li>\n\t\t\t\t\t\t<\/ul>\n\t\t\t\t\t\t<\/div>\n\t\t\t\t<\/div>\n\t\t\t\t<div class=\"elementor-element elementor-element-b5c7c59 elementor-widget elementor-widget-eael-creative-button\" data-id=\"b5c7c59\" data-element_type=\"widget\" data-e-type=\"widget\" data-widget_type=\"eael-creative-button.default\">\n\t\t\t\t<div class=\"elementor-widget-container\">\n\t\t\t\t\t        <div class=\"eael-creative-button-wrapper\">\n\n            <a class=\"eael-creative-button eael-creative-button--default\" href=\"https:\/\/varify.io\/pt\/registro\/\" data-text=\"Go!\">\n            \t    \n                <div class=\"creative-button-inner\">\n\n                    \n                    <span class=\"cretive-button-text\">Teste agora por 30 dias gr\u00e1tis<\/span>\n\n                                    <\/div>\n\t                        <\/a>\n        <\/div>\n        \t\t\t\t<\/div>\n\t\t\t\t<\/div>\n\t\t\t\t<div class=\"elementor-element elementor-element-4ea22a4 elementor-widget elementor-widget-text-editor\" data-id=\"4ea22a4\" data-element_type=\"widget\" data-e-type=\"widget\" data-widget_type=\"text-editor.default\">\n\t\t\t\t<div class=\"elementor-widget-container\">\n\t\t\t\t\t\t\t\t\t<p>Sem cart\u00e3o de cr\u00e9dito<\/p>\t\t\t\t\t\t\t\t<\/div>\n\t\t\t\t<\/div>\n\t\t\t\t<div class=\"elementor-element elementor-element-0b33f7e elementor-widget elementor-widget-image\" data-id=\"0b33f7e\" data-element_type=\"widget\" data-e-type=\"widget\" data-widget_type=\"image.default\">\n\t\t\t\t<div class=\"elementor-widget-container\">\n\t\t\t\t\t\t\t\t\t\t\t\t\t\t\t<img decoding=\"async\" width=\"170\" height=\"64\" src=\"https:\/\/varify.io\/wp-content\/uploads\/2025\/09\/OMR-top-rated-Q4_2024.png\" class=\"attachment-full size-full wp-image-20553\" alt=\"\" \/>\t\t\t\t\t\t\t\t\t\t\t\t\t\t\t<\/div>\n\t\t\t\t<\/div>\n\t\t\t\t\t<\/div>\n\t\t<\/div>\n\t\t\t\t<div class=\"elementor-column elementor-col-50 elementor-top-column elementor-element elementor-element-6a43b86\" data-id=\"6a43b86\" data-element_type=\"column\" data-e-type=\"column\">\n\t\t\t<div class=\"elementor-widget-wrap elementor-element-populated\">\n\t\t\t\t\t\t<div class=\"elementor-element elementor-element-e458ffc elementor-widget__width-initial elementor-widget elementor-widget-image\" data-id=\"e458ffc\" data-element_type=\"widget\" data-e-type=\"widget\" data-widget_type=\"image.default\">\n\t\t\t\t<div class=\"elementor-widget-container\">\n\t\t\t\t\t\t\t\t\t\t\t\t\t\t\t<img fetchpriority=\"high\" decoding=\"async\" width=\"330\" height=\"330\" src=\"https:\/\/varify.io\/wp-content\/uploads\/2023\/04\/3step-image.png\" class=\"attachment-large size-large wp-image-20002\" alt=\"\" srcset=\"https:\/\/varify.io\/wp-content\/uploads\/2023\/04\/3step-image.png 330w, https:\/\/varify.io\/wp-content\/uploads\/2023\/04\/3step-image-300x300.png 300w, https:\/\/varify.io\/wp-content\/uploads\/2023\/04\/3step-image-150x150.png 150w, https:\/\/varify.io\/wp-content\/uploads\/2023\/04\/3step-image-12x12.png 12w\" sizes=\"(max-width: 330px) 100vw, 330px\" \/>\t\t\t\t\t\t\t\t\t\t\t\t\t\t\t<\/div>\n\t\t\t\t<\/div>\n\t\t\t\t\t<\/div>\n\t\t<\/div>\n\t\t\t\t\t<\/div>\n\t\t<\/section>\n\t\t\t\t<\/div>","protected":false},"excerpt":{"rendered":"<p>A\/B-Test &#8211; Laufzeitrechner V 1.0 Zu den Informationen Anzahl der Besucher im Monat Erwarteter Effekt in % Anzahl der Varianten (inklusive Control): Conversion Rate % der Control: Confidence Level: 90%95%99% Calculate Du m\u00f6chtest einen A\/B-Test durchf\u00fchren? Sehr gut! Jetzt gilt es, den ben\u00f6tigten Zeitraum zu verstehen und zu planen. Mit unserem Laufzeitrechner kannst du pr\u00e4zise [&hellip;]<\/p>\n","protected":false},"author":3,"featured_media":0,"parent":0,"menu_order":0,"comment_status":"closed","ping_status":"closed","template":"","meta":{"inline_featured_image":false,"footnotes":""},"class_list":["post-31981","page","type-page","status-publish","hentry"],"_links":{"self":[{"href":"https:\/\/varify.io\/pt\/wp-json\/wp\/v2\/pages\/31981","targetHints":{"allow":["GET"]}}],"collection":[{"href":"https:\/\/varify.io\/pt\/wp-json\/wp\/v2\/pages"}],"about":[{"href":"https:\/\/varify.io\/pt\/wp-json\/wp\/v2\/types\/page"}],"author":[{"embeddable":true,"href":"https:\/\/varify.io\/pt\/wp-json\/wp\/v2\/users\/3"}],"replies":[{"embeddable":true,"href":"https:\/\/varify.io\/pt\/wp-json\/wp\/v2\/comments?post=31981"}],"version-history":[{"count":63,"href":"https:\/\/varify.io\/pt\/wp-json\/wp\/v2\/pages\/31981\/revisions"}],"predecessor-version":[{"id":39226,"href":"https:\/\/varify.io\/pt\/wp-json\/wp\/v2\/pages\/31981\/revisions\/39226"}],"wp:attachment":[{"href":"https:\/\/varify.io\/pt\/wp-json\/wp\/v2\/media?parent=31981"}],"curies":[{"name":"wp","href":"https:\/\/api.w.org\/{rel}","templated":true}]}}