{"id":5226,"date":"2019-07-12T20:03:10","date_gmt":"2019-07-12T20:03:10","guid":{"rendered":"https:\/\/varify.io\/?page_id=5226"},"modified":"2019-07-12T20:03:10","modified_gmt":"2019-07-12T20:03:10","slug":"auswertung-deiner-a-b-tests","status":"publish","type":"page","link":"https:\/\/varify.io\/pt\/documentacao\/avaliacao-de-seus-testes-a-b\/","title":{"rendered":"Avalia\u00e7\u00e3o de suas variantes"},"content":{"rendered":"<p>O Varify.io n\u00e3o rastreia nenhum dado e, portanto, \u00e9 compat\u00edvel com o GDPR. Voc\u00ea pode analisar suas variantes criadas de forma f\u00e1cil e totalmente autom\u00e1tica usando suas ferramentas de an\u00e1lise existentes. Tamb\u00e9m \u00e9 poss\u00edvel usar as fun\u00e7\u00f5es de an\u00e1lise de suas ferramentas de marketing de desempenho, como o Google Ads ou o Facebook Marketing.<\/p>\n\n\n\n<h2 class=\"wp-block-heading\">Avalia\u00e7\u00e3o com sua ferramenta de an\u00e1lise <\/h2>\n\n\n\n<p>N\u00e3o \u00e9 necess\u00e1rio fazer nenhuma configura\u00e7\u00e3o adicional para analisar suas variantes com o Google Analytics. O rastreamento \u00e9 quase totalmente autom\u00e1tico. Voc\u00ea analisa a variante criada exatamente da mesma forma que analisa a p\u00e1gina principal. Voc\u00ea encontrar\u00e1 a variante sob o nome da p\u00e1gina principal com o ap\u00eandice ?varify={nome da variante}<\/p>\n\n\n\n<figure class=\"wp-block-image\"><img decoding=\"async\" src=\"https:\/\/varify.io\/wp-content\/uploads\/2019\/07\/Bildschirmfoto-2019-07-09-um-23.03.28.png\" alt=\"\" class=\"wp-image-5214\"\/><\/figure>\n\n\n\n<h2 class=\"wp-block-heading\">Avalia\u00e7\u00e3o com sua ferramenta de marketing de desempenho (por exemplo, Google Ads)<\/h2>\n\n\n\n<p>Para avaliar o desempenho de sua variante, recomendamos a execu\u00e7\u00e3o de um teste de an\u00fancio 50\/50 com segmenta\u00e7\u00e3o uniforme, em que ambos os an\u00fancios t\u00eam o mesmo conte\u00fado. A \u00fanica diferen\u00e7a \u00e9 que voc\u00ea insere o URL de destino de sua p\u00e1gina principal (por exemplo, www.testpage.de\/bekleidung) em um an\u00fancio e o URL de destino de sua variante (por exemplo, www.testpage.de\/bekleidung?varify={nome da variante}) no outro.<\/p>\n\n\n\n<p>Se agora voc\u00ea comparar as duas variantes entre si, poder\u00e1 compar\u00e1-las diretamente com base nas convers\u00f5es definidas e em outras m\u00e9tricas. Isso permite que voc\u00ea veja o aumento da variante de uma forma muito transparente.<\/p>","protected":false},"excerpt":{"rendered":"<p>Varify.io trackt keine Daten und ist deshalb DSGVO konform. Die Auswertung deiner erstellten Varianten kannst du zum einen ganz einfach und v\u00f6llig automatisch \u00fcber deine bestehenden Analyse Tools vornehmen. Zum anderen kannst du zur Auswertung ebenfalls die Auswertungsfunktionen deiner Performance Marketing Tools wie Google Ads oder Facebook Marketing nutzen. Auswertung mit deinem Analyse Tool Um [&hellip;]<\/p>\n","protected":false},"author":2,"featured_media":0,"parent":4317,"menu_order":0,"comment_status":"closed","ping_status":"closed","template":"","meta":{"inline_featured_image":false,"footnotes":""},"class_list":["post-5226","page","type-page","status-publish","hentry"],"_links":{"self":[{"href":"https:\/\/varify.io\/pt\/wp-json\/wp\/v2\/pages\/5226","targetHints":{"allow":["GET"]}}],"collection":[{"href":"https:\/\/varify.io\/pt\/wp-json\/wp\/v2\/pages"}],"about":[{"href":"https:\/\/varify.io\/pt\/wp-json\/wp\/v2\/types\/page"}],"author":[{"embeddable":true,"href":"https:\/\/varify.io\/pt\/wp-json\/wp\/v2\/users\/2"}],"replies":[{"embeddable":true,"href":"https:\/\/varify.io\/pt\/wp-json\/wp\/v2\/comments?post=5226"}],"version-history":[{"count":0,"href":"https:\/\/varify.io\/pt\/wp-json\/wp\/v2\/pages\/5226\/revisions"}],"up":[{"embeddable":true,"href":"https:\/\/varify.io\/pt\/wp-json\/wp\/v2\/pages\/4317"}],"wp:attachment":[{"href":"https:\/\/varify.io\/pt\/wp-json\/wp\/v2\/media?parent=5226"}],"curies":[{"name":"wp","href":"https:\/\/api.w.org\/{rel}","templated":true}]}}