{"id":12,"date":"2021-05-26T11:10:10","date_gmt":"2021-05-26T09:10:10","guid":{"rendered":"https:\/\/wp-vorlage-elementor.um-server.de\/?page_id=12"},"modified":"2024-10-10T16:49:19","modified_gmt":"2024-10-10T14:49:19","slug":"impressum","status":"publish","type":"page","link":"https:\/\/varify.io\/tr\/baski\/","title":{"rendered":"K\u00fcnye"},"content":{"rendered":"<div data-elementor-type=\"wp-page\" data-elementor-id=\"12\" class=\"elementor elementor-12\" data-elementor-post-type=\"page\">\n\t\t\t\t\t\t<section data-particle_enable=\"false\" data-particle-mobile-disabled=\"false\" class=\"elementor-section elementor-top-section elementor-element elementor-element-4a13d94 elementor-section-boxed elementor-section-height-default elementor-section-height-default\" data-id=\"4a13d94\" data-element_type=\"section\" data-e-type=\"section\">\n\t\t\t\t\t\t<div class=\"elementor-container elementor-column-gap-default\">\n\t\t\t\t\t<div class=\"elementor-column elementor-col-100 elementor-top-column elementor-element elementor-element-845e63f\" data-id=\"845e63f\" data-element_type=\"column\" data-e-type=\"column\">\n\t\t\t<div class=\"elementor-widget-wrap elementor-element-populated\">\n\t\t\t\t\t\t<div class=\"elementor-element elementor-element-4a3e290 elementor-widget elementor-widget-heading\" data-id=\"4a3e290\" data-element_type=\"widget\" data-e-type=\"widget\" data-widget_type=\"heading.default\">\n\t\t\t\t<div class=\"elementor-widget-container\">\n\t\t\t\t\t<h1 class=\"elementor-heading-title elementor-size-default\">K\u00fcnye<\/h1>\t\t\t\t<\/div>\n\t\t\t\t<\/div>\n\t\t\t\t<div class=\"elementor-element elementor-element-d4c38c3 elementor-widget elementor-widget-text-editor\" data-id=\"d4c38c3\" data-element_type=\"widget\" data-e-type=\"widget\" data-widget_type=\"text-editor.default\">\n\t\t\t\t<div class=\"elementor-widget-container\">\n\t\t\t\t\t\t\t\t\t<h3>TMG Madde 5 uyar\u0131nca bilgiler<\/h3><p>Varify Software GmbH<br \/>S\u00fcdliche M\u00fcnchner Stra\u00dfe 55<br \/>82031 Gr\u00fcnwald<\/p><p>M\u00fcnih Yerel Mahkemesi HRB 289569<br \/>Sat\u0131\u015f vergisi kimlik numaras\u0131: DE366335230<\/p><p><strong>Hissedarlar taraf\u0131ndan temsil edilmektedir:<\/strong><br \/>Thomas B. Kraus, Daniel Schalow, Steffen Schulz<\/p><h3>Biz size yard\u0131mc\u0131<\/h3><p>Telefon: +49 89 21909123 0<br \/>E-posta: info@varify.io<\/p><h3>Uyu\u015fmazl\u0131k \u00e7\u00f6z\u00fcm\u00fc<\/h3><p>Avrupa Komisyonu, \u00e7evrimi\u00e7i uyu\u015fmazl\u0131k \u00e7\u00f6z\u00fcm\u00fc (OS) i\u00e7in bir platform sa\u011flamaktad\u0131r: <a href=\"https:\/\/ec.europa.eu\/consumers\/odr\" target=\"_blank\" rel=\"noopener noreferrer\">https:\/\/ec.europa.eu\/consumers\/odr<\/a>.<br \/>E-posta adresimizi yukar\u0131daki yasal bildirimde bulabilirsiniz.<\/p><p>Bir t\u00fcketici hakem heyeti nezdindeki uyu\u015fmazl\u0131k \u00e7\u00f6z\u00fcm i\u015flemlerine kat\u0131lmaya istekli veya y\u00fck\u00fcml\u00fc de\u011filiz.<\/p><h3>\u0130\u00e7erik i\u00e7in sorumluluk<\/h3><p>Bir hizmet sa\u011flay\u0131c\u0131 olarak, TMG (Alman Telemedya Yasas\u0131) Madde 7 (1) ve genel mevzuat uyar\u0131nca bu sayfalardaki kendi i\u00e7eri\u011fimizden sorumluyuz. Bununla birlikte, TMG Madde 8 ila 10'a g\u00f6re, bir hizmet sa\u011flay\u0131c\u0131 olarak iletilen veya saklanan \u00fc\u00e7\u00fcnc\u00fc taraf bilgilerini izlemek veya yasa d\u0131\u015f\u0131 faaliyetlere i\u015faret eden durumlar\u0131 ara\u015ft\u0131rmak zorunda de\u011filiz.<\/p><p>Genel mevzuat uyar\u0131nca bilgilerin kullan\u0131m\u0131n\u0131 kald\u0131rma veya engelleme y\u00fck\u00fcml\u00fcl\u00fckleri bundan etkilenmez. Ancak, bu konudaki sorumluluk sadece belirli bir ihlalin fark\u0131na vard\u0131\u011f\u0131m\u0131z andan itibaren m\u00fcmk\u00fcnd\u00fcr. Bu t\u00fcr ihlallerin fark\u0131na var\u0131r varmaz, bu i\u00e7eri\u011fi derhal kald\u0131raca\u011f\u0131z.<\/p><h3>Ba\u011flant\u0131lar i\u00e7in sorumluluk<\/h3><p>Web sitemiz, i\u00e7eri\u011fi \u00fczerinde hi\u00e7bir etkimiz olmayan harici \u00fc\u00e7\u00fcnc\u00fc taraf web sitelerine ba\u011flant\u0131lar i\u00e7ermektedir. Bu nedenle, bu \u00fc\u00e7\u00fcnc\u00fc taraf i\u00e7eri\u011fi i\u00e7in herhangi bir sorumluluk kabul edemeyiz. Ba\u011flant\u0131l\u0131 sayfalar\u0131n i\u00e7eri\u011finden her zaman sayfalar\u0131n ilgili sa\u011flay\u0131c\u0131s\u0131 veya operat\u00f6r\u00fc sorumludur. Ba\u011flant\u0131 verilen sayfalar, ba\u011flant\u0131 verildi\u011fi s\u0131rada olas\u0131 yasal ihlallere kar\u015f\u0131 kontrol edilmi\u015ftir. Ba\u011flant\u0131 s\u0131ras\u0131nda yasa d\u0131\u015f\u0131 i\u00e7erikler tespit edilememi\u015ftir.<\/p><p>Bununla birlikte, ba\u011flant\u0131l\u0131 sayfalar\u0131n i\u00e7eri\u011finin s\u00fcrekli olarak izlenmesi, bir ihlalin somut kan\u0131t\u0131 olmadan makul de\u011fildir. Herhangi bir yasal ihlalden haberdar olursak, bu t\u00fcr ba\u011flant\u0131lar\u0131 derhal kald\u0131raca\u011f\u0131z.<\/p><h3><strong>Sigorta<\/strong><\/h3><p>Varify GmbH, uzman sigortac\u0131 Hiscox ile BT \u015firketleri i\u00e7in bir sigorta poli\u00e7esine sahiptir.<\/p><p><a href=\"https:\/\/varify.io\/wp-content\/uploads\/2023\/03\/hiscox-versichert-siegel_2023.pdf\"><img decoding=\"async\" src=\"https:\/\/varify.io\/wp-content\/uploads\/2023\/03\/hiscox-versichert-siegel_2023-pdf-150x150.jpg\" alt=\"\" width=\"150\" height=\"150\" \/><\/a><\/p><h3>Telif Hakk\u0131<\/h3><p>Bu sayfalarda site operat\u00f6rleri taraf\u0131ndan olu\u015fturulan i\u00e7erik ve eserler Alman telif hakk\u0131 yasas\u0131na tabidir. \u00c7o\u011faltma, d\u00fczenleme, da\u011f\u0131t\u0131m ve telif hakk\u0131 yasas\u0131n\u0131n s\u0131n\u0131rlar\u0131 d\u0131\u015f\u0131ndaki her t\u00fcrl\u00fc kullan\u0131m, ilgili yazar\u0131n veya yarat\u0131c\u0131n\u0131n yaz\u0131l\u0131 onay\u0131n\u0131 gerektirir. Bu sitenin indirilmesine ve kopyalanmas\u0131na yaln\u0131zca \u00f6zel, ticari olmayan kullan\u0131m i\u00e7in izin verilir.<\/p><p>Bu sitedeki i\u00e7erik operat\u00f6r taraf\u0131ndan olu\u015fturulmad\u0131\u011f\u0131 s\u00fcrece, \u00fc\u00e7\u00fcnc\u00fc taraflar\u0131n telif haklar\u0131na sayg\u0131 duyulur. \u00d6zellikle, \u00fc\u00e7\u00fcnc\u00fc taraf i\u00e7eri\u011fi bu \u015fekilde etiketlenmi\u015ftir. Yine de bir telif hakk\u0131 ihlalinden haberdar olursan\u0131z, l\u00fctfen bizi uygun \u015fekilde bilgilendirin. Herhangi bir ihlalden haberdar olursak, bu t\u00fcr i\u00e7eri\u011fi derhal kald\u0131raca\u011f\u0131z.<\/p><p>Kaynak: <a href=\"https:\/\/www.e-recht24.de\/impressum-generator.html\" target=\"_blank\" rel=\"noopener\">https:\/\/www.e-recht24.de\/impressum-generator.html<\/a><\/p>\t\t\t\t\t\t\t\t<\/div>\n\t\t\t\t<\/div>\n\t\t\t\t\t<\/div>\n\t\t<\/div>\n\t\t\t\t\t<\/div>\n\t\t<\/section>\n\t\t\t\t<\/div>","protected":false},"excerpt":{"rendered":"<p>Impressum Angaben gem\u00e4\u00df \u00a7 5 TMG Varify Software GmbHS\u00fcdliche M\u00fcnchner Stra\u00dfe 5582031 Gr\u00fcnwald Amtsgericht M\u00fcnchen HRB 289569Umsatzsteuer-Identifikationsnummer: DE366335230 Vertreten durch die Gesellschafter:Thomas B. Kraus, Daniel Schalow, Steffen Schulz Kontakt Telefon: +49 89 21909123 0E-Mail: info@varify.io Streitschlichtung Die Europ\u00e4ische Kommission stellt eine Plattform zur Online-Streitbeilegung (OS) bereit: https:\/\/ec.europa.eu\/consumers\/odr.Unsere E-Mail-Adresse finden Sie oben im Impressum. Wir sind [&hellip;]<\/p>\n","protected":false},"author":1,"featured_media":0,"parent":0,"menu_order":0,"comment_status":"closed","ping_status":"closed","template":"","meta":{"inline_featured_image":false,"footnotes":""},"class_list":["post-12","page","type-page","status-publish","hentry"],"_links":{"self":[{"href":"https:\/\/varify.io\/tr\/wp-json\/wp\/v2\/pages\/12","targetHints":{"allow":["GET"]}}],"collection":[{"href":"https:\/\/varify.io\/tr\/wp-json\/wp\/v2\/pages"}],"about":[{"href":"https:\/\/varify.io\/tr\/wp-json\/wp\/v2\/types\/page"}],"author":[{"embeddable":true,"href":"https:\/\/varify.io\/tr\/wp-json\/wp\/v2\/users\/1"}],"replies":[{"embeddable":true,"href":"https:\/\/varify.io\/tr\/wp-json\/wp\/v2\/comments?post=12"}],"version-history":[{"count":66,"href":"https:\/\/varify.io\/tr\/wp-json\/wp\/v2\/pages\/12\/revisions"}],"predecessor-version":[{"id":33075,"href":"https:\/\/varify.io\/tr\/wp-json\/wp\/v2\/pages\/12\/revisions\/33075"}],"wp:attachment":[{"href":"https:\/\/varify.io\/tr\/wp-json\/wp\/v2\/media?parent=12"}],"curies":[{"name":"wp","href":"https:\/\/api.w.org\/{rel}","templated":true}]}}