{"id":19668,"date":"2023-04-19T23:12:05","date_gmt":"2023-04-19T21:12:05","guid":{"rendered":"https:\/\/varify.io\/?page_id=19668"},"modified":"2025-07-02T09:44:51","modified_gmt":"2025-07-02T07:44:51","slug":"gewinnspiel-bedingungen","status":"publish","type":"page","link":"https:\/\/varify.io\/tr\/yarisma-kosullari\/","title":{"rendered":"Yar\u0131\u015fma i\u00e7in ko\u015fullar"},"content":{"rendered":"<div data-elementor-type=\"wp-page\" data-elementor-id=\"19668\" class=\"elementor elementor-19668\" data-elementor-post-type=\"page\">\n\t\t\t\t\t\t<section data-particle_enable=\"false\" data-particle-mobile-disabled=\"false\" class=\"elementor-section elementor-top-section elementor-element elementor-element-3486c9c elementor-section-boxed elementor-section-height-default elementor-section-height-default\" data-id=\"3486c9c\" data-element_type=\"section\" data-e-type=\"section\">\n\t\t\t\t\t\t<div class=\"elementor-container elementor-column-gap-default\">\n\t\t\t\t\t<div class=\"elementor-column elementor-col-100 elementor-top-column elementor-element elementor-element-69399e4\" data-id=\"69399e4\" data-element_type=\"column\" data-e-type=\"column\">\n\t\t\t<div class=\"elementor-widget-wrap elementor-element-populated\">\n\t\t\t\t\t\t<div class=\"elementor-element elementor-element-b064dd6 elementor-widget elementor-widget-text-editor\" data-id=\"b064dd6\" data-element_type=\"widget\" data-e-type=\"widget\" data-widget_type=\"text-editor.default\">\n\t\t\t\t<div class=\"elementor-widget-container\">\n\t\t\t\t\t\t\t\t\t<p data-start=\"57\" data-end=\"185\"><\/p>\n<p data-start=\"248\" data-end=\"480\"><strong data-start=\"248\" data-end=\"263\">Genel bilgi<\/strong><br data-start=\"263\" data-end=\"266\">Yar\u0131\u015fma Varify Software GmbH, S\u00fcdliche M\u00fcnchner Str. 55, 82031 Gr\u00fcnwald taraf\u0131ndan d\u00fczenlenmektedir.<br data-start=\"363\" data-end=\"366\">Yar\u0131\u015fma LinkedIn ile ba\u011flant\u0131l\u0131 de\u011fildir ve LinkedIn taraf\u0131ndan desteklenmemekte veya tan\u0131t\u0131lmamaktad\u0131r.<\/p>\n<hr data-start=\"482\" data-end=\"485\">\n<p data-start=\"487\" data-end=\"709\"><strong data-start=\"487\" data-end=\"511\">Kat\u0131l\u0131m ko\u015fullar\u0131<\/strong><br data-start=\"511\" data-end=\"514\">18 ya\u015f ve \u00fczeri t\u00fcm ki\u015filer kat\u0131labilir.<br data-start=\"566\" data-end=\"569\">\u00c7al\u0131\u015fanlar ve yar\u0131\u015fman\u0131n organizasyonu ve uygulanmas\u0131nda yer alan ki\u015filer yar\u0131\u015fmaya kat\u0131lamazlar.<\/p>\n<p data-start=\"711\" data-end=\"936\">Kat\u0131l\u0131m s\u00fcrecini, sistemi ve\/veya \u00e7ekili\u015fi manip\u00fcle eden veya manip\u00fcle etmeye \u00e7al\u0131\u015fan veya kat\u0131l\u0131m ko\u015fullar\u0131n\u0131 ihlal eden ki\u015fileri kat\u0131l\u0131mdan hari\u00e7 tutma hakk\u0131m\u0131z\u0131 sakl\u0131 tutar\u0131z.<\/p>\n<p data-start=\"938\" data-end=\"1065\">Bir kazanan\u0131n hari\u00e7 tutulmas\u0131 durumunda, \u00f6d\u00fcl daha sonra geri \u00e7ekilebilir ve yedek bir kazanan belirlenebilir.<\/p>\n<hr data-start=\"1067\" data-end=\"1070\">\n<p data-start=\"1072\" data-end=\"1156\"><strong data-start=\"1072\" data-end=\"1101\">Yar\u0131\u015fma s\u00fcresi<\/strong><br data-start=\"1101\" data-end=\"1104\">Yar\u0131\u015fma 02.07.2025 ile 17.07.2025 tarihleri aras\u0131nda devam edecektir.<\/p>\n<hr data-start=\"1158\" data-end=\"1161\">\n<p data-start=\"1163\" data-end=\"1440\"><strong data-start=\"1163\" data-end=\"1176\">Kat\u0131l\u0131m<\/strong><br data-start=\"1176\" data-end=\"1179\">Kat\u0131l\u0131m \u00fccretsizdir. Kat\u0131lmak i\u00e7in LinkedIn g\u00f6nderisine yorum yap\u0131n ve bir \"Be\u011fen\" b\u0131rak\u0131n.<br data-start=\"1292\" data-end=\"1295\">Her ki\u015fi bu yar\u0131\u015fmaya yaln\u0131zca bir kez kat\u0131labilir. Birden fazla LinkedIn hesab\u0131n\u0131n veya otomatik yorumlar\u0131n kullan\u0131lmas\u0131 yasakt\u0131r.<\/p>\n<hr data-start=\"1442\" data-end=\"1445\">\n<p data-start=\"1447\" data-end=\"1524\"><strong data-start=\"1447\" data-end=\"1467\">Kapan\u0131\u015f tarihi<\/strong><br data-start=\"1467\" data-end=\"1470\">Kat\u0131l\u0131mlar i\u00e7in kapan\u0131\u015f tarihi 17\/07\/2025 saat 23:59'dur.<\/p>\n<hr data-start=\"1526\" data-end=\"1529\">\n<p data-start=\"1531\" data-end=\"1707\"><strong data-start=\"1531\" data-end=\"1562\">Yar\u0131\u015fma prosed\u00fcr\u00fc ve \u00f6d\u00fcl<\/strong><br data-start=\"1562\" data-end=\"1565\">Tobias Loosschelders'in \"Conversion Optimisation - Successful Websites and Digital Campaigns\" kitab\u0131 ve Varify'\u0131n \"Psychological Trigger\" kart seti t\u00fcm kat\u0131l\u0131mc\u0131lar aras\u0131nda \u00e7ekili\u015fle verilecektir.<\/p>\n<hr data-start=\"1709\" data-end=\"1712\">\n<p data-start=\"1714\" data-end=\"2108\"><strong data-start=\"1714\" data-end=\"1785\">Kazananlar\u0131n bildirilmesi ve \u00f6d\u00fcl\u00fcn son teslim tarihine kadar kabul edilmesi<\/strong><br data-start=\"1785\" data-end=\"1788\">\u00c7ekili\u015ften sonra kazanan ki\u015fi g\u00f6nderinin yorumlar\u0131nda belirtilecektir. Bildirim garantisi yoktur.<br data-start=\"1902\" data-end=\"1905\">Kazanan 16\/07\/2025 tarihinde se\u00e7ilecek ve yorumlarda bildirilecektir. Kazananlar adreslerini en ge\u00e7 21 Temmuz 2025 g\u00fcn\u00fc saat 11:00'e kadar \u00f6zel mesajla g\u00f6ndermelidir. Aksi takdirde \u00f6d\u00fcl kaybedilecektir.<\/p>\n<hr data-start=\"2110\" data-end=\"2113\">\n<p data-start=\"2115\" data-end=\"2310\"><strong data-start=\"2115\" data-end=\"2147\">K\u00e2r i\u015fleme ve maliyetler<\/strong><br data-start=\"2147\" data-end=\"2150\">\u00d6d\u00fcl nakit olarak \u00f6denemez veya takas edilemez. \u00d6d\u00fcl\u00fcn ki\u015fisel olmas\u0131 nedeniyle \u00f6d\u00fcl hakk\u0131n\u0131n \u00fc\u00e7\u00fcnc\u00fc \u015fah\u0131slara devredilmesi m\u00fcmk\u00fcn de\u011fildir.<\/p>\n<hr data-start=\"2312\" data-end=\"2315\">\n<p data-start=\"2317\" data-end=\"2608\"><strong data-start=\"2317\" data-end=\"2332\">Veri koruma<\/strong><br data-start=\"2332\" data-end=\"2335\">Yar\u0131\u015fmaya kat\u0131l\u0131m\u0131n bir par\u00e7as\u0131 olarak toplanan veriler, yar\u0131\u015fman\u0131n d\u00fczenlenmesi ve y\u00fcr\u00fct\u00fclmesi amac\u0131yla saklanacak ve daha sonra silinecektir. En y\u00fcksek veri koruma standard\u0131n\u0131 garanti ediyoruz ve ilgili t\u00fcm yasal h\u00fck\u00fcmlere uyuyoruz.<\/p>\n<hr data-start=\"2610\" data-end=\"2613\">\n<p data-start=\"2615\" data-end=\"2969\"><strong data-start=\"2615\" data-end=\"2626\">Sorumluluk<\/strong><br data-start=\"2626\" data-end=\"2629\">Hafif ihmalden kaynaklanan hasar durumunda, yaln\u0131zca s\u00f6zle\u015fmeden do\u011fan \u00f6nemli bir y\u00fck\u00fcml\u00fcl\u00fc\u011f\u00fcn ihlali durumunda ve yaln\u0131zca tipik ve \u00f6ng\u00f6r\u00fclebilir hasar \u00f6l\u00e7\u00fcs\u00fcnde sorumlu olaca\u011f\u0131z. Bu sorumluluk s\u0131n\u0131rlamas\u0131, ya\u015fam, uzuv veya sa\u011fl\u0131\u011fa zarar verilmesi durumunda veya zorunlu yasal sorumluluk durumunda ge\u00e7erli olmayacakt\u0131r.<\/p>\n<hr data-start=\"2971\" data-end=\"2974\">\n<p data-start=\"2976\" data-end=\"3269\"><strong data-start=\"2976\" data-end=\"3001\">Erken fesih<\/strong><br data-start=\"3001\" data-end=\"3004\">Teknik, yasal veya m\u00fccbir sebeplerin yar\u0131\u015fman\u0131n d\u00fczg\u00fcn bir \u015fekilde y\u00fcr\u00fct\u00fclmesini engellemesi halinde, yar\u0131\u015fmay\u0131 herhangi bir zamanda tamamen veya k\u0131smen iptal etme veya de\u011fi\u015ftirme hakk\u0131m\u0131z sakl\u0131d\u0131r. Bu gibi durumlarda, kat\u0131l\u0131mc\u0131lar\u0131n bize kar\u015f\u0131 herhangi bir talep hakk\u0131 yoktur.<\/p>\n<hr data-start=\"3271\" data-end=\"3274\">\n<p data-start=\"3276\" data-end=\"3430\"><strong data-start=\"3276\" data-end=\"3317\">LinkedIn'in notlar\u0131 ve ko\u015fullar\u0131<\/strong><br data-start=\"3317\" data-end=\"3320\">Yar\u0131\u015fma LinkedIn ile ba\u011flant\u0131l\u0131 de\u011fildir. LinkedIn taraf\u0131ndan sponsor edilmemi\u015f, desteklenmemi\u015f veya d\u00fczenlenmemi\u015ftir. Yar\u0131\u015fma ile ilgili t\u00fcm soru ve yorumlar LinkedIn'e de\u011fil Varify Software GmbH'ye y\u00f6neltilmelidir.<\/p>\n<hr data-start=\"3879\" data-end=\"3882\">\n<p data-start=\"3884\" data-end=\"4178\"><strong data-start=\"3884\" data-end=\"3897\">\u00c7e\u015fitli<\/strong><br data-start=\"3897\" data-end=\"3900\">Bu kat\u0131l\u0131m ko\u015fullar\u0131n\u0131n m\u00fcnferit h\u00fck\u00fcmlerinin ge\u00e7ersiz olmas\u0131 veya ge\u00e7ersiz hale gelmesi, geri kalan h\u00fck\u00fcmlerin ge\u00e7erlili\u011fini etkilemeyecektir. Kat\u0131l\u0131m ko\u015fullar\u0131n\u0131 her zaman de\u011fi\u015ftirebiliriz. Yasal ba\u015fvuru hari\u00e7tir ve yaln\u0131zca Alman hukuku ge\u00e7erlidir.<\/p>\t\t\t\t\t\t\t\t<\/div>\n\t\t\t\t<\/div>\n\t\t\t\t\t<\/div>\n\t\t<\/div>\n\t\t\t\t\t<\/div>\n\t\t<\/section>\n\t\t\t\t<\/div>","protected":false},"excerpt":{"rendered":"<p>AllgemeinesDas Gewinnspiel wird von der Varify Software GmbH, S\u00fcdliche M\u00fcnchner Str. 55, 82031 Gr\u00fcnwald durchgef\u00fchrt.Das Gewinnspiel steht in keiner Verbindung zu LinkedIn und wird auch nicht von LinkedIn gesponsert oder gef\u00f6rdert. TeilnahmebedingungenTeilnahmeberechtigt sind alle Personen ab 18 Jahren.Mitarbeiter und Personen, die an der Organisation und Durchf\u00fchrung des Gewinnspiels beteiligt sind, sind von der Teilnahme ausgeschlossen. [&hellip;]<\/p>\n","protected":false},"author":3,"featured_media":0,"parent":0,"menu_order":0,"comment_status":"closed","ping_status":"closed","template":"","meta":{"inline_featured_image":false,"footnotes":""},"class_list":["post-19668","page","type-page","status-publish","hentry"],"_links":{"self":[{"href":"https:\/\/varify.io\/tr\/wp-json\/wp\/v2\/pages\/19668","targetHints":{"allow":["GET"]}}],"collection":[{"href":"https:\/\/varify.io\/tr\/wp-json\/wp\/v2\/pages"}],"about":[{"href":"https:\/\/varify.io\/tr\/wp-json\/wp\/v2\/types\/page"}],"author":[{"embeddable":true,"href":"https:\/\/varify.io\/tr\/wp-json\/wp\/v2\/users\/3"}],"replies":[{"embeddable":true,"href":"https:\/\/varify.io\/tr\/wp-json\/wp\/v2\/comments?post=19668"}],"version-history":[{"count":30,"href":"https:\/\/varify.io\/tr\/wp-json\/wp\/v2\/pages\/19668\/revisions"}],"predecessor-version":[{"id":40616,"href":"https:\/\/varify.io\/tr\/wp-json\/wp\/v2\/pages\/19668\/revisions\/40616"}],"wp:attachment":[{"href":"https:\/\/varify.io\/tr\/wp-json\/wp\/v2\/media?parent=19668"}],"curies":[{"name":"wp","href":"https:\/\/api.w.org\/{rel}","templated":true}]}}