{"id":5346,"date":"2019-09-09T18:25:10","date_gmt":"2019-09-09T18:25:10","guid":{"rendered":"https:\/\/varify.io\/?page_id=5346"},"modified":"2019-09-09T18:25:10","modified_gmt":"2019-09-09T18:25:10","slug":"upload-image","status":"publish","type":"page","link":"https:\/\/varify.io\/tr\/dokumentation\/varianten-erstellen\/resim-yuekle\/","title":{"rendered":"Resim Y\u00fckle"},"content":{"rendered":"<p>Sayfadaki bir g\u00f6r\u00fcnt\u00fcy\u00fc de\u011fi\u015ftirme veya yeni bir g\u00f6r\u00fcnt\u00fc ekleme se\u00e7ene\u011finiz vard\u0131r. \"G\u00f6rsel Y\u00fckle\", hen\u00fcz \u00e7evrimi\u00e7i olarak mevcut olmayan bir g\u00f6rselin y\u00fcklenmesi i\u00e7in tasarlanm\u0131\u015ft\u0131r. G\u00f6rsel Varify.io'da bar\u0131nd\u0131r\u0131l\u0131r ve varyant \u00e7a\u011fr\u0131ld\u0131\u011f\u0131nda y\u00fcklenir. <\/p>\n\n\n\n<div class=\"wp-block-image\"><figure class=\"aligncenter is-resized\"><img decoding=\"async\" src=\"https:\/\/varify.io\/wp-content\/uploads\/2019\/09\/Bildschirmfoto-2019-09-09-um-20.42.57.png\" alt=\"\" class=\"wp-image-5357\" width=\"600\"\/><\/figure><\/div>\n\n\n\n<p>CMS'nize daha \u00f6nce y\u00fckledi\u011finiz bir g\u00f6rseli kullanmak ister misiniz? Hi\u00e7 sorun de\u011fil. \"HTML D\u00fczenle \"yi kullan\u0131n ve varyant\u0131n\u0131zdaki g\u00f6rsel ba\u011flant\u0131s\u0131n\u0131 de\u011fi\u015ftirin.<\/p>\n\n\n\n<form action=\"\">\n  <input type=\"button\" value=\"Geri\" onclick=\"history.go(-1);return true;\">\n<input type=\"hidden\" name=\"trp-form-language\" value=\"tr\"\/><\/form>","protected":false},"excerpt":{"rendered":"<p>Du hast die M\u00f6glichkeit ein Bild auf der Seite zu tauschen oder ein neues Bild hinzuzuf\u00fcgen. &#8220;Upload Image&#8221; ist daf\u00fcr gedacht ein Bild, dass noch nicht online verf\u00fcgbar ist, hochladen zu k\u00f6nnen. Das Bild wird bei Varify.io gehostet und wird beim Aufruf der Variante geladen. M\u00f6chtest du ein Bild verwenden, dass du schon in deinem [&hellip;]<\/p>\n","protected":false},"author":2,"featured_media":0,"parent":4341,"menu_order":0,"comment_status":"closed","ping_status":"closed","template":"","meta":{"inline_featured_image":false,"footnotes":""},"class_list":["post-5346","page","type-page","status-publish","hentry"],"_links":{"self":[{"href":"https:\/\/varify.io\/tr\/wp-json\/wp\/v2\/pages\/5346","targetHints":{"allow":["GET"]}}],"collection":[{"href":"https:\/\/varify.io\/tr\/wp-json\/wp\/v2\/pages"}],"about":[{"href":"https:\/\/varify.io\/tr\/wp-json\/wp\/v2\/types\/page"}],"author":[{"embeddable":true,"href":"https:\/\/varify.io\/tr\/wp-json\/wp\/v2\/users\/2"}],"replies":[{"embeddable":true,"href":"https:\/\/varify.io\/tr\/wp-json\/wp\/v2\/comments?post=5346"}],"version-history":[{"count":0,"href":"https:\/\/varify.io\/tr\/wp-json\/wp\/v2\/pages\/5346\/revisions"}],"up":[{"embeddable":true,"href":"https:\/\/varify.io\/tr\/wp-json\/wp\/v2\/pages\/4341"}],"wp:attachment":[{"href":"https:\/\/varify.io\/tr\/wp-json\/wp\/v2\/media?parent=5346"}],"curies":[{"name":"wp","href":"https:\/\/api.w.org\/{rel}","templated":true}]}}