{"id":6841,"date":"2020-05-04T18:13:26","date_gmt":"2020-05-04T18:13:26","guid":{"rendered":"https:\/\/varify.io\/?page_id=6841"},"modified":"2020-05-04T18:13:26","modified_gmt":"2020-05-04T18:13:26","slug":"use-case-anzeigenbezogene-landing-pages","status":"publish","type":"page","link":"https:\/\/varify.io\/tr\/kullanim-oernegi-ekranla-ilgili-acilis-sayfalari\/","title":{"rendered":"Kullan\u0131m \u00f6rne\u011fi: Reklamla ilgili a\u00e7\u0131l\u0131\u015f sayfalar\u0131"},"content":{"rendered":"<div data-elementor-type=\"wp-page\" data-elementor-id=\"6841\" class=\"elementor elementor-6841\" data-elementor-post-type=\"page\">\n\t\t\t\t\t\t<section data-particle_enable=\"false\" data-particle-mobile-disabled=\"false\" class=\"elementor-section elementor-top-section elementor-element elementor-element-37ae6f12 elementor-section-height-min-height elementor-section-boxed elementor-section-height-default elementor-section-items-middle\" data-id=\"37ae6f12\" data-element_type=\"section\" data-e-type=\"section\" data-settings=\"{&quot;background_background&quot;:&quot;classic&quot;}\">\n\t\t\t\t\t\t\t<div class=\"elementor-background-overlay\"><\/div>\n\t\t\t\t\t\t\t<div class=\"elementor-container elementor-column-gap-default\">\n\t\t\t\t\t<div class=\"elementor-column elementor-col-100 elementor-top-column elementor-element elementor-element-72041903\" data-id=\"72041903\" data-element_type=\"column\" data-e-type=\"column\">\n\t\t\t<div class=\"elementor-widget-wrap elementor-element-populated\">\n\t\t\t\t\t\t<div class=\"elementor-element elementor-element-62cb4f5 elementor-widget elementor-widget-heading\" data-id=\"62cb4f5\" data-element_type=\"widget\" data-e-type=\"widget\" data-widget_type=\"heading.default\">\n\t\t\t\t<div class=\"elementor-widget-container\">\n\t\t\t\t\t<h3 class=\"elementor-heading-title elementor-size-default\">Kullan\u0131m Durumlar\u0131n\u0131 \u00c7e\u015fitlendirin<\/h3>\t\t\t\t<\/div>\n\t\t\t\t<\/div>\n\t\t\t\t<div class=\"elementor-element elementor-element-1a972556 elementor-widget elementor-widget-heading\" data-id=\"1a972556\" data-element_type=\"widget\" data-e-type=\"widget\" data-widget_type=\"heading.default\">\n\t\t\t\t<div class=\"elementor-widget-container\">\n\t\t\t\t\t<h1 class=\"elementor-heading-title elementor-size-default\"><b>Aray\u0131n:<\/b> Reklamla ilgili a\u00e7\u0131l\u0131\u015f sayfalar\u0131<\/h1>\t\t\t\t<\/div>\n\t\t\t\t<\/div>\n\t\t\t\t\t<\/div>\n\t\t<\/div>\n\t\t\t\t\t<\/div>\n\t\t<\/section>\n\t\t\t\t<section data-particle_enable=\"false\" data-particle-mobile-disabled=\"false\" class=\"elementor-section elementor-top-section elementor-element elementor-element-6a96808c elementor-section-boxed elementor-section-height-default elementor-section-height-default\" data-id=\"6a96808c\" data-element_type=\"section\" data-e-type=\"section\">\n\t\t\t\t\t\t<div class=\"elementor-container elementor-column-gap-default\">\n\t\t\t\t\t<div class=\"elementor-column elementor-col-100 elementor-top-column elementor-element elementor-element-f3b2981\" data-id=\"f3b2981\" data-element_type=\"column\" data-e-type=\"column\">\n\t\t\t<div class=\"elementor-widget-wrap elementor-element-populated\">\n\t\t\t\t\t\t<div class=\"elementor-element elementor-element-616ac752 elementor-widget elementor-widget-heading\" data-id=\"616ac752\" data-element_type=\"widget\" data-e-type=\"widget\" data-widget_type=\"heading.default\">\n\t\t\t\t<div class=\"elementor-widget-container\">\n\t\t\t\t\t<h3 class=\"elementor-heading-title elementor-size-default\">Her reklam i\u00e7in e\u015fle\u015fen a\u00e7\u0131l\u0131\u015f sayfas\u0131n\u0131 g\u00f6sterin<\/h3>\t\t\t\t<\/div>\n\t\t\t\t<\/div>\n\t\t\t\t<div class=\"elementor-element elementor-element-6aec2b9f elementor-widget elementor-widget-text-editor\" data-id=\"6aec2b9f\" data-element_type=\"widget\" data-e-type=\"widget\" data-widget_type=\"text-editor.default\">\n\t\t\t\t<div class=\"elementor-widget-container\">\n\t\t\t\t\t\t\t\t\t<p class=\"p1\"><span class=\"s1\">Her arama sorgusu farkl\u0131d\u0131r. Bu nedenle, verilen reklam\u0131n arama sorgusuyla m\u00fcmk\u00fcn olan en iyi \u015fekilde e\u015fle\u015fmesi \u00e7ok daha \u00f6nemlidir.<\/span><\/p><p class=\"p1\"><span class=\"s1\">Bu nedenle reklamlar genellikle tonlama, kullan\u0131c\u0131 yakla\u015f\u0131m\u0131 ve de\u011fer \u00f6nermeleri a\u00e7\u0131s\u0131ndan farkl\u0131l\u0131k g\u00f6sterir. Kullan\u0131c\u0131, ifadesine g\u00f6re reklama t\u0131klamaya karar verir.<\/span><\/p><p class=\"p1\"><span class=\"s1\">\u00a0<\/span><\/p><p class=\"p1\">Reklam\u0131n i\u00e7eri\u011finin a\u00e7\u0131l\u0131\u015f sayfas\u0131na yans\u0131t\u0131lmas\u0131yla, reklam kullan\u0131c\u0131 i\u00e7in hemen daha alakal\u0131 hale gelir. Kullan\u0131c\u0131 do\u011fru sayfaya geldi\u011fi hissine kap\u0131l\u0131r.<\/p><p class=\"p1\">Bu, hemen \u00e7\u0131kma oranlar\u0131n\u0131 azalt\u0131r ve d\u00f6n\u00fc\u015f\u00fcmleri art\u0131r\u0131r.<\/p>\t\t\t\t\t\t\t\t<\/div>\n\t\t\t\t<\/div>\n\t\t\t\t\t<\/div>\n\t\t<\/div>\n\t\t\t\t\t<\/div>\n\t\t<\/section>\n\t\t\t\t<section data-particle_enable=\"false\" data-particle-mobile-disabled=\"false\" class=\"elementor-section elementor-top-section elementor-element elementor-element-4f754495 elementor-section-height-min-height elementor-section-items-stretch elementor-section-stretched elementor-section-boxed elementor-section-height-default\" data-id=\"4f754495\" data-element_type=\"section\" data-e-type=\"section\" data-settings=\"{&quot;stretch_section&quot;:&quot;section-stretched&quot;}\">\n\t\t\t\t\t\t<div class=\"elementor-container elementor-column-gap-default\">\n\t\t\t\t\t<div class=\"elementor-column elementor-col-100 elementor-top-column elementor-element elementor-element-4d964c3a\" data-id=\"4d964c3a\" data-element_type=\"column\" data-e-type=\"column\" data-settings=\"{&quot;background_background&quot;:&quot;classic&quot;}\">\n\t\t\t<div class=\"elementor-widget-wrap elementor-element-populated\">\n\t\t\t\t\t\t<div class=\"elementor-element elementor-element-9d98508 elementor-view-default elementor-widget elementor-widget-icon\" data-id=\"9d98508\" data-element_type=\"widget\" data-e-type=\"widget\" data-widget_type=\"icon.default\">\n\t\t\t\t<div class=\"elementor-widget-container\">\n\t\t\t\t\t\t\t<div class=\"elementor-icon-wrapper\">\n\t\t\t<div class=\"elementor-icon\">\n\t\t\t\t\t\t<\/div>\n\t\t<\/div>\n\t\t\t\t\t\t<\/div>\n\t\t\t\t<\/div>\n\t\t\t\t<div class=\"elementor-element elementor-element-3107dc69 elementor-widget elementor-widget-heading\" data-id=\"3107dc69\" data-element_type=\"widget\" data-e-type=\"widget\" data-widget_type=\"heading.default\">\n\t\t\t\t<div class=\"elementor-widget-container\">\n\t\t\t\t\t<h2 class=\"elementor-heading-title elementor-size-default\">Farkl\u0131 kullan\u0131c\u0131 motivasyonlar\u0131<\/h2>\t\t\t\t<\/div>\n\t\t\t\t<\/div>\n\t\t\t\t<div class=\"elementor-element elementor-element-68c6ad4 elementor-widget elementor-widget-heading\" data-id=\"68c6ad4\" data-element_type=\"widget\" data-e-type=\"widget\" data-widget_type=\"heading.default\">\n\t\t\t\t<div class=\"elementor-widget-container\">\n\t\t\t\t\t<h5 class=\"elementor-heading-title elementor-size-default\"><b>Stat\u00fcko: <\/b>H\u0131rkalar \u00fc\u00e7 farkl\u0131 reklamla tan\u0131t\u0131lmaktad\u0131r.<br>Her seferinde farkl\u0131 bir kullan\u0131c\u0131 motivasyonuna odaklan\u0131l\u0131yor<br><br>a) \u015e\u0131k ve modaya uygun<br>b) Uygun \/ en iyi teklif<br>c) Sonbahar i\u00e7in rahat<\/h5>\t\t\t\t<\/div>\n\t\t\t\t<\/div>\n\t\t\t\t<div class=\"elementor-element elementor-element-862fe00 elementor--h-position-center elementor--v-position-middle elementor-arrows-position-inside elementor-pagination-position-inside elementor-widget elementor-widget-slides\" data-id=\"862fe00\" data-element_type=\"widget\" data-e-type=\"widget\" data-settings=\"{&quot;autoplay_speed&quot;:10000,&quot;transition_speed&quot;:2000,&quot;navigation&quot;:&quot;both&quot;,&quot;autoplay&quot;:&quot;yes&quot;,&quot;pause_on_hover&quot;:&quot;yes&quot;,&quot;pause_on_interaction&quot;:&quot;yes&quot;,&quot;infinite&quot;:&quot;yes&quot;,&quot;transition&quot;:&quot;slide&quot;}\" data-widget_type=\"slides.default\">\n\t\t\t\t<div class=\"elementor-widget-container\">\n\t\t\t\t\t\t\t\t\t<div class=\"elementor-swiper\">\n\t\t\t\t\t<div class=\"elementor-slides-wrapper elementor-main-swiper swiper\" role=\"region\" aria-roledescription=\"carousel\" aria-label=\"Kayd\u0131raklar\" dir=\"ltr\" data-animation=\"fadeInUp\">\n\t\t\t\t<div class=\"swiper-wrapper elementor-slides\">\n\t\t\t\t\t\t\t\t\t\t<div class=\"elementor-repeater-item-24afe72 swiper-slide\" role=\"group\" aria-roledescription=\"slide\"><div class=\"swiper-slide-bg\" role=\"img\" aria-label=\"\"><\/div><div class=\"elementor-background-overlay\"><\/div><div class=\"swiper-slide-inner\" ><div class=\"swiper-slide-contents\"><div class=\"elementor-slide-heading\">Varify Olmadan<\/div><\/div><\/div><\/div><div class=\"elementor-repeater-item-095e355 swiper-slide\" role=\"group\" aria-roledescription=\"slide\"><div class=\"swiper-slide-bg\" role=\"img\" aria-label=\"\"><\/div><div class=\"elementor-background-overlay\"><\/div><div class=\"swiper-slide-inner\" ><div class=\"swiper-slide-contents\"><div class=\"elementor-slide-heading\">Varify ile<\/div><\/div><\/div><\/div>\t\t\t\t<\/div>\n\t\t\t\t\t\t\t\t\t\t\t\t\t\t\t<div class=\"elementor-swiper-button elementor-swiper-button-prev\" role=\"button\" tabindex=\"0\" aria-label=\"Diapositiva precedente\">\n\t\t\t\t\t\t\t<i aria-hidden=\"true\" class=\"eicon-chevron-left\"><\/i>\t\t\t\t\t\t<\/div>\n\t\t\t\t\t\t<div class=\"elementor-swiper-button elementor-swiper-button-next\" role=\"button\" tabindex=\"0\" aria-label=\"Prossima diapositiva\">\n\t\t\t\t\t\t\t<i aria-hidden=\"true\" class=\"eicon-chevron-right\"><\/i>\t\t\t\t\t\t<\/div>\n\t\t\t\t\t\t\t\t\t\t\t\t\t\t\t\t<div class=\"swiper-pagination\"><\/div>\n\t\t\t\t\t\t\t\t\t\t\t\t<\/div>\n\t\t\t\t<\/div>\n\t\t\t\t\t\t\t\t<\/div>\n\t\t\t\t<\/div>\n\t\t\t\t<div class=\"elementor-element elementor-element-872dc4b elementor-widget elementor-widget-text-editor\" data-id=\"872dc4b\" data-element_type=\"widget\" data-e-type=\"widget\" data-widget_type=\"text-editor.default\">\n\t\t\t\t<div class=\"elementor-widget-container\">\n\t\t\t\t\t\t\t\t\t<p class=\"p1\"><b>Varify olmadan:<\/b><\/p>\n<p class=\"p1\"><span class=\"s1\">Her \u00fc\u00e7 reklam da ayn\u0131 a\u00e7\u0131l\u0131\u015f sayfas\u0131na y\u00f6nlendiriyor. Kullan\u0131c\u0131, reklamdaki motivasyonu a\u00e7\u0131l\u0131\u015f sayfas\u0131na ta\u015f\u0131nmadan h\u0131rkalar\u0131n bir listesini g\u00f6r\u00fcr.<\/span><\/p>\n<p><\/p>\n<p class=\"p1\"><span class=\"s1\"><br><\/span><\/p><p class=\"p1\"><span class=\"s1\"><br><\/span><\/p><p class=\"p1\"><span class=\"s1\">&nbsp;<\/span><b>Varify ile:<\/b><\/p>\n<p>\u00dc\u00e7 reklam\u0131n her biri \u00f6zel olarak optimize edilmi\u015f bir a\u00e7\u0131l\u0131\u015f sayfas\u0131na y\u00f6nlendirir. Bu, kullan\u0131c\u0131 motivasyonunun uygun bir \u00f6nc\u00fc g\u00f6rsel ve alakal\u0131 bir ba\u015fl\u0131kla sa\u011flanmas\u0131na olanak tan\u0131yarak arama yapan ki\u015finin do\u011fru yerde oldu\u011fu hissine kap\u0131lmas\u0131n\u0131 sa\u011fl\u0131yor.<\/p>\n<p><\/p>\n<p><\/p>\t\t\t\t\t\t\t\t<\/div>\n\t\t\t\t<\/div>\n\t\t\t\t\t<\/div>\n\t\t<\/div>\n\t\t\t\t\t<\/div>\n\t\t<\/section>\n\t\t\t\t<section data-particle_enable=\"false\" data-particle-mobile-disabled=\"false\" class=\"elementor-section elementor-top-section elementor-element elementor-element-338d832 elementor-section-boxed elementor-section-height-default elementor-section-height-default\" data-id=\"338d832\" data-element_type=\"section\" data-e-type=\"section\">\n\t\t\t\t\t\t<div class=\"elementor-container elementor-column-gap-default\">\n\t\t\t\t\t<div class=\"elementor-column elementor-col-100 elementor-top-column elementor-element elementor-element-6c47d9e3\" data-id=\"6c47d9e3\" data-element_type=\"column\" data-e-type=\"column\">\n\t\t\t<div class=\"elementor-widget-wrap elementor-element-populated\">\n\t\t\t\t\t\t<section data-particle_enable=\"false\" data-particle-mobile-disabled=\"false\" class=\"elementor-section elementor-inner-section elementor-element elementor-element-13bc82b4 elementor-section-boxed elementor-section-height-default elementor-section-height-default\" data-id=\"13bc82b4\" data-element_type=\"section\" data-e-type=\"section\">\n\t\t\t\t\t\t<div class=\"elementor-container elementor-column-gap-default\">\n\t\t\t\t\t<div class=\"elementor-column elementor-col-100 elementor-inner-column elementor-element elementor-element-63e11d1b\" data-id=\"63e11d1b\" data-element_type=\"column\" data-e-type=\"column\">\n\t\t\t<div class=\"elementor-widget-wrap elementor-element-populated\">\n\t\t\t\t\t\t<div class=\"elementor-element elementor-element-3ecdcb03 elementor-widget elementor-widget-heading\" data-id=\"3ecdcb03\" data-element_type=\"widget\" data-e-type=\"widget\" data-widget_type=\"heading.default\">\n\t\t\t\t<div class=\"elementor-widget-container\">\n\t\t\t\t\t<h3 class=\"elementor-heading-title elementor-size-default\">a\u00e7\u0131l\u0131\u015f konu\u015fmac\u0131s\u0131<\/h3>\t\t\t\t<\/div>\n\t\t\t\t<\/div>\n\t\t\t\t<div class=\"elementor-element elementor-element-253f1611 elementor-widget elementor-widget-heading\" data-id=\"253f1611\" data-element_type=\"widget\" data-e-type=\"widget\" data-widget_type=\"heading.default\">\n\t\t\t\t<div class=\"elementor-widget-container\">\n\t\t\t\t\t<h2 class=\"elementor-heading-title elementor-size-default\">Hakk\u0131nda yapt\u0131\u011f\u0131m son konu\u015fmay\u0131 izleyin <b>di\u0307ji\u0307tal \u00e7a\u011fda pazarlama<\/b><\/h2>\t\t\t\t<\/div>\n\t\t\t\t<\/div>\n\t\t\t\t\t<\/div>\n\t\t<\/div>\n\t\t\t\t\t<\/div>\n\t\t<\/section>\n\t\t\t\t\t<\/div>\n\t\t<\/div>\n\t\t\t\t\t<\/div>\n\t\t<\/section>\n\t\t\t\t<\/div>","protected":false},"excerpt":{"rendered":"<p>Varify Use Cases Suche: Anzeigenbezogene Landing Pages Zeige zu jeder Anzeige die passende Landing page Jede Suchanfrage ist anders. Deshalb ist es auch umso wichtiger, dass die entsprechend geschaltete Anzeige die Suchanfrage bestm\u00f6glich aufgreift. Anzeigen unterscheiden sich deshalb h\u00e4ufig in ihrer Tonalit\u00e4t, Nutzeransprachen und den Werteversprechen. Der Nutzer entscheidet sich aufgrund der Formulierung der Anzeige [&hellip;]<\/p>\n","protected":false},"author":2,"featured_media":0,"parent":0,"menu_order":0,"comment_status":"closed","ping_status":"closed","template":"","meta":{"inline_featured_image":false,"footnotes":""},"class_list":["post-6841","page","type-page","status-publish","hentry"],"_links":{"self":[{"href":"https:\/\/varify.io\/tr\/wp-json\/wp\/v2\/pages\/6841","targetHints":{"allow":["GET"]}}],"collection":[{"href":"https:\/\/varify.io\/tr\/wp-json\/wp\/v2\/pages"}],"about":[{"href":"https:\/\/varify.io\/tr\/wp-json\/wp\/v2\/types\/page"}],"author":[{"embeddable":true,"href":"https:\/\/varify.io\/tr\/wp-json\/wp\/v2\/users\/2"}],"replies":[{"embeddable":true,"href":"https:\/\/varify.io\/tr\/wp-json\/wp\/v2\/comments?post=6841"}],"version-history":[{"count":0,"href":"https:\/\/varify.io\/tr\/wp-json\/wp\/v2\/pages\/6841\/revisions"}],"wp:attachment":[{"href":"https:\/\/varify.io\/tr\/wp-json\/wp\/v2\/media?parent=6841"}],"curies":[{"name":"wp","href":"https:\/\/api.w.org\/{rel}","templated":true}]}}